{"id":9989,"date":"2026-02-20T00:10:46","date_gmt":"2026-02-19T23:10:46","guid":{"rendered":"https:\/\/aticanails.pl\/?post_type=product&#038;p=9989"},"modified":"2026-02-20T00:13:49","modified_gmt":"2026-02-19T23:13:49","slug":"atica-base-gel-03-sheer-tan-15-ml","status":"publish","type":"product","link":"https:\/\/aticanails.pl\/en\/product\/atica-base-gel-03-sheer-tan-15-ml\/","title":{"rendered":"ATICA BASE GEL 03 Sheer Tan 15 ml"},"content":{"rendered":"<p><strong>ATICA Cover Base Gel 03 Sheer Tan (15 ml)<\/strong>\u00a0\u2014 kamufluj\u0105ca baza z efektem \u201etransparentnego tonu\u201d: delikatny beige-tan nude z subtelnymi drobinkami odbijaj\u0105cymi \u015bwiat\u0142o. Nie kryje paznokcia w spos\u00f3b ci\u0119\u017cki, lecz optycznie go wyr\u00f3wnuje i nadaje mu bardziej luksusowy wygl\u0105d.<\/p>\n<p><strong>Sheer Tan nr 03<\/strong>\u00a0to idealny wyb\u00f3r dla klientek ceni\u0105cych naturalno\u015b\u0107, ale oczekuj\u0105cych lekkiego po\u0142ysku i mi\u0119kkiego roz\u015bwietlenia bez dodatkowych zdobie\u0144. Formu\u0142a klasy premium bez TPO nie powoduje pieczenia w lampie, a komfortowa konsystencja u\u0142atwia prac\u0119 \u2014 baza samopoziomuje si\u0119 i nie rozlewa, dzi\u0119ki czemu wyr\u00f3wnanie jest szybkie i precyzyjne.<\/p>\n<p>\u2022 Efekt sheer-nude \u2014 naturalny odcie\u0144 z mi\u0119kk\u0105 g\u0142\u0119bi\u0105.<br \/>\n\u2022 Komfort pracy \u2014 nie rozlewa si\u0119, samopoziomuje.<br \/>\n\u2022 Styl bez zdobie\u0144 \u2014 nude, kt\u00f3ry wygl\u0105da jak gotowa stylizacja.<\/p>\n","protected":false},"excerpt":{"rendered":"<p><strong>ATICA Cover Base Gel 03 Sheer Tan (15 ml)<\/strong>\u00a0\u2014 kamufluj\u0105ca baza z efektem \u201etransparentnego tonu\u201d: delikatny beige-tan nude z subtelnymi drobinkami odbijaj\u0105cymi \u015bwiat\u0142o. Nie kryje paznokcia w spos\u00f3b ci\u0119\u017cki, lecz optycznie go wyr\u00f3wnuje i nadaje mu bardziej luksusowy wygl\u0105d.<\/p>\n","protected":false},"featured_media":9991,"comment_status":"open","ping_status":"closed","template":"","meta":[],"product_brand":[],"product_cat":[74,75],"product_tag":[],"class_list":{"0":"post-9989","1":"product","2":"type-product","3":"status-publish","4":"has-post-thumbnail","6":"product_cat-base-coat","7":"product_cat-base-coat-base-coat","9":"first","10":"instock","11":"taxable","12":"shipping-taxable","13":"purchasable","14":"product-type-simple"},"yoast_head":"<!-- This site is optimized with the Yoast SEO plugin v26.0 - https:\/\/yoast.com\/wordpress\/plugins\/seo\/ -->\n<title>Kupi\u0107 ATICA BASE GEL 03 Sheer Tan 15 ml i wyceni\u0107 niedrogo na Base &amp; Top Coat, Base coat<\/title>\n<meta name=\"description\" content=\"Nasze produkty to nie tylko towary, to dzie\u0142a sztuki, kt\u00f3re inspiruj\u0105 i pozwalaj\u0105 ka\u017cdemu styli\u015bcie paznokci wyrazi\u0107 swoj\u0105 indywidualno\u015b\u0107 poprzez niesamowite projekty.\" \/>\n<meta name=\"robots\" content=\"index, follow, max-snippet:-1, max-image-preview:large, max-video-preview:-1\" \/>\n<link rel=\"canonical\" href=\"https:\/\/aticanails.pl\/en\/product\/atica-base-gel-03-sheer-tan-15-ml\/\" \/>\n<meta property=\"og:locale\" content=\"en_US\" \/>\n<meta property=\"og:type\" content=\"article\" \/>\n<meta property=\"og:title\" content=\"Kupi\u0107 ATICA BASE GEL 03 Sheer Tan 15 ml i wyceni\u0107 niedrogo na Base &amp; Top Coat, Base coat\" \/>\n<meta property=\"og:description\" content=\"Nasze produkty to nie tylko towary, to dzie\u0142a sztuki, kt\u00f3re inspiruj\u0105 i pozwalaj\u0105 ka\u017cdemu styli\u015bcie paznokci wyrazi\u0107 swoj\u0105 indywidualno\u015b\u0107 poprzez niesamowite projekty.\" \/>\n<meta property=\"og:url\" content=\"https:\/\/aticanails.pl\/en\/product\/atica-base-gel-03-sheer-tan-15-ml\/\" \/>\n<meta property=\"og:site_name\" content=\"Atica Nail Care Products\" \/>\n<meta property=\"article:modified_time\" content=\"2026-02-19T23:13:49+00:00\" \/>\n<meta property=\"og:image\" content=\"https:\/\/aticanails.pl\/wp-content\/uploads\/2026\/02\/IMG_4410.JPG.jpg\" \/>\n\t<meta property=\"og:image:width\" content=\"886\" \/>\n\t<meta property=\"og:image:height\" content=\"886\" \/>\n\t<meta property=\"og:image:type\" content=\"image\/jpeg\" \/>\n<meta name=\"twitter:card\" content=\"summary_large_image\" \/>\n<meta name=\"twitter:label1\" content=\"Est. reading time\" \/>\n\t<meta name=\"twitter:data1\" content=\"1 minute\" \/>\n<script type=\"application\/ld+json\" class=\"yoast-schema-graph\">{\"@context\":\"https:\/\/schema.org\",\"@graph\":[{\"@type\":\"WebPage\",\"@id\":\"https:\/\/aticanails.pl\/en\/product\/atica-base-gel-03-sheer-tan-15-ml\/\",\"url\":\"https:\/\/aticanails.pl\/en\/product\/atica-base-gel-03-sheer-tan-15-ml\/\",\"name\":\"Kupi\u0107 ATICA BASE GEL 03 Sheer Tan 15 ml i wyceni\u0107 niedrogo na Base &amp; Top Coat, Base coat\",\"isPartOf\":{\"@id\":\"https:\/\/aticanails.pl\/en\/#website\"},\"primaryImageOfPage\":{\"@id\":\"https:\/\/aticanails.pl\/en\/product\/atica-base-gel-03-sheer-tan-15-ml\/#primaryimage\"},\"image\":{\"@id\":\"https:\/\/aticanails.pl\/en\/product\/atica-base-gel-03-sheer-tan-15-ml\/#primaryimage\"},\"thumbnailUrl\":\"https:\/\/aticanails.pl\/wp-content\/uploads\/2026\/02\/IMG_4410.JPG.jpg\",\"datePublished\":\"2026-02-19T23:10:46+00:00\",\"dateModified\":\"2026-02-19T23:13:49+00:00\",\"description\":\"Nasze produkty to nie tylko towary, to dzie\u0142a sztuki, kt\u00f3re inspiruj\u0105 i pozwalaj\u0105 ka\u017cdemu styli\u015bcie paznokci wyrazi\u0107 swoj\u0105 indywidualno\u015b\u0107 poprzez niesamowite projekty.\",\"breadcrumb\":{\"@id\":\"https:\/\/aticanails.pl\/en\/product\/atica-base-gel-03-sheer-tan-15-ml\/#breadcrumb\"},\"inLanguage\":\"en-US\",\"potentialAction\":[{\"@type\":\"ReadAction\",\"target\":[\"https:\/\/aticanails.pl\/en\/product\/atica-base-gel-03-sheer-tan-15-ml\/\"]}]},{\"@type\":\"ImageObject\",\"inLanguage\":\"en-US\",\"@id\":\"https:\/\/aticanails.pl\/en\/product\/atica-base-gel-03-sheer-tan-15-ml\/#primaryimage\",\"url\":\"https:\/\/aticanails.pl\/wp-content\/uploads\/2026\/02\/IMG_4410.JPG.jpg\",\"contentUrl\":\"https:\/\/aticanails.pl\/wp-content\/uploads\/2026\/02\/IMG_4410.JPG.jpg\",\"width\":886,\"height\":886},{\"@type\":\"BreadcrumbList\",\"@id\":\"https:\/\/aticanails.pl\/en\/product\/atica-base-gel-03-sheer-tan-15-ml\/#breadcrumb\",\"itemListElement\":[{\"@type\":\"ListItem\",\"position\":1,\"name\":\"Home\",\"item\":\"https:\/\/aticanails.pl\/en\/\"},{\"@type\":\"ListItem\",\"position\":2,\"name\":\"Shop\",\"item\":\"https:\/\/aticanails.pl\/en\/shop\/\"},{\"@type\":\"ListItem\",\"position\":3,\"name\":\"ATICA BASE GEL 03 Sheer Tan 15 ml\"}]},{\"@type\":\"WebSite\",\"@id\":\"https:\/\/aticanails.pl\/en\/#website\",\"url\":\"https:\/\/aticanails.pl\/en\/\",\"name\":\"Atica Nail Care Products\",\"description\":\"Large selection of gel nail polishes and products for manicure\",\"publisher\":{\"@id\":\"https:\/\/aticanails.pl\/en\/#organization\"},\"potentialAction\":[{\"@type\":\"SearchAction\",\"target\":{\"@type\":\"EntryPoint\",\"urlTemplate\":\"https:\/\/aticanails.pl\/en\/?s={search_term_string}\"},\"query-input\":{\"@type\":\"PropertyValueSpecification\",\"valueRequired\":true,\"valueName\":\"search_term_string\"}}],\"inLanguage\":\"en-US\"},{\"@type\":\"Organization\",\"@id\":\"https:\/\/aticanails.pl\/en\/#organization\",\"name\":\"Atica Nail Care Products\",\"url\":\"https:\/\/aticanails.pl\/en\/\",\"logo\":{\"@type\":\"ImageObject\",\"inLanguage\":\"en-US\",\"@id\":\"https:\/\/aticanails.pl\/en\/#\/schema\/logo\/image\/\",\"url\":\"https:\/\/aticanails.pl\/wp-content\/uploads\/2023\/12\/logo-black.jpg\",\"contentUrl\":\"https:\/\/aticanails.pl\/wp-content\/uploads\/2023\/12\/logo-black.jpg\",\"width\":1251,\"height\":612,\"caption\":\"Atica Nail Care Products\"},\"image\":{\"@id\":\"https:\/\/aticanails.pl\/en\/#\/schema\/logo\/image\/\"},\"sameAs\":[\"https:\/\/www.instagram.com\/atica.nails_pl\/\"]}]}<\/script>\n<!-- \/ Yoast SEO plugin. -->","yoast_head_json":{"title":"Kupi\u0107 ATICA BASE GEL 03 Sheer Tan 15 ml i wyceni\u0107 niedrogo na Base &amp; Top Coat, Base coat","description":"Nasze produkty to nie tylko towary, to dzie\u0142a sztuki, kt\u00f3re inspiruj\u0105 i pozwalaj\u0105 ka\u017cdemu styli\u015bcie paznokci wyrazi\u0107 swoj\u0105 indywidualno\u015b\u0107 poprzez niesamowite projekty.","robots":{"index":"index","follow":"follow","max-snippet":"max-snippet:-1","max-image-preview":"max-image-preview:large","max-video-preview":"max-video-preview:-1"},"canonical":"https:\/\/aticanails.pl\/en\/product\/atica-base-gel-03-sheer-tan-15-ml\/","og_locale":"en_US","og_type":"article","og_title":"Kupi\u0107 ATICA BASE GEL 03 Sheer Tan 15 ml i wyceni\u0107 niedrogo na Base &amp; Top Coat, Base coat","og_description":"Nasze produkty to nie tylko towary, to dzie\u0142a sztuki, kt\u00f3re inspiruj\u0105 i pozwalaj\u0105 ka\u017cdemu styli\u015bcie paznokci wyrazi\u0107 swoj\u0105 indywidualno\u015b\u0107 poprzez niesamowite projekty.","og_url":"https:\/\/aticanails.pl\/en\/product\/atica-base-gel-03-sheer-tan-15-ml\/","og_site_name":"Atica Nail Care Products","article_modified_time":"2026-02-19T23:13:49+00:00","og_image":[{"width":886,"height":886,"url":"https:\/\/aticanails.pl\/wp-content\/uploads\/2026\/02\/IMG_4410.JPG.jpg","type":"image\/jpeg"}],"twitter_card":"summary_large_image","twitter_misc":{"Est. reading time":"1 minute"},"schema":{"@context":"https:\/\/schema.org","@graph":[{"@type":"WebPage","@id":"https:\/\/aticanails.pl\/en\/product\/atica-base-gel-03-sheer-tan-15-ml\/","url":"https:\/\/aticanails.pl\/en\/product\/atica-base-gel-03-sheer-tan-15-ml\/","name":"Kupi\u0107 ATICA BASE GEL 03 Sheer Tan 15 ml i wyceni\u0107 niedrogo na Base &amp; Top Coat, Base coat","isPartOf":{"@id":"https:\/\/aticanails.pl\/en\/#website"},"primaryImageOfPage":{"@id":"https:\/\/aticanails.pl\/en\/product\/atica-base-gel-03-sheer-tan-15-ml\/#primaryimage"},"image":{"@id":"https:\/\/aticanails.pl\/en\/product\/atica-base-gel-03-sheer-tan-15-ml\/#primaryimage"},"thumbnailUrl":"https:\/\/aticanails.pl\/wp-content\/uploads\/2026\/02\/IMG_4410.JPG.jpg","datePublished":"2026-02-19T23:10:46+00:00","dateModified":"2026-02-19T23:13:49+00:00","description":"Nasze produkty to nie tylko towary, to dzie\u0142a sztuki, kt\u00f3re inspiruj\u0105 i pozwalaj\u0105 ka\u017cdemu styli\u015bcie paznokci wyrazi\u0107 swoj\u0105 indywidualno\u015b\u0107 poprzez niesamowite projekty.","breadcrumb":{"@id":"https:\/\/aticanails.pl\/en\/product\/atica-base-gel-03-sheer-tan-15-ml\/#breadcrumb"},"inLanguage":"en-US","potentialAction":[{"@type":"ReadAction","target":["https:\/\/aticanails.pl\/en\/product\/atica-base-gel-03-sheer-tan-15-ml\/"]}]},{"@type":"ImageObject","inLanguage":"en-US","@id":"https:\/\/aticanails.pl\/en\/product\/atica-base-gel-03-sheer-tan-15-ml\/#primaryimage","url":"https:\/\/aticanails.pl\/wp-content\/uploads\/2026\/02\/IMG_4410.JPG.jpg","contentUrl":"https:\/\/aticanails.pl\/wp-content\/uploads\/2026\/02\/IMG_4410.JPG.jpg","width":886,"height":886},{"@type":"BreadcrumbList","@id":"https:\/\/aticanails.pl\/en\/product\/atica-base-gel-03-sheer-tan-15-ml\/#breadcrumb","itemListElement":[{"@type":"ListItem","position":1,"name":"Home","item":"https:\/\/aticanails.pl\/en\/"},{"@type":"ListItem","position":2,"name":"Shop","item":"https:\/\/aticanails.pl\/en\/shop\/"},{"@type":"ListItem","position":3,"name":"ATICA BASE GEL 03 Sheer Tan 15 ml"}]},{"@type":"WebSite","@id":"https:\/\/aticanails.pl\/en\/#website","url":"https:\/\/aticanails.pl\/en\/","name":"Atica Nail Care Products","description":"Large selection of gel nail polishes and products for manicure","publisher":{"@id":"https:\/\/aticanails.pl\/en\/#organization"},"potentialAction":[{"@type":"SearchAction","target":{"@type":"EntryPoint","urlTemplate":"https:\/\/aticanails.pl\/en\/?s={search_term_string}"},"query-input":{"@type":"PropertyValueSpecification","valueRequired":true,"valueName":"search_term_string"}}],"inLanguage":"en-US"},{"@type":"Organization","@id":"https:\/\/aticanails.pl\/en\/#organization","name":"Atica Nail Care Products","url":"https:\/\/aticanails.pl\/en\/","logo":{"@type":"ImageObject","inLanguage":"en-US","@id":"https:\/\/aticanails.pl\/en\/#\/schema\/logo\/image\/","url":"https:\/\/aticanails.pl\/wp-content\/uploads\/2023\/12\/logo-black.jpg","contentUrl":"https:\/\/aticanails.pl\/wp-content\/uploads\/2023\/12\/logo-black.jpg","width":1251,"height":612,"caption":"Atica Nail Care Products"},"image":{"@id":"https:\/\/aticanails.pl\/en\/#\/schema\/logo\/image\/"},"sameAs":["https:\/\/www.instagram.com\/atica.nails_pl\/"]}]}},"_links":{"self":[{"href":"https:\/\/aticanails.pl\/en\/wp-json\/wp\/v2\/product\/9989","targetHints":{"allow":["GET"]}}],"collection":[{"href":"https:\/\/aticanails.pl\/en\/wp-json\/wp\/v2\/product"}],"about":[{"href":"https:\/\/aticanails.pl\/en\/wp-json\/wp\/v2\/types\/product"}],"replies":[{"embeddable":true,"href":"https:\/\/aticanails.pl\/en\/wp-json\/wp\/v2\/comments?post=9989"}],"version-history":[{"count":1,"href":"https:\/\/aticanails.pl\/en\/wp-json\/wp\/v2\/product\/9989\/revisions"}],"predecessor-version":[{"id":9994,"href":"https:\/\/aticanails.pl\/en\/wp-json\/wp\/v2\/product\/9989\/revisions\/9994"}],"wp:featuredmedia":[{"embeddable":true,"href":"https:\/\/aticanails.pl\/en\/wp-json\/wp\/v2\/media\/9991"}],"wp:attachment":[{"href":"https:\/\/aticanails.pl\/en\/wp-json\/wp\/v2\/media?parent=9989"}],"wp:term":[{"taxonomy":"product_brand","embeddable":true,"href":"https:\/\/aticanails.pl\/en\/wp-json\/wp\/v2\/product_brand?post=9989"},{"taxonomy":"product_cat","embeddable":true,"href":"https:\/\/aticanails.pl\/en\/wp-json\/wp\/v2\/product_cat?post=9989"},{"taxonomy":"product_tag","embeddable":true,"href":"https:\/\/aticanails.pl\/en\/wp-json\/wp\/v2\/product_tag?post=9989"}],"curies":[{"name":"wp","href":"https:\/\/api.w.org\/{rel}","templated":true}]}}