{"id":9974,"date":"2026-02-19T23:47:24","date_gmt":"2026-02-19T22:47:24","guid":{"rendered":"https:\/\/aticanails.pl\/?post_type=product&#038;p=9974"},"modified":"2026-02-19T23:50:45","modified_gmt":"2026-02-19T22:50:45","slug":"atica-base-gel-01-sheer-blossom-15-ml","status":"publish","type":"product","link":"https:\/\/aticanails.pl\/en\/product\/atica-base-gel-01-sheer-blossom-15-ml\/","title":{"rendered":"ATICA BASE GEL 01 Sheer Blossom 15 ml"},"content":{"rendered":"<div class=\"flex max-w-full flex-col grow\">\n<div class=\"min-h-8 text-message relative flex w-full flex-col items-end gap-2 text-start break-words whitespace-normal [.text-message+&amp;]:mt-1\" dir=\"auto\">\n<div class=\"flex w-full flex-col gap-1 empty:hidden first:pt-[1px]\">\n<div class=\"markdown prose dark:prose-invert w-full wrap-break-word light markdown-new-styling\">\n<p><strong>ATICA Cover Base Gel 01 Sheer Blossom (15 ml)<\/strong>\u00a0\u2014 kamufluj\u0105ca baza z efektem \u201eper\u0142owej woalki\u201d: transparentno-mleczny nude z ch\u0142odnym blaskiem, kt\u00f3ry daje lekki efekt glow i sprawia, \u017ce manicure wygl\u0105da \u015bwie\u017co oraz nieskazitelnie czysto.<\/p>\n<p><strong>Sheer Blossom nr 01<\/strong>\u00a0to idealny wyb\u00f3r dla klientek ceni\u0105cych minimalizm, ale oczekuj\u0105cych \u201eluksusowego\u201d efektu w \u015bwietle. Formu\u0142a klasy premium bez TPO nie powoduje pieczenia w lampie, a baza jest komfortowa w pracy \u2014 samopoziomuj\u0105ca i nierozlewaj\u0105ca si\u0119, co pozwala szybko uzyska\u0107 idealnie g\u0142adk\u0105 powierzchni\u0119 nawet w tempie salonowym.<\/p>\n<p>\u2022 Per\u0142owy sheer-nude \u2014 subtelna woalka z delikatnym po\u0142yskiem.<br \/>\n\u2022 Komfort pracy \u2014 samopoziomuje si\u0119, nie rozlewa.<br \/>\n\u2022 Bez zdobie\u0144, a efektownie \u2014 czysty nude z akcentem glow.<\/p>\n<\/div>\n<\/div>\n<\/div>\n<\/div>\n<div class=\"z-0 flex min-h-[46px] justify-start\"><\/div>\n","protected":false},"excerpt":{"rendered":"<p><strong>ATICA Cover Base Gel 01 Sheer Blossom (15 ml)<\/strong>\u00a0\u2014 kamufluj\u0105ca baza z efektem \u201eper\u0142owej woalki\u201d: transparentno-mleczny nude z ch\u0142odnym blaskiem, kt\u00f3ry daje lekki efekt glow i sprawia, \u017ce manicure wygl\u0105da \u015bwie\u017co oraz nieskazitelnie czysto.<\/p>\n","protected":false},"featured_media":9976,"comment_status":"open","ping_status":"closed","template":"","meta":[],"product_brand":[],"product_cat":[74,75],"product_tag":[],"class_list":{"0":"post-9974","1":"product","2":"type-product","3":"status-publish","4":"has-post-thumbnail","6":"product_cat-base-coat","7":"product_cat-base-coat-base-coat","9":"first","10":"instock","11":"taxable","12":"shipping-taxable","13":"purchasable","14":"product-type-simple"},"yoast_head":"<!-- This site is optimized with the Yoast SEO plugin v26.0 - https:\/\/yoast.com\/wordpress\/plugins\/seo\/ -->\n<title>Kupi\u0107 ATICA BASE GEL 01 Sheer Blossom 15 ml i wyceni\u0107 niedrogo na Base &amp; Top Coat, Base coat<\/title>\n<meta name=\"description\" content=\"Nasze produkty to nie tylko towary, to dzie\u0142a sztuki, kt\u00f3re inspiruj\u0105 i pozwalaj\u0105 ka\u017cdemu styli\u015bcie paznokci wyrazi\u0107 swoj\u0105 indywidualno\u015b\u0107 poprzez niesamowite projekty.\" \/>\n<meta name=\"robots\" content=\"index, follow, max-snippet:-1, max-image-preview:large, max-video-preview:-1\" \/>\n<link rel=\"canonical\" href=\"https:\/\/aticanails.pl\/en\/product\/atica-base-gel-01-sheer-blossom-15-ml\/\" \/>\n<meta property=\"og:locale\" content=\"en_US\" \/>\n<meta property=\"og:type\" content=\"article\" \/>\n<meta property=\"og:title\" content=\"Kupi\u0107 ATICA BASE GEL 01 Sheer Blossom 15 ml i wyceni\u0107 niedrogo na Base &amp; Top Coat, Base coat\" \/>\n<meta property=\"og:description\" content=\"Nasze produkty to nie tylko towary, to dzie\u0142a sztuki, kt\u00f3re inspiruj\u0105 i pozwalaj\u0105 ka\u017cdemu styli\u015bcie paznokci wyrazi\u0107 swoj\u0105 indywidualno\u015b\u0107 poprzez niesamowite projekty.\" \/>\n<meta property=\"og:url\" content=\"https:\/\/aticanails.pl\/en\/product\/atica-base-gel-01-sheer-blossom-15-ml\/\" \/>\n<meta property=\"og:site_name\" content=\"Atica Nail Care Products\" \/>\n<meta property=\"article:modified_time\" content=\"2026-02-19T22:50:45+00:00\" \/>\n<meta property=\"og:image\" content=\"https:\/\/aticanails.pl\/wp-content\/uploads\/2026\/02\/IMG_4413.JPG.jpg\" \/>\n\t<meta property=\"og:image:width\" content=\"886\" \/>\n\t<meta property=\"og:image:height\" content=\"886\" \/>\n\t<meta property=\"og:image:type\" content=\"image\/jpeg\" \/>\n<meta name=\"twitter:card\" content=\"summary_large_image\" \/>\n<meta name=\"twitter:label1\" content=\"Est. reading time\" \/>\n\t<meta name=\"twitter:data1\" content=\"1 minute\" \/>\n<script type=\"application\/ld+json\" class=\"yoast-schema-graph\">{\"@context\":\"https:\/\/schema.org\",\"@graph\":[{\"@type\":\"WebPage\",\"@id\":\"https:\/\/aticanails.pl\/en\/product\/atica-base-gel-01-sheer-blossom-15-ml\/\",\"url\":\"https:\/\/aticanails.pl\/en\/product\/atica-base-gel-01-sheer-blossom-15-ml\/\",\"name\":\"Kupi\u0107 ATICA BASE GEL 01 Sheer Blossom 15 ml i wyceni\u0107 niedrogo na Base &amp; Top Coat, Base coat\",\"isPartOf\":{\"@id\":\"https:\/\/aticanails.pl\/en\/#website\"},\"primaryImageOfPage\":{\"@id\":\"https:\/\/aticanails.pl\/en\/product\/atica-base-gel-01-sheer-blossom-15-ml\/#primaryimage\"},\"image\":{\"@id\":\"https:\/\/aticanails.pl\/en\/product\/atica-base-gel-01-sheer-blossom-15-ml\/#primaryimage\"},\"thumbnailUrl\":\"https:\/\/aticanails.pl\/wp-content\/uploads\/2026\/02\/IMG_4413.JPG.jpg\",\"datePublished\":\"2026-02-19T22:47:24+00:00\",\"dateModified\":\"2026-02-19T22:50:45+00:00\",\"description\":\"Nasze produkty to nie tylko towary, to dzie\u0142a sztuki, kt\u00f3re inspiruj\u0105 i pozwalaj\u0105 ka\u017cdemu styli\u015bcie paznokci wyrazi\u0107 swoj\u0105 indywidualno\u015b\u0107 poprzez niesamowite projekty.\",\"breadcrumb\":{\"@id\":\"https:\/\/aticanails.pl\/en\/product\/atica-base-gel-01-sheer-blossom-15-ml\/#breadcrumb\"},\"inLanguage\":\"en-US\",\"potentialAction\":[{\"@type\":\"ReadAction\",\"target\":[\"https:\/\/aticanails.pl\/en\/product\/atica-base-gel-01-sheer-blossom-15-ml\/\"]}]},{\"@type\":\"ImageObject\",\"inLanguage\":\"en-US\",\"@id\":\"https:\/\/aticanails.pl\/en\/product\/atica-base-gel-01-sheer-blossom-15-ml\/#primaryimage\",\"url\":\"https:\/\/aticanails.pl\/wp-content\/uploads\/2026\/02\/IMG_4413.JPG.jpg\",\"contentUrl\":\"https:\/\/aticanails.pl\/wp-content\/uploads\/2026\/02\/IMG_4413.JPG.jpg\",\"width\":886,\"height\":886},{\"@type\":\"BreadcrumbList\",\"@id\":\"https:\/\/aticanails.pl\/en\/product\/atica-base-gel-01-sheer-blossom-15-ml\/#breadcrumb\",\"itemListElement\":[{\"@type\":\"ListItem\",\"position\":1,\"name\":\"Home\",\"item\":\"https:\/\/aticanails.pl\/en\/\"},{\"@type\":\"ListItem\",\"position\":2,\"name\":\"Shop\",\"item\":\"https:\/\/aticanails.pl\/en\/shop\/\"},{\"@type\":\"ListItem\",\"position\":3,\"name\":\"ATICA BASE GEL 01 Sheer Blossom 15 ml\"}]},{\"@type\":\"WebSite\",\"@id\":\"https:\/\/aticanails.pl\/en\/#website\",\"url\":\"https:\/\/aticanails.pl\/en\/\",\"name\":\"Atica Nail Care Products\",\"description\":\"Large selection of gel nail polishes and products for manicure\",\"publisher\":{\"@id\":\"https:\/\/aticanails.pl\/en\/#organization\"},\"potentialAction\":[{\"@type\":\"SearchAction\",\"target\":{\"@type\":\"EntryPoint\",\"urlTemplate\":\"https:\/\/aticanails.pl\/en\/?s={search_term_string}\"},\"query-input\":{\"@type\":\"PropertyValueSpecification\",\"valueRequired\":true,\"valueName\":\"search_term_string\"}}],\"inLanguage\":\"en-US\"},{\"@type\":\"Organization\",\"@id\":\"https:\/\/aticanails.pl\/en\/#organization\",\"name\":\"Atica Nail Care Products\",\"url\":\"https:\/\/aticanails.pl\/en\/\",\"logo\":{\"@type\":\"ImageObject\",\"inLanguage\":\"en-US\",\"@id\":\"https:\/\/aticanails.pl\/en\/#\/schema\/logo\/image\/\",\"url\":\"https:\/\/aticanails.pl\/wp-content\/uploads\/2023\/12\/logo-black.jpg\",\"contentUrl\":\"https:\/\/aticanails.pl\/wp-content\/uploads\/2023\/12\/logo-black.jpg\",\"width\":1251,\"height\":612,\"caption\":\"Atica Nail Care Products\"},\"image\":{\"@id\":\"https:\/\/aticanails.pl\/en\/#\/schema\/logo\/image\/\"},\"sameAs\":[\"https:\/\/www.instagram.com\/atica.nails_pl\/\"]}]}<\/script>\n<!-- \/ Yoast SEO plugin. -->","yoast_head_json":{"title":"Kupi\u0107 ATICA BASE GEL 01 Sheer Blossom 15 ml i wyceni\u0107 niedrogo na Base &amp; Top Coat, Base coat","description":"Nasze produkty to nie tylko towary, to dzie\u0142a sztuki, kt\u00f3re inspiruj\u0105 i pozwalaj\u0105 ka\u017cdemu styli\u015bcie paznokci wyrazi\u0107 swoj\u0105 indywidualno\u015b\u0107 poprzez niesamowite projekty.","robots":{"index":"index","follow":"follow","max-snippet":"max-snippet:-1","max-image-preview":"max-image-preview:large","max-video-preview":"max-video-preview:-1"},"canonical":"https:\/\/aticanails.pl\/en\/product\/atica-base-gel-01-sheer-blossom-15-ml\/","og_locale":"en_US","og_type":"article","og_title":"Kupi\u0107 ATICA BASE GEL 01 Sheer Blossom 15 ml i wyceni\u0107 niedrogo na Base &amp; Top Coat, Base coat","og_description":"Nasze produkty to nie tylko towary, to dzie\u0142a sztuki, kt\u00f3re inspiruj\u0105 i pozwalaj\u0105 ka\u017cdemu styli\u015bcie paznokci wyrazi\u0107 swoj\u0105 indywidualno\u015b\u0107 poprzez niesamowite projekty.","og_url":"https:\/\/aticanails.pl\/en\/product\/atica-base-gel-01-sheer-blossom-15-ml\/","og_site_name":"Atica Nail Care Products","article_modified_time":"2026-02-19T22:50:45+00:00","og_image":[{"width":886,"height":886,"url":"https:\/\/aticanails.pl\/wp-content\/uploads\/2026\/02\/IMG_4413.JPG.jpg","type":"image\/jpeg"}],"twitter_card":"summary_large_image","twitter_misc":{"Est. reading time":"1 minute"},"schema":{"@context":"https:\/\/schema.org","@graph":[{"@type":"WebPage","@id":"https:\/\/aticanails.pl\/en\/product\/atica-base-gel-01-sheer-blossom-15-ml\/","url":"https:\/\/aticanails.pl\/en\/product\/atica-base-gel-01-sheer-blossom-15-ml\/","name":"Kupi\u0107 ATICA BASE GEL 01 Sheer Blossom 15 ml i wyceni\u0107 niedrogo na Base &amp; Top Coat, Base coat","isPartOf":{"@id":"https:\/\/aticanails.pl\/en\/#website"},"primaryImageOfPage":{"@id":"https:\/\/aticanails.pl\/en\/product\/atica-base-gel-01-sheer-blossom-15-ml\/#primaryimage"},"image":{"@id":"https:\/\/aticanails.pl\/en\/product\/atica-base-gel-01-sheer-blossom-15-ml\/#primaryimage"},"thumbnailUrl":"https:\/\/aticanails.pl\/wp-content\/uploads\/2026\/02\/IMG_4413.JPG.jpg","datePublished":"2026-02-19T22:47:24+00:00","dateModified":"2026-02-19T22:50:45+00:00","description":"Nasze produkty to nie tylko towary, to dzie\u0142a sztuki, kt\u00f3re inspiruj\u0105 i pozwalaj\u0105 ka\u017cdemu styli\u015bcie paznokci wyrazi\u0107 swoj\u0105 indywidualno\u015b\u0107 poprzez niesamowite projekty.","breadcrumb":{"@id":"https:\/\/aticanails.pl\/en\/product\/atica-base-gel-01-sheer-blossom-15-ml\/#breadcrumb"},"inLanguage":"en-US","potentialAction":[{"@type":"ReadAction","target":["https:\/\/aticanails.pl\/en\/product\/atica-base-gel-01-sheer-blossom-15-ml\/"]}]},{"@type":"ImageObject","inLanguage":"en-US","@id":"https:\/\/aticanails.pl\/en\/product\/atica-base-gel-01-sheer-blossom-15-ml\/#primaryimage","url":"https:\/\/aticanails.pl\/wp-content\/uploads\/2026\/02\/IMG_4413.JPG.jpg","contentUrl":"https:\/\/aticanails.pl\/wp-content\/uploads\/2026\/02\/IMG_4413.JPG.jpg","width":886,"height":886},{"@type":"BreadcrumbList","@id":"https:\/\/aticanails.pl\/en\/product\/atica-base-gel-01-sheer-blossom-15-ml\/#breadcrumb","itemListElement":[{"@type":"ListItem","position":1,"name":"Home","item":"https:\/\/aticanails.pl\/en\/"},{"@type":"ListItem","position":2,"name":"Shop","item":"https:\/\/aticanails.pl\/en\/shop\/"},{"@type":"ListItem","position":3,"name":"ATICA BASE GEL 01 Sheer Blossom 15 ml"}]},{"@type":"WebSite","@id":"https:\/\/aticanails.pl\/en\/#website","url":"https:\/\/aticanails.pl\/en\/","name":"Atica Nail Care Products","description":"Large selection of gel nail polishes and products for manicure","publisher":{"@id":"https:\/\/aticanails.pl\/en\/#organization"},"potentialAction":[{"@type":"SearchAction","target":{"@type":"EntryPoint","urlTemplate":"https:\/\/aticanails.pl\/en\/?s={search_term_string}"},"query-input":{"@type":"PropertyValueSpecification","valueRequired":true,"valueName":"search_term_string"}}],"inLanguage":"en-US"},{"@type":"Organization","@id":"https:\/\/aticanails.pl\/en\/#organization","name":"Atica Nail Care Products","url":"https:\/\/aticanails.pl\/en\/","logo":{"@type":"ImageObject","inLanguage":"en-US","@id":"https:\/\/aticanails.pl\/en\/#\/schema\/logo\/image\/","url":"https:\/\/aticanails.pl\/wp-content\/uploads\/2023\/12\/logo-black.jpg","contentUrl":"https:\/\/aticanails.pl\/wp-content\/uploads\/2023\/12\/logo-black.jpg","width":1251,"height":612,"caption":"Atica Nail Care Products"},"image":{"@id":"https:\/\/aticanails.pl\/en\/#\/schema\/logo\/image\/"},"sameAs":["https:\/\/www.instagram.com\/atica.nails_pl\/"]}]}},"_links":{"self":[{"href":"https:\/\/aticanails.pl\/en\/wp-json\/wp\/v2\/product\/9974","targetHints":{"allow":["GET"]}}],"collection":[{"href":"https:\/\/aticanails.pl\/en\/wp-json\/wp\/v2\/product"}],"about":[{"href":"https:\/\/aticanails.pl\/en\/wp-json\/wp\/v2\/types\/product"}],"replies":[{"embeddable":true,"href":"https:\/\/aticanails.pl\/en\/wp-json\/wp\/v2\/comments?post=9974"}],"version-history":[{"count":2,"href":"https:\/\/aticanails.pl\/en\/wp-json\/wp\/v2\/product\/9974\/revisions"}],"predecessor-version":[{"id":9980,"href":"https:\/\/aticanails.pl\/en\/wp-json\/wp\/v2\/product\/9974\/revisions\/9980"}],"wp:featuredmedia":[{"embeddable":true,"href":"https:\/\/aticanails.pl\/en\/wp-json\/wp\/v2\/media\/9976"}],"wp:attachment":[{"href":"https:\/\/aticanails.pl\/en\/wp-json\/wp\/v2\/media?parent=9974"}],"wp:term":[{"taxonomy":"product_brand","embeddable":true,"href":"https:\/\/aticanails.pl\/en\/wp-json\/wp\/v2\/product_brand?post=9974"},{"taxonomy":"product_cat","embeddable":true,"href":"https:\/\/aticanails.pl\/en\/wp-json\/wp\/v2\/product_cat?post=9974"},{"taxonomy":"product_tag","embeddable":true,"href":"https:\/\/aticanails.pl\/en\/wp-json\/wp\/v2\/product_tag?post=9974"}],"curies":[{"name":"wp","href":"https:\/\/api.w.org\/{rel}","templated":true}]}}