{"id":9796,"date":"2026-01-12T10:58:20","date_gmt":"2026-01-12T09:58:20","guid":{"rendered":"https:\/\/aticanails.pl\/?post_type=product&#038;p=9796"},"modified":"2026-01-12T11:06:40","modified_gmt":"2026-01-12T10:06:40","slug":"01-top-non-cleansing-30-ml","status":"publish","type":"product","link":"https:\/\/aticanails.pl\/en\/product\/01-top-non-cleansing-30-ml\/","title":{"rendered":"01 Top Non Cleansing &#8211; 30 ml"},"content":{"rendered":"<p>Every nail technician has a task to make the perfect manicure and coating. The glare should be beautiful, the gloss should be mirror-like, and everything should be worn for at least 3 weeks without chips and yellowing.<\/p>\n<p>Therefore, professionals choose a top without a sticky layer from Atica.<\/p>\n<p>It is easy to work with, elastic, protects against scratches, has an optimal consistency, self-leveling, protects the color of the gel polish, and does not allow the pigment to fade in the sun or turn yellow.<\/p>\n<p>You can realize any fantasy without worrying about the tips of your nails. Work with Atica top without a sticky layer and have fun!<\/p>\n<p>No sticky layer.<\/p>\n<p>Available in two volumes: in a 15 ml jar with a brush and in a 30 ml jar without a brush.<\/p>\n<p>The topcoat is polymerized both in the LED lamp for 30 seconds and in the UV lamp for 120 seconds.<\/p>\n","protected":false},"excerpt":{"rendered":"<p>It is easy to work with, flexible, protects against scratches, has an optimal consistency, self-leveling, protects the color of gel polish, and does not allow the pigment to fade in the sun or turn yellow.<\/p>\n<p>Available in two volumes: in a 15 ml jar with a brush and in a 30 ml jar without a brush.<\/p>\n<p>The topcoat is polymerized both in the LED lamp for 30 seconds and in the UV lamp for 120 seconds.<\/p>\n","protected":false},"featured_media":9800,"comment_status":"open","ping_status":"closed","template":"","meta":[],"product_brand":[],"product_cat":[97],"product_tag":[],"class_list":{"0":"post-9796","1":"product","2":"type-product","3":"status-publish","4":"has-post-thumbnail","6":"product_cat-top-coat","8":"first","9":"instock","10":"taxable","11":"shipping-taxable","12":"purchasable","13":"product-type-variable"},"yoast_head":"<!-- This site is optimized with the Yoast SEO plugin v26.0 - https:\/\/yoast.com\/wordpress\/plugins\/seo\/ -->\n<title>Kupi\u0107 01 Top Non Cleansing - 30 ml i wyceni\u0107 niedrogo na Top Coat<\/title>\n<meta name=\"description\" content=\"Nasze produkty to nie tylko towary, to dzie\u0142a sztuki, kt\u00f3re inspiruj\u0105 i pozwalaj\u0105 ka\u017cdemu styli\u015bcie paznokci wyrazi\u0107 swoj\u0105 indywidualno\u015b\u0107 poprzez niesamowite projekty.\" \/>\n<meta name=\"robots\" content=\"index, follow, max-snippet:-1, max-image-preview:large, max-video-preview:-1\" \/>\n<link rel=\"canonical\" href=\"https:\/\/aticanails.pl\/en\/product\/01-top-non-cleansing-30-ml\/\" \/>\n<meta property=\"og:locale\" content=\"en_US\" \/>\n<meta property=\"og:type\" content=\"article\" \/>\n<meta property=\"og:title\" content=\"Kupi\u0107 01 Top Non Cleansing - 30 ml i wyceni\u0107 niedrogo na Top Coat\" \/>\n<meta property=\"og:description\" content=\"Nasze produkty to nie tylko towary, to dzie\u0142a sztuki, kt\u00f3re inspiruj\u0105 i pozwalaj\u0105 ka\u017cdemu styli\u015bcie paznokci wyrazi\u0107 swoj\u0105 indywidualno\u015b\u0107 poprzez niesamowite projekty.\" \/>\n<meta property=\"og:url\" content=\"https:\/\/aticanails.pl\/en\/product\/01-top-non-cleansing-30-ml\/\" \/>\n<meta property=\"og:site_name\" content=\"Atica Nail Care Products\" \/>\n<meta property=\"article:modified_time\" content=\"2026-01-12T10:06:40+00:00\" \/>\n<meta property=\"og:image\" content=\"http:\/\/aticanails.pl\/wp-content\/uploads\/2026\/01\/file_1_10.jpg\" \/>\n\t<meta property=\"og:image:width\" content=\"600\" \/>\n\t<meta property=\"og:image:height\" content=\"600\" \/>\n\t<meta property=\"og:image:type\" content=\"image\/jpeg\" \/>\n<meta name=\"twitter:card\" content=\"summary_large_image\" \/>\n<meta name=\"twitter:label1\" content=\"Est. reading time\" \/>\n\t<meta name=\"twitter:data1\" content=\"1 minute\" \/>\n<script type=\"application\/ld+json\" class=\"yoast-schema-graph\">{\"@context\":\"https:\/\/schema.org\",\"@graph\":[{\"@type\":\"WebPage\",\"@id\":\"https:\/\/aticanails.pl\/en\/product\/01-top-non-cleansing-30-ml\/\",\"url\":\"https:\/\/aticanails.pl\/en\/product\/01-top-non-cleansing-30-ml\/\",\"name\":\"Kupi\u0107 01 Top Non Cleansing - 30 ml i wyceni\u0107 niedrogo na Top Coat\",\"isPartOf\":{\"@id\":\"https:\/\/aticanails.pl\/en\/#website\"},\"primaryImageOfPage\":{\"@id\":\"https:\/\/aticanails.pl\/en\/product\/01-top-non-cleansing-30-ml\/#primaryimage\"},\"image\":{\"@id\":\"https:\/\/aticanails.pl\/en\/product\/01-top-non-cleansing-30-ml\/#primaryimage\"},\"thumbnailUrl\":\"https:\/\/aticanails.pl\/wp-content\/uploads\/2026\/01\/file_1_10.jpg\",\"datePublished\":\"2026-01-12T09:58:20+00:00\",\"dateModified\":\"2026-01-12T10:06:40+00:00\",\"description\":\"Nasze produkty to nie tylko towary, to dzie\u0142a sztuki, kt\u00f3re inspiruj\u0105 i pozwalaj\u0105 ka\u017cdemu styli\u015bcie paznokci wyrazi\u0107 swoj\u0105 indywidualno\u015b\u0107 poprzez niesamowite projekty.\",\"breadcrumb\":{\"@id\":\"https:\/\/aticanails.pl\/en\/product\/01-top-non-cleansing-30-ml\/#breadcrumb\"},\"inLanguage\":\"en-US\",\"potentialAction\":[{\"@type\":\"ReadAction\",\"target\":[\"https:\/\/aticanails.pl\/en\/product\/01-top-non-cleansing-30-ml\/\"]}]},{\"@type\":\"ImageObject\",\"inLanguage\":\"en-US\",\"@id\":\"https:\/\/aticanails.pl\/en\/product\/01-top-non-cleansing-30-ml\/#primaryimage\",\"url\":\"https:\/\/aticanails.pl\/wp-content\/uploads\/2026\/01\/file_1_10.jpg\",\"contentUrl\":\"https:\/\/aticanails.pl\/wp-content\/uploads\/2026\/01\/file_1_10.jpg\",\"width\":600,\"height\":600},{\"@type\":\"BreadcrumbList\",\"@id\":\"https:\/\/aticanails.pl\/en\/product\/01-top-non-cleansing-30-ml\/#breadcrumb\",\"itemListElement\":[{\"@type\":\"ListItem\",\"position\":1,\"name\":\"Home\",\"item\":\"https:\/\/aticanails.pl\/en\/\"},{\"@type\":\"ListItem\",\"position\":2,\"name\":\"Shop\",\"item\":\"https:\/\/aticanails.pl\/en\/shop\/\"},{\"@type\":\"ListItem\",\"position\":3,\"name\":\"01 Top Non Cleansing &#8211; 30 ml\"}]},{\"@type\":\"WebSite\",\"@id\":\"https:\/\/aticanails.pl\/en\/#website\",\"url\":\"https:\/\/aticanails.pl\/en\/\",\"name\":\"Atica Nail Care Products\",\"description\":\"Large selection of gel nail polishes and products for manicure\",\"publisher\":{\"@id\":\"https:\/\/aticanails.pl\/en\/#organization\"},\"potentialAction\":[{\"@type\":\"SearchAction\",\"target\":{\"@type\":\"EntryPoint\",\"urlTemplate\":\"https:\/\/aticanails.pl\/en\/?s={search_term_string}\"},\"query-input\":{\"@type\":\"PropertyValueSpecification\",\"valueRequired\":true,\"valueName\":\"search_term_string\"}}],\"inLanguage\":\"en-US\"},{\"@type\":\"Organization\",\"@id\":\"https:\/\/aticanails.pl\/en\/#organization\",\"name\":\"Atica Nail Care Products\",\"url\":\"https:\/\/aticanails.pl\/en\/\",\"logo\":{\"@type\":\"ImageObject\",\"inLanguage\":\"en-US\",\"@id\":\"https:\/\/aticanails.pl\/en\/#\/schema\/logo\/image\/\",\"url\":\"https:\/\/aticanails.pl\/wp-content\/uploads\/2023\/12\/logo-black.jpg\",\"contentUrl\":\"https:\/\/aticanails.pl\/wp-content\/uploads\/2023\/12\/logo-black.jpg\",\"width\":1251,\"height\":612,\"caption\":\"Atica Nail Care Products\"},\"image\":{\"@id\":\"https:\/\/aticanails.pl\/en\/#\/schema\/logo\/image\/\"},\"sameAs\":[\"https:\/\/www.instagram.com\/atica.nails_pl\/\"]}]}<\/script>\n<!-- \/ Yoast SEO plugin. -->","yoast_head_json":{"title":"Kupi\u0107 01 Top Non Cleansing - 30 ml i wyceni\u0107 niedrogo na Top Coat","description":"Nasze produkty to nie tylko towary, to dzie\u0142a sztuki, kt\u00f3re inspiruj\u0105 i pozwalaj\u0105 ka\u017cdemu styli\u015bcie paznokci wyrazi\u0107 swoj\u0105 indywidualno\u015b\u0107 poprzez niesamowite projekty.","robots":{"index":"index","follow":"follow","max-snippet":"max-snippet:-1","max-image-preview":"max-image-preview:large","max-video-preview":"max-video-preview:-1"},"canonical":"https:\/\/aticanails.pl\/en\/product\/01-top-non-cleansing-30-ml\/","og_locale":"en_US","og_type":"article","og_title":"Kupi\u0107 01 Top Non Cleansing - 30 ml i wyceni\u0107 niedrogo na Top Coat","og_description":"Nasze produkty to nie tylko towary, to dzie\u0142a sztuki, kt\u00f3re inspiruj\u0105 i pozwalaj\u0105 ka\u017cdemu styli\u015bcie paznokci wyrazi\u0107 swoj\u0105 indywidualno\u015b\u0107 poprzez niesamowite projekty.","og_url":"https:\/\/aticanails.pl\/en\/product\/01-top-non-cleansing-30-ml\/","og_site_name":"Atica Nail Care Products","article_modified_time":"2026-01-12T10:06:40+00:00","og_image":[{"width":600,"height":600,"url":"http:\/\/aticanails.pl\/wp-content\/uploads\/2026\/01\/file_1_10.jpg","type":"image\/jpeg"}],"twitter_card":"summary_large_image","twitter_misc":{"Est. reading time":"1 minute"},"schema":{"@context":"https:\/\/schema.org","@graph":[{"@type":"WebPage","@id":"https:\/\/aticanails.pl\/en\/product\/01-top-non-cleansing-30-ml\/","url":"https:\/\/aticanails.pl\/en\/product\/01-top-non-cleansing-30-ml\/","name":"Kupi\u0107 01 Top Non Cleansing - 30 ml i wyceni\u0107 niedrogo na Top Coat","isPartOf":{"@id":"https:\/\/aticanails.pl\/en\/#website"},"primaryImageOfPage":{"@id":"https:\/\/aticanails.pl\/en\/product\/01-top-non-cleansing-30-ml\/#primaryimage"},"image":{"@id":"https:\/\/aticanails.pl\/en\/product\/01-top-non-cleansing-30-ml\/#primaryimage"},"thumbnailUrl":"https:\/\/aticanails.pl\/wp-content\/uploads\/2026\/01\/file_1_10.jpg","datePublished":"2026-01-12T09:58:20+00:00","dateModified":"2026-01-12T10:06:40+00:00","description":"Nasze produkty to nie tylko towary, to dzie\u0142a sztuki, kt\u00f3re inspiruj\u0105 i pozwalaj\u0105 ka\u017cdemu styli\u015bcie paznokci wyrazi\u0107 swoj\u0105 indywidualno\u015b\u0107 poprzez niesamowite projekty.","breadcrumb":{"@id":"https:\/\/aticanails.pl\/en\/product\/01-top-non-cleansing-30-ml\/#breadcrumb"},"inLanguage":"en-US","potentialAction":[{"@type":"ReadAction","target":["https:\/\/aticanails.pl\/en\/product\/01-top-non-cleansing-30-ml\/"]}]},{"@type":"ImageObject","inLanguage":"en-US","@id":"https:\/\/aticanails.pl\/en\/product\/01-top-non-cleansing-30-ml\/#primaryimage","url":"https:\/\/aticanails.pl\/wp-content\/uploads\/2026\/01\/file_1_10.jpg","contentUrl":"https:\/\/aticanails.pl\/wp-content\/uploads\/2026\/01\/file_1_10.jpg","width":600,"height":600},{"@type":"BreadcrumbList","@id":"https:\/\/aticanails.pl\/en\/product\/01-top-non-cleansing-30-ml\/#breadcrumb","itemListElement":[{"@type":"ListItem","position":1,"name":"Home","item":"https:\/\/aticanails.pl\/en\/"},{"@type":"ListItem","position":2,"name":"Shop","item":"https:\/\/aticanails.pl\/en\/shop\/"},{"@type":"ListItem","position":3,"name":"01 Top Non Cleansing &#8211; 30 ml"}]},{"@type":"WebSite","@id":"https:\/\/aticanails.pl\/en\/#website","url":"https:\/\/aticanails.pl\/en\/","name":"Atica Nail Care Products","description":"Large selection of gel nail polishes and products for manicure","publisher":{"@id":"https:\/\/aticanails.pl\/en\/#organization"},"potentialAction":[{"@type":"SearchAction","target":{"@type":"EntryPoint","urlTemplate":"https:\/\/aticanails.pl\/en\/?s={search_term_string}"},"query-input":{"@type":"PropertyValueSpecification","valueRequired":true,"valueName":"search_term_string"}}],"inLanguage":"en-US"},{"@type":"Organization","@id":"https:\/\/aticanails.pl\/en\/#organization","name":"Atica Nail Care Products","url":"https:\/\/aticanails.pl\/en\/","logo":{"@type":"ImageObject","inLanguage":"en-US","@id":"https:\/\/aticanails.pl\/en\/#\/schema\/logo\/image\/","url":"https:\/\/aticanails.pl\/wp-content\/uploads\/2023\/12\/logo-black.jpg","contentUrl":"https:\/\/aticanails.pl\/wp-content\/uploads\/2023\/12\/logo-black.jpg","width":1251,"height":612,"caption":"Atica Nail Care Products"},"image":{"@id":"https:\/\/aticanails.pl\/en\/#\/schema\/logo\/image\/"},"sameAs":["https:\/\/www.instagram.com\/atica.nails_pl\/"]}]}},"_links":{"self":[{"href":"https:\/\/aticanails.pl\/en\/wp-json\/wp\/v2\/product\/9796","targetHints":{"allow":["GET"]}}],"collection":[{"href":"https:\/\/aticanails.pl\/en\/wp-json\/wp\/v2\/product"}],"about":[{"href":"https:\/\/aticanails.pl\/en\/wp-json\/wp\/v2\/types\/product"}],"replies":[{"embeddable":true,"href":"https:\/\/aticanails.pl\/en\/wp-json\/wp\/v2\/comments?post=9796"}],"version-history":[{"count":1,"href":"https:\/\/aticanails.pl\/en\/wp-json\/wp\/v2\/product\/9796\/revisions"}],"predecessor-version":[{"id":9804,"href":"https:\/\/aticanails.pl\/en\/wp-json\/wp\/v2\/product\/9796\/revisions\/9804"}],"wp:featuredmedia":[{"embeddable":true,"href":"https:\/\/aticanails.pl\/en\/wp-json\/wp\/v2\/media\/9800"}],"wp:attachment":[{"href":"https:\/\/aticanails.pl\/en\/wp-json\/wp\/v2\/media?parent=9796"}],"wp:term":[{"taxonomy":"product_brand","embeddable":true,"href":"https:\/\/aticanails.pl\/en\/wp-json\/wp\/v2\/product_brand?post=9796"},{"taxonomy":"product_cat","embeddable":true,"href":"https:\/\/aticanails.pl\/en\/wp-json\/wp\/v2\/product_cat?post=9796"},{"taxonomy":"product_tag","embeddable":true,"href":"https:\/\/aticanails.pl\/en\/wp-json\/wp\/v2\/product_tag?post=9796"}],"curies":[{"name":"wp","href":"https:\/\/api.w.org\/{rel}","templated":true}]}}