{"id":9639,"date":"2025-12-08T15:43:17","date_gmt":"2025-12-08T14:43:17","guid":{"rendered":"https:\/\/aticanails.pl\/?post_type=product&#038;p=9639"},"modified":"2026-04-03T10:40:13","modified_gmt":"2026-04-03T08:40:13","slug":"no-stress-top-15ml","status":"publish","type":"product","link":"https:\/\/aticanails.pl\/en\/product\/no-stress-top-15ml\/","title":{"rendered":"No Stress Top 15ml"},"content":{"rendered":"<p>A universal top coat (without UV filter) with no sticky layer, providing long-lasting mirror shine and protection for up to 4 weeks.<br \/>\nA durable, non-running formula.<br \/>\nSafe under the lamp with no burning sensation.<br \/>\nLasts without peeling, odorless, and delivers the best results under a quartz LED lamp.<br \/>\nCures in 120 seconds. Shelf life up to 24 months. TPO-FREE.<\/p>\n","protected":false},"excerpt":{"rendered":"<div>Top No Stress \u2014 your perfect no-wipe finish<\/div>\n<div><\/div>\n<div>Forget about loss of shine or scratches!<\/div>\n<div>Top No Stress is a universal no-wipe top coat that gives a mirror-like gloss and protection for up to 4 weeks.<\/div>\n<div><\/div>\n<div>Why professionals choose it:<\/div>\n<div>\u2022Resistant to damage and chipping.<\/div>\n<div>\u2022Ideal consistency \u2014 does not run, does not flood the cuticle, and covers the surface effortlessly.<\/div>\n<div>\u2022Safe under the lamp \u2014 does not cause a burning sensation.<\/div>\n<div>\u2022Lasts without lifting for 3\u20134 weeks.<\/div>\n<div>\u2022Has a neutral smell.<\/div>\n<div>\u2022Maximum results when used with a quartz LED lamp.<\/div>\n<div><\/div>\n<div>How to use:<\/div>\n<div>\u2022Curing time: minimum 120 seconds.<\/div>\n<div>\u2022Do not wipe after curing \u2014 this preserves the glossy finish!<\/div>\n<div>\u2022Shelf life: 24 months (up to 18 months after opening).<\/div>\n<div>\u2022TPO FREE \u2014 safe for you and your clients.<\/div>\n","protected":false},"featured_media":10095,"comment_status":"open","ping_status":"closed","template":"","meta":[],"product_brand":[],"product_cat":[97],"product_tag":[],"class_list":{"0":"post-9639","1":"product","2":"type-product","3":"status-publish","4":"has-post-thumbnail","6":"product_cat-top-coat","8":"first","9":"outofstock","10":"taxable","11":"shipping-taxable","12":"purchasable","13":"product-type-simple"},"yoast_head":"<!-- This site is optimized with the Yoast SEO plugin v26.0 - https:\/\/yoast.com\/wordpress\/plugins\/seo\/ -->\n<title>Kupi\u0107 No Stress Top 15ml i wyceni\u0107 niedrogo na Top Coat<\/title>\n<meta name=\"description\" content=\"Nasze produkty to nie tylko towary, to dzie\u0142a sztuki, kt\u00f3re inspiruj\u0105 i pozwalaj\u0105 ka\u017cdemu styli\u015bcie paznokci wyrazi\u0107 swoj\u0105 indywidualno\u015b\u0107 poprzez niesamowite projekty.\" \/>\n<meta name=\"robots\" content=\"index, follow, max-snippet:-1, max-image-preview:large, max-video-preview:-1\" \/>\n<link rel=\"canonical\" href=\"https:\/\/aticanails.pl\/en\/product\/no-stress-top-15ml\/\" \/>\n<meta property=\"og:locale\" content=\"en_US\" \/>\n<meta property=\"og:type\" content=\"article\" \/>\n<meta property=\"og:title\" content=\"Kupi\u0107 No Stress Top 15ml i wyceni\u0107 niedrogo na Top Coat\" \/>\n<meta property=\"og:description\" content=\"Nasze produkty to nie tylko towary, to dzie\u0142a sztuki, kt\u00f3re inspiruj\u0105 i pozwalaj\u0105 ka\u017cdemu styli\u015bcie paznokci wyrazi\u0107 swoj\u0105 indywidualno\u015b\u0107 poprzez niesamowite projekty.\" \/>\n<meta property=\"og:url\" content=\"https:\/\/aticanails.pl\/en\/product\/no-stress-top-15ml\/\" \/>\n<meta property=\"og:site_name\" content=\"Atica Nail Care Products\" \/>\n<meta property=\"article:modified_time\" content=\"2026-04-03T08:40:13+00:00\" \/>\n<meta property=\"og:image\" content=\"http:\/\/aticanails.pl\/wp-content\/uploads\/2025\/12\/file_2_5.jpg\" \/>\n\t<meta property=\"og:image:width\" content=\"886\" \/>\n\t<meta property=\"og:image:height\" content=\"886\" \/>\n\t<meta property=\"og:image:type\" content=\"image\/jpeg\" \/>\n<meta name=\"twitter:card\" content=\"summary_large_image\" \/>\n<meta name=\"twitter:label1\" content=\"Est. reading time\" \/>\n\t<meta name=\"twitter:data1\" content=\"1 minute\" \/>\n<script type=\"application\/ld+json\" class=\"yoast-schema-graph\">{\"@context\":\"https:\/\/schema.org\",\"@graph\":[{\"@type\":\"WebPage\",\"@id\":\"https:\/\/aticanails.pl\/en\/product\/no-stress-top-15ml\/\",\"url\":\"https:\/\/aticanails.pl\/en\/product\/no-stress-top-15ml\/\",\"name\":\"Kupi\u0107 No Stress Top 15ml i wyceni\u0107 niedrogo na Top Coat\",\"isPartOf\":{\"@id\":\"https:\/\/aticanails.pl\/en\/#website\"},\"primaryImageOfPage\":{\"@id\":\"https:\/\/aticanails.pl\/en\/product\/no-stress-top-15ml\/#primaryimage\"},\"image\":{\"@id\":\"https:\/\/aticanails.pl\/en\/product\/no-stress-top-15ml\/#primaryimage\"},\"thumbnailUrl\":\"https:\/\/aticanails.pl\/wp-content\/uploads\/2025\/12\/file_2_5.jpg\",\"datePublished\":\"2025-12-08T14:43:17+00:00\",\"dateModified\":\"2026-04-03T08:40:13+00:00\",\"description\":\"Nasze produkty to nie tylko towary, to dzie\u0142a sztuki, kt\u00f3re inspiruj\u0105 i pozwalaj\u0105 ka\u017cdemu styli\u015bcie paznokci wyrazi\u0107 swoj\u0105 indywidualno\u015b\u0107 poprzez niesamowite projekty.\",\"breadcrumb\":{\"@id\":\"https:\/\/aticanails.pl\/en\/product\/no-stress-top-15ml\/#breadcrumb\"},\"inLanguage\":\"en-US\",\"potentialAction\":[{\"@type\":\"ReadAction\",\"target\":[\"https:\/\/aticanails.pl\/en\/product\/no-stress-top-15ml\/\"]}]},{\"@type\":\"ImageObject\",\"inLanguage\":\"en-US\",\"@id\":\"https:\/\/aticanails.pl\/en\/product\/no-stress-top-15ml\/#primaryimage\",\"url\":\"https:\/\/aticanails.pl\/wp-content\/uploads\/2025\/12\/file_2_5.jpg\",\"contentUrl\":\"https:\/\/aticanails.pl\/wp-content\/uploads\/2025\/12\/file_2_5.jpg\",\"width\":886,\"height\":886},{\"@type\":\"BreadcrumbList\",\"@id\":\"https:\/\/aticanails.pl\/en\/product\/no-stress-top-15ml\/#breadcrumb\",\"itemListElement\":[{\"@type\":\"ListItem\",\"position\":1,\"name\":\"Home\",\"item\":\"https:\/\/aticanails.pl\/en\/\"},{\"@type\":\"ListItem\",\"position\":2,\"name\":\"Shop\",\"item\":\"https:\/\/aticanails.pl\/en\/shop\/\"},{\"@type\":\"ListItem\",\"position\":3,\"name\":\"No Stress Top 15ml\"}]},{\"@type\":\"WebSite\",\"@id\":\"https:\/\/aticanails.pl\/en\/#website\",\"url\":\"https:\/\/aticanails.pl\/en\/\",\"name\":\"Atica Nail Care Products\",\"description\":\"Large selection of gel nail polishes and products for manicure\",\"publisher\":{\"@id\":\"https:\/\/aticanails.pl\/en\/#organization\"},\"potentialAction\":[{\"@type\":\"SearchAction\",\"target\":{\"@type\":\"EntryPoint\",\"urlTemplate\":\"https:\/\/aticanails.pl\/en\/?s={search_term_string}\"},\"query-input\":{\"@type\":\"PropertyValueSpecification\",\"valueRequired\":true,\"valueName\":\"search_term_string\"}}],\"inLanguage\":\"en-US\"},{\"@type\":\"Organization\",\"@id\":\"https:\/\/aticanails.pl\/en\/#organization\",\"name\":\"Atica Nail Care Products\",\"url\":\"https:\/\/aticanails.pl\/en\/\",\"logo\":{\"@type\":\"ImageObject\",\"inLanguage\":\"en-US\",\"@id\":\"https:\/\/aticanails.pl\/en\/#\/schema\/logo\/image\/\",\"url\":\"https:\/\/aticanails.pl\/wp-content\/uploads\/2023\/12\/logo-black.jpg\",\"contentUrl\":\"https:\/\/aticanails.pl\/wp-content\/uploads\/2023\/12\/logo-black.jpg\",\"width\":1251,\"height\":612,\"caption\":\"Atica Nail Care Products\"},\"image\":{\"@id\":\"https:\/\/aticanails.pl\/en\/#\/schema\/logo\/image\/\"},\"sameAs\":[\"https:\/\/www.instagram.com\/atica.nails_pl\/\"]}]}<\/script>\n<!-- \/ Yoast SEO plugin. -->","yoast_head_json":{"title":"Kupi\u0107 No Stress Top 15ml i wyceni\u0107 niedrogo na Top Coat","description":"Nasze produkty to nie tylko towary, to dzie\u0142a sztuki, kt\u00f3re inspiruj\u0105 i pozwalaj\u0105 ka\u017cdemu styli\u015bcie paznokci wyrazi\u0107 swoj\u0105 indywidualno\u015b\u0107 poprzez niesamowite projekty.","robots":{"index":"index","follow":"follow","max-snippet":"max-snippet:-1","max-image-preview":"max-image-preview:large","max-video-preview":"max-video-preview:-1"},"canonical":"https:\/\/aticanails.pl\/en\/product\/no-stress-top-15ml\/","og_locale":"en_US","og_type":"article","og_title":"Kupi\u0107 No Stress Top 15ml i wyceni\u0107 niedrogo na Top Coat","og_description":"Nasze produkty to nie tylko towary, to dzie\u0142a sztuki, kt\u00f3re inspiruj\u0105 i pozwalaj\u0105 ka\u017cdemu styli\u015bcie paznokci wyrazi\u0107 swoj\u0105 indywidualno\u015b\u0107 poprzez niesamowite projekty.","og_url":"https:\/\/aticanails.pl\/en\/product\/no-stress-top-15ml\/","og_site_name":"Atica Nail Care Products","article_modified_time":"2026-04-03T08:40:13+00:00","og_image":[{"width":886,"height":886,"url":"http:\/\/aticanails.pl\/wp-content\/uploads\/2025\/12\/file_2_5.jpg","type":"image\/jpeg"}],"twitter_card":"summary_large_image","twitter_misc":{"Est. reading time":"1 minute"},"schema":{"@context":"https:\/\/schema.org","@graph":[{"@type":"WebPage","@id":"https:\/\/aticanails.pl\/en\/product\/no-stress-top-15ml\/","url":"https:\/\/aticanails.pl\/en\/product\/no-stress-top-15ml\/","name":"Kupi\u0107 No Stress Top 15ml i wyceni\u0107 niedrogo na Top Coat","isPartOf":{"@id":"https:\/\/aticanails.pl\/en\/#website"},"primaryImageOfPage":{"@id":"https:\/\/aticanails.pl\/en\/product\/no-stress-top-15ml\/#primaryimage"},"image":{"@id":"https:\/\/aticanails.pl\/en\/product\/no-stress-top-15ml\/#primaryimage"},"thumbnailUrl":"https:\/\/aticanails.pl\/wp-content\/uploads\/2025\/12\/file_2_5.jpg","datePublished":"2025-12-08T14:43:17+00:00","dateModified":"2026-04-03T08:40:13+00:00","description":"Nasze produkty to nie tylko towary, to dzie\u0142a sztuki, kt\u00f3re inspiruj\u0105 i pozwalaj\u0105 ka\u017cdemu styli\u015bcie paznokci wyrazi\u0107 swoj\u0105 indywidualno\u015b\u0107 poprzez niesamowite projekty.","breadcrumb":{"@id":"https:\/\/aticanails.pl\/en\/product\/no-stress-top-15ml\/#breadcrumb"},"inLanguage":"en-US","potentialAction":[{"@type":"ReadAction","target":["https:\/\/aticanails.pl\/en\/product\/no-stress-top-15ml\/"]}]},{"@type":"ImageObject","inLanguage":"en-US","@id":"https:\/\/aticanails.pl\/en\/product\/no-stress-top-15ml\/#primaryimage","url":"https:\/\/aticanails.pl\/wp-content\/uploads\/2025\/12\/file_2_5.jpg","contentUrl":"https:\/\/aticanails.pl\/wp-content\/uploads\/2025\/12\/file_2_5.jpg","width":886,"height":886},{"@type":"BreadcrumbList","@id":"https:\/\/aticanails.pl\/en\/product\/no-stress-top-15ml\/#breadcrumb","itemListElement":[{"@type":"ListItem","position":1,"name":"Home","item":"https:\/\/aticanails.pl\/en\/"},{"@type":"ListItem","position":2,"name":"Shop","item":"https:\/\/aticanails.pl\/en\/shop\/"},{"@type":"ListItem","position":3,"name":"No Stress Top 15ml"}]},{"@type":"WebSite","@id":"https:\/\/aticanails.pl\/en\/#website","url":"https:\/\/aticanails.pl\/en\/","name":"Atica Nail Care Products","description":"Large selection of gel nail polishes and products for manicure","publisher":{"@id":"https:\/\/aticanails.pl\/en\/#organization"},"potentialAction":[{"@type":"SearchAction","target":{"@type":"EntryPoint","urlTemplate":"https:\/\/aticanails.pl\/en\/?s={search_term_string}"},"query-input":{"@type":"PropertyValueSpecification","valueRequired":true,"valueName":"search_term_string"}}],"inLanguage":"en-US"},{"@type":"Organization","@id":"https:\/\/aticanails.pl\/en\/#organization","name":"Atica Nail Care Products","url":"https:\/\/aticanails.pl\/en\/","logo":{"@type":"ImageObject","inLanguage":"en-US","@id":"https:\/\/aticanails.pl\/en\/#\/schema\/logo\/image\/","url":"https:\/\/aticanails.pl\/wp-content\/uploads\/2023\/12\/logo-black.jpg","contentUrl":"https:\/\/aticanails.pl\/wp-content\/uploads\/2023\/12\/logo-black.jpg","width":1251,"height":612,"caption":"Atica Nail Care Products"},"image":{"@id":"https:\/\/aticanails.pl\/en\/#\/schema\/logo\/image\/"},"sameAs":["https:\/\/www.instagram.com\/atica.nails_pl\/"]}]}},"_links":{"self":[{"href":"https:\/\/aticanails.pl\/en\/wp-json\/wp\/v2\/product\/9639","targetHints":{"allow":["GET"]}}],"collection":[{"href":"https:\/\/aticanails.pl\/en\/wp-json\/wp\/v2\/product"}],"about":[{"href":"https:\/\/aticanails.pl\/en\/wp-json\/wp\/v2\/types\/product"}],"replies":[{"embeddable":true,"href":"https:\/\/aticanails.pl\/en\/wp-json\/wp\/v2\/comments?post=9639"}],"version-history":[{"count":1,"href":"https:\/\/aticanails.pl\/en\/wp-json\/wp\/v2\/product\/9639\/revisions"}],"predecessor-version":[{"id":9642,"href":"https:\/\/aticanails.pl\/en\/wp-json\/wp\/v2\/product\/9639\/revisions\/9642"}],"wp:featuredmedia":[{"embeddable":true,"href":"https:\/\/aticanails.pl\/en\/wp-json\/wp\/v2\/media\/10095"}],"wp:attachment":[{"href":"https:\/\/aticanails.pl\/en\/wp-json\/wp\/v2\/media?parent=9639"}],"wp:term":[{"taxonomy":"product_brand","embeddable":true,"href":"https:\/\/aticanails.pl\/en\/wp-json\/wp\/v2\/product_brand?post=9639"},{"taxonomy":"product_cat","embeddable":true,"href":"https:\/\/aticanails.pl\/en\/wp-json\/wp\/v2\/product_cat?post=9639"},{"taxonomy":"product_tag","embeddable":true,"href":"https:\/\/aticanails.pl\/en\/wp-json\/wp\/v2\/product_tag?post=9639"}],"curies":[{"name":"wp","href":"https:\/\/api.w.org\/{rel}","templated":true}]}}