{"id":9081,"date":"2025-09-26T08:45:25","date_gmt":"2025-09-26T08:45:25","guid":{"rendered":"https:\/\/aticanails.pl\/?post_type=product&#038;p=9081"},"modified":"2026-01-09T15:57:28","modified_gmt":"2026-01-09T14:57:28","slug":"lc05-lux-collection-cats-eye-05-8-ml","status":"publish","type":"product","link":"https:\/\/aticanails.pl\/en\/product\/lc05-lux-collection-cats-eye-05-8-ml\/","title":{"rendered":"LC05 Lux Collection Cats Eye 05 8 ml"},"content":{"rendered":"<p data-start=\"42\" data-end=\"371\"><strong data-start=\"42\" data-end=\"136\">Immerse yourself in the world of refined shine with the Cat Eye Lux gel polish collection.<\/strong><br data-start=\"136\" data-end=\"139\" \/>Shade 05 \u2014 an elegant chocolate-golden sparkle with a mesmerizing \u201ccat eye\u201d effect that creates a deep, luminous highlight with the help of a magnet. The fine satin shimmer adds a soft metallic glow and visual depth to the finish.<\/p>\n<p data-start=\"373\" data-end=\"506\">The formula ensures easy application, even coverage, and prevents spreading. Perfect both for everyday manicures and festive looks.<\/p>\n<p data-start=\"508\" data-end=\"657\"><strong data-start=\"508\" data-end=\"519\">Volume:<\/strong> 8 ml<br data-start=\"524\" data-end=\"527\" \/><strong data-start=\"527\" data-end=\"543\">Curing time:<\/strong> UV \u2014 2 min, LED \u2014 60 sec<br data-start=\"568\" data-end=\"571\" \/><strong data-start=\"571\" data-end=\"582\">Effect:<\/strong> satin \u201ccat eye\u201d<br data-start=\"598\" data-end=\"601\" \/>It is recommended to use a magnet to achieve the shine<\/p>\n<p data-start=\"659\" data-end=\"723\">Give your nails a touch of luxury with Shade 01 from TM ATICA.<\/p>\n","protected":false},"excerpt":{"rendered":"<p>Gel polish &#8220;Cat&#8217;s eye&#8221; with satin effect from Atica<\/p>\n<p>Discover the magic of manicure with gel polish &#8220;Cat&#8217;s eye&#8221; from Atica! Thanks to metallized microparticles that react to a magnet, the coating acquires a deep shine and creates a mysterious iridescence.<\/p>\n<p>Palette of\u00a0 luxurious shades &#8211; for stylish and elegant designs<br \/>\nPerfect texture &#8211; even application and lasting result<\/p>\n<p>Create a magical manicure that will emphasize your uniqueness!<\/p>\n","protected":false},"featured_media":9082,"comment_status":"open","ping_status":"closed","template":"","meta":[],"product_brand":[],"product_cat":[85],"product_tag":[],"class_list":{"0":"post-9081","1":"product","2":"type-product","3":"status-publish","4":"has-post-thumbnail","6":"product_cat-cats-eye","8":"first","9":"instock","10":"taxable","11":"shipping-taxable","12":"purchasable","13":"product-type-simple"},"yoast_head":"<!-- This site is optimized with the Yoast SEO plugin v26.0 - https:\/\/yoast.com\/wordpress\/plugins\/seo\/ -->\n<title>Kupi\u0107 LC05 Lux Collection Cats Eye 05 8 ml i wyceni\u0107 niedrogo na Cat\u2019s eye<\/title>\n<meta name=\"description\" content=\"Nasze produkty to nie tylko towary, to dzie\u0142a sztuki, kt\u00f3re inspiruj\u0105 i pozwalaj\u0105 ka\u017cdemu styli\u015bcie paznokci wyrazi\u0107 swoj\u0105 indywidualno\u015b\u0107 poprzez niesamowite projekty.\" \/>\n<meta name=\"robots\" content=\"index, follow, max-snippet:-1, max-image-preview:large, max-video-preview:-1\" \/>\n<link rel=\"canonical\" href=\"https:\/\/aticanails.pl\/en\/product\/lc05-lux-collection-cats-eye-05-8-ml\/\" \/>\n<meta property=\"og:locale\" content=\"en_US\" \/>\n<meta property=\"og:type\" content=\"article\" \/>\n<meta property=\"og:title\" content=\"Kupi\u0107 LC05 Lux Collection Cats Eye 05 8 ml i wyceni\u0107 niedrogo na Cat\u2019s eye\" \/>\n<meta property=\"og:description\" content=\"Nasze produkty to nie tylko towary, to dzie\u0142a sztuki, kt\u00f3re inspiruj\u0105 i pozwalaj\u0105 ka\u017cdemu styli\u015bcie paznokci wyrazi\u0107 swoj\u0105 indywidualno\u015b\u0107 poprzez niesamowite projekty.\" \/>\n<meta property=\"og:url\" content=\"https:\/\/aticanails.pl\/en\/product\/lc05-lux-collection-cats-eye-05-8-ml\/\" \/>\n<meta property=\"og:site_name\" content=\"Atica Nail Care Products\" \/>\n<meta property=\"article:modified_time\" content=\"2026-01-09T14:57:28+00:00\" \/>\n<meta property=\"og:image\" content=\"http:\/\/aticanails.pl\/wp-content\/uploads\/2025\/09\/lux5.jpg\" \/>\n\t<meta property=\"og:image:width\" content=\"675\" \/>\n\t<meta property=\"og:image:height\" content=\"1200\" \/>\n\t<meta property=\"og:image:type\" content=\"image\/jpeg\" \/>\n<meta name=\"twitter:card\" content=\"summary_large_image\" \/>\n<meta name=\"twitter:label1\" content=\"Est. reading time\" \/>\n\t<meta name=\"twitter:data1\" content=\"1 minute\" \/>\n<script type=\"application\/ld+json\" class=\"yoast-schema-graph\">{\"@context\":\"https:\/\/schema.org\",\"@graph\":[{\"@type\":\"WebPage\",\"@id\":\"https:\/\/aticanails.pl\/en\/product\/lc05-lux-collection-cats-eye-05-8-ml\/\",\"url\":\"https:\/\/aticanails.pl\/en\/product\/lc05-lux-collection-cats-eye-05-8-ml\/\",\"name\":\"Kupi\u0107 LC05 Lux Collection Cats Eye 05 8 ml i wyceni\u0107 niedrogo na Cat\u2019s eye\",\"isPartOf\":{\"@id\":\"https:\/\/aticanails.pl\/en\/#website\"},\"primaryImageOfPage\":{\"@id\":\"https:\/\/aticanails.pl\/en\/product\/lc05-lux-collection-cats-eye-05-8-ml\/#primaryimage\"},\"image\":{\"@id\":\"https:\/\/aticanails.pl\/en\/product\/lc05-lux-collection-cats-eye-05-8-ml\/#primaryimage\"},\"thumbnailUrl\":\"https:\/\/aticanails.pl\/wp-content\/uploads\/2025\/09\/lux5.jpg\",\"datePublished\":\"2025-09-26T08:45:25+00:00\",\"dateModified\":\"2026-01-09T14:57:28+00:00\",\"description\":\"Nasze produkty to nie tylko towary, to dzie\u0142a sztuki, kt\u00f3re inspiruj\u0105 i pozwalaj\u0105 ka\u017cdemu styli\u015bcie paznokci wyrazi\u0107 swoj\u0105 indywidualno\u015b\u0107 poprzez niesamowite projekty.\",\"breadcrumb\":{\"@id\":\"https:\/\/aticanails.pl\/en\/product\/lc05-lux-collection-cats-eye-05-8-ml\/#breadcrumb\"},\"inLanguage\":\"en-US\",\"potentialAction\":[{\"@type\":\"ReadAction\",\"target\":[\"https:\/\/aticanails.pl\/en\/product\/lc05-lux-collection-cats-eye-05-8-ml\/\"]}]},{\"@type\":\"ImageObject\",\"inLanguage\":\"en-US\",\"@id\":\"https:\/\/aticanails.pl\/en\/product\/lc05-lux-collection-cats-eye-05-8-ml\/#primaryimage\",\"url\":\"https:\/\/aticanails.pl\/wp-content\/uploads\/2025\/09\/lux5.jpg\",\"contentUrl\":\"https:\/\/aticanails.pl\/wp-content\/uploads\/2025\/09\/lux5.jpg\",\"width\":675,\"height\":1200},{\"@type\":\"BreadcrumbList\",\"@id\":\"https:\/\/aticanails.pl\/en\/product\/lc05-lux-collection-cats-eye-05-8-ml\/#breadcrumb\",\"itemListElement\":[{\"@type\":\"ListItem\",\"position\":1,\"name\":\"Home\",\"item\":\"https:\/\/aticanails.pl\/en\/\"},{\"@type\":\"ListItem\",\"position\":2,\"name\":\"Shop\",\"item\":\"https:\/\/aticanails.pl\/en\/shop\/\"},{\"@type\":\"ListItem\",\"position\":3,\"name\":\"LC05 Lux Collection Cats Eye 05 8 ml\"}]},{\"@type\":\"WebSite\",\"@id\":\"https:\/\/aticanails.pl\/en\/#website\",\"url\":\"https:\/\/aticanails.pl\/en\/\",\"name\":\"Atica Nail Care Products\",\"description\":\"Large selection of gel nail polishes and products for manicure\",\"publisher\":{\"@id\":\"https:\/\/aticanails.pl\/en\/#organization\"},\"potentialAction\":[{\"@type\":\"SearchAction\",\"target\":{\"@type\":\"EntryPoint\",\"urlTemplate\":\"https:\/\/aticanails.pl\/en\/?s={search_term_string}\"},\"query-input\":{\"@type\":\"PropertyValueSpecification\",\"valueRequired\":true,\"valueName\":\"search_term_string\"}}],\"inLanguage\":\"en-US\"},{\"@type\":\"Organization\",\"@id\":\"https:\/\/aticanails.pl\/en\/#organization\",\"name\":\"Atica Nail Care Products\",\"url\":\"https:\/\/aticanails.pl\/en\/\",\"logo\":{\"@type\":\"ImageObject\",\"inLanguage\":\"en-US\",\"@id\":\"https:\/\/aticanails.pl\/en\/#\/schema\/logo\/image\/\",\"url\":\"https:\/\/aticanails.pl\/wp-content\/uploads\/2023\/12\/logo-black.jpg\",\"contentUrl\":\"https:\/\/aticanails.pl\/wp-content\/uploads\/2023\/12\/logo-black.jpg\",\"width\":1251,\"height\":612,\"caption\":\"Atica Nail Care Products\"},\"image\":{\"@id\":\"https:\/\/aticanails.pl\/en\/#\/schema\/logo\/image\/\"},\"sameAs\":[\"https:\/\/www.instagram.com\/atica.nails_pl\/\"]}]}<\/script>\n<!-- \/ Yoast SEO plugin. -->","yoast_head_json":{"title":"Kupi\u0107 LC05 Lux Collection Cats Eye 05 8 ml i wyceni\u0107 niedrogo na Cat\u2019s eye","description":"Nasze produkty to nie tylko towary, to dzie\u0142a sztuki, kt\u00f3re inspiruj\u0105 i pozwalaj\u0105 ka\u017cdemu styli\u015bcie paznokci wyrazi\u0107 swoj\u0105 indywidualno\u015b\u0107 poprzez niesamowite projekty.","robots":{"index":"index","follow":"follow","max-snippet":"max-snippet:-1","max-image-preview":"max-image-preview:large","max-video-preview":"max-video-preview:-1"},"canonical":"https:\/\/aticanails.pl\/en\/product\/lc05-lux-collection-cats-eye-05-8-ml\/","og_locale":"en_US","og_type":"article","og_title":"Kupi\u0107 LC05 Lux Collection Cats Eye 05 8 ml i wyceni\u0107 niedrogo na Cat\u2019s eye","og_description":"Nasze produkty to nie tylko towary, to dzie\u0142a sztuki, kt\u00f3re inspiruj\u0105 i pozwalaj\u0105 ka\u017cdemu styli\u015bcie paznokci wyrazi\u0107 swoj\u0105 indywidualno\u015b\u0107 poprzez niesamowite projekty.","og_url":"https:\/\/aticanails.pl\/en\/product\/lc05-lux-collection-cats-eye-05-8-ml\/","og_site_name":"Atica Nail Care Products","article_modified_time":"2026-01-09T14:57:28+00:00","og_image":[{"width":675,"height":1200,"url":"http:\/\/aticanails.pl\/wp-content\/uploads\/2025\/09\/lux5.jpg","type":"image\/jpeg"}],"twitter_card":"summary_large_image","twitter_misc":{"Est. reading time":"1 minute"},"schema":{"@context":"https:\/\/schema.org","@graph":[{"@type":"WebPage","@id":"https:\/\/aticanails.pl\/en\/product\/lc05-lux-collection-cats-eye-05-8-ml\/","url":"https:\/\/aticanails.pl\/en\/product\/lc05-lux-collection-cats-eye-05-8-ml\/","name":"Kupi\u0107 LC05 Lux Collection Cats Eye 05 8 ml i wyceni\u0107 niedrogo na Cat\u2019s eye","isPartOf":{"@id":"https:\/\/aticanails.pl\/en\/#website"},"primaryImageOfPage":{"@id":"https:\/\/aticanails.pl\/en\/product\/lc05-lux-collection-cats-eye-05-8-ml\/#primaryimage"},"image":{"@id":"https:\/\/aticanails.pl\/en\/product\/lc05-lux-collection-cats-eye-05-8-ml\/#primaryimage"},"thumbnailUrl":"https:\/\/aticanails.pl\/wp-content\/uploads\/2025\/09\/lux5.jpg","datePublished":"2025-09-26T08:45:25+00:00","dateModified":"2026-01-09T14:57:28+00:00","description":"Nasze produkty to nie tylko towary, to dzie\u0142a sztuki, kt\u00f3re inspiruj\u0105 i pozwalaj\u0105 ka\u017cdemu styli\u015bcie paznokci wyrazi\u0107 swoj\u0105 indywidualno\u015b\u0107 poprzez niesamowite projekty.","breadcrumb":{"@id":"https:\/\/aticanails.pl\/en\/product\/lc05-lux-collection-cats-eye-05-8-ml\/#breadcrumb"},"inLanguage":"en-US","potentialAction":[{"@type":"ReadAction","target":["https:\/\/aticanails.pl\/en\/product\/lc05-lux-collection-cats-eye-05-8-ml\/"]}]},{"@type":"ImageObject","inLanguage":"en-US","@id":"https:\/\/aticanails.pl\/en\/product\/lc05-lux-collection-cats-eye-05-8-ml\/#primaryimage","url":"https:\/\/aticanails.pl\/wp-content\/uploads\/2025\/09\/lux5.jpg","contentUrl":"https:\/\/aticanails.pl\/wp-content\/uploads\/2025\/09\/lux5.jpg","width":675,"height":1200},{"@type":"BreadcrumbList","@id":"https:\/\/aticanails.pl\/en\/product\/lc05-lux-collection-cats-eye-05-8-ml\/#breadcrumb","itemListElement":[{"@type":"ListItem","position":1,"name":"Home","item":"https:\/\/aticanails.pl\/en\/"},{"@type":"ListItem","position":2,"name":"Shop","item":"https:\/\/aticanails.pl\/en\/shop\/"},{"@type":"ListItem","position":3,"name":"LC05 Lux Collection Cats Eye 05 8 ml"}]},{"@type":"WebSite","@id":"https:\/\/aticanails.pl\/en\/#website","url":"https:\/\/aticanails.pl\/en\/","name":"Atica Nail Care Products","description":"Large selection of gel nail polishes and products for manicure","publisher":{"@id":"https:\/\/aticanails.pl\/en\/#organization"},"potentialAction":[{"@type":"SearchAction","target":{"@type":"EntryPoint","urlTemplate":"https:\/\/aticanails.pl\/en\/?s={search_term_string}"},"query-input":{"@type":"PropertyValueSpecification","valueRequired":true,"valueName":"search_term_string"}}],"inLanguage":"en-US"},{"@type":"Organization","@id":"https:\/\/aticanails.pl\/en\/#organization","name":"Atica Nail Care Products","url":"https:\/\/aticanails.pl\/en\/","logo":{"@type":"ImageObject","inLanguage":"en-US","@id":"https:\/\/aticanails.pl\/en\/#\/schema\/logo\/image\/","url":"https:\/\/aticanails.pl\/wp-content\/uploads\/2023\/12\/logo-black.jpg","contentUrl":"https:\/\/aticanails.pl\/wp-content\/uploads\/2023\/12\/logo-black.jpg","width":1251,"height":612,"caption":"Atica Nail Care Products"},"image":{"@id":"https:\/\/aticanails.pl\/en\/#\/schema\/logo\/image\/"},"sameAs":["https:\/\/www.instagram.com\/atica.nails_pl\/"]}]}},"_links":{"self":[{"href":"https:\/\/aticanails.pl\/en\/wp-json\/wp\/v2\/product\/9081","targetHints":{"allow":["GET"]}}],"collection":[{"href":"https:\/\/aticanails.pl\/en\/wp-json\/wp\/v2\/product"}],"about":[{"href":"https:\/\/aticanails.pl\/en\/wp-json\/wp\/v2\/types\/product"}],"replies":[{"embeddable":true,"href":"https:\/\/aticanails.pl\/en\/wp-json\/wp\/v2\/comments?post=9081"}],"version-history":[{"count":1,"href":"https:\/\/aticanails.pl\/en\/wp-json\/wp\/v2\/product\/9081\/revisions"}],"predecessor-version":[{"id":9087,"href":"https:\/\/aticanails.pl\/en\/wp-json\/wp\/v2\/product\/9081\/revisions\/9087"}],"wp:featuredmedia":[{"embeddable":true,"href":"https:\/\/aticanails.pl\/en\/wp-json\/wp\/v2\/media\/9082"}],"wp:attachment":[{"href":"https:\/\/aticanails.pl\/en\/wp-json\/wp\/v2\/media?parent=9081"}],"wp:term":[{"taxonomy":"product_brand","embeddable":true,"href":"https:\/\/aticanails.pl\/en\/wp-json\/wp\/v2\/product_brand?post=9081"},{"taxonomy":"product_cat","embeddable":true,"href":"https:\/\/aticanails.pl\/en\/wp-json\/wp\/v2\/product_cat?post=9081"},{"taxonomy":"product_tag","embeddable":true,"href":"https:\/\/aticanails.pl\/en\/wp-json\/wp\/v2\/product_tag?post=9081"}],"curies":[{"name":"wp","href":"https:\/\/api.w.org\/{rel}","templated":true}]}}