{"id":8777,"date":"2025-05-04T07:53:54","date_gmt":"2025-05-04T07:53:54","guid":{"rendered":"https:\/\/aticanails.pl\/?post_type=product&#038;p=8777"},"modified":"2026-02-19T10:45:19","modified_gmt":"2026-02-19T09:45:19","slug":"polymix-lavender-30-gr-39943","status":"publish","type":"product","link":"https:\/\/aticanails.pl\/en\/product\/polymix-lavender-30-gr-39943\/","title":{"rendered":"PolyMix Lavender 30 gr 39943"},"content":{"rendered":"<p class=\"p1\">Polygel is a new generation material for building up and strengthening the nail plate, which quickly became a favourite for many nail masters.<\/p>\n<p class=\"p1\">It is a hybrid of gel and acrylic, has no toxic smell, and no harmful components. When filing, dust is generated, which is heavier than dust from other base materials. The dust settles on the table and does not spread in the air, which reduces the risk of allergic reactions in nail masters and clients.<\/p>\n<p class=\"p1\">Polygel is a high-quality material that is more plastic and lasts longer on the nail plate. Due to the thickness of the material, the risk of skin contact is reduced.<\/p>\n<p class=\"p1\">It is perfect for work even for beginners, who find it very difficult to adapt to gel or acrylic at first, since gel spreads easily, and acrylic hardens very quickly. Polygel does not have these disadvantages and is the golden mean. It has a thick consistency, does not flow and does not polymerise in the air. You can spread and level the material on the nail for a long time until you are satisfied with the result, and then place it in the lamp.<\/p>\n<p class=\"p1\">Due to its high adhesion, the material does not peel off or crack.<\/p>\n<p class=\"p1\">It is recommended for use with weak and thin nails. The elasticity of the polygel takes on the maximum load during impacts and damage to the nails.<\/p>\n<p class=\"p1\">What design and manicure can be created with acrylic gel?<\/p>\n<p class=\"p1\">Polygel is a universal and practical material, so you can create using it:<\/p>\n<p class=\"p1\">1. Single tone manicure.<\/p>\n<p class=\"p1\">2. Shiny manicure with glitter or shimmer.<\/p>\n<p class=\"p1\">3. Classic or coloured French manicure.<\/p>\n<p class=\"p1\">4. Create a three-dimensional decor with a 3D effect.<\/p>\n<p class=\"p1\">5. Strengthen the nail plate.<\/p>\n<p class=\"p1\">6. Restore the shape and repair the nails.<\/p>\n<p class=\"p1\">Step-by-step instructions for polygel nail extension:<\/p>\n<p class=\"p1\">1. Prepare the nail plate (mechanical preparation).<\/p>\n<p class=\"p1\">2. Degrease with Cleanser.<\/p>\n<p class=\"p1\">3. Apply ultrabond.<\/p>\n<p class=\"p1\">4. When working with camouflage shades, be sure to apply a thin layer of transparent base.<\/p>\n<p class=\"p1\">5. Spread the polygel on the nail plate with an orange stick or a spatula.<\/p>\n<p class=\"p1\">6. Dampen the brush with Cleanser and shape the nails. Work with pressing and smoothing movements.<\/p>\n<p class=\"p1\">7. Cure polygel in a lamp for 120 seconds.<\/p>\n<p class=\"p1\">Refine the surface of the nail with a file with an abrasiveness of 180 grit.<\/p>\n","protected":false},"excerpt":{"rendered":"<p class=\"p1\">Polygel is a new generation material for building up and strengthening the nail plate, which quickly became a favourite for many nail masters.<\/p>\n<p class=\"p1\">It is a hybrid of gel and acrylic, has no toxic smell, and no harmful components. When filing, dust is generated, which is heavier than dust from other base materials. The dust settles on the table and does not spread in the air, which reduces the risk of allergic reactions in nail masters and clients.<\/p>\n","protected":false},"featured_media":8779,"comment_status":"open","ping_status":"closed","template":"","meta":[],"product_brand":[],"product_cat":[96],"product_tag":[],"class_list":{"0":"post-8777","1":"product","2":"type-product","3":"status-publish","4":"has-post-thumbnail","6":"product_cat-polygel","8":"first","9":"instock","10":"taxable","11":"shipping-taxable","12":"purchasable","13":"product-type-simple"},"yoast_head":"<!-- This site is optimized with the Yoast SEO plugin v26.0 - https:\/\/yoast.com\/wordpress\/plugins\/seo\/ -->\n<title>Kupi\u0107 PolyMix Lavender 30 gr 39943 i wyceni\u0107 niedrogo na Polygel<\/title>\n<meta name=\"description\" content=\"Nasze produkty to nie tylko towary, to dzie\u0142a sztuki, kt\u00f3re inspiruj\u0105 i pozwalaj\u0105 ka\u017cdemu styli\u015bcie paznokci wyrazi\u0107 swoj\u0105 indywidualno\u015b\u0107 poprzez niesamowite projekty.\" \/>\n<meta name=\"robots\" content=\"index, follow, max-snippet:-1, max-image-preview:large, max-video-preview:-1\" \/>\n<link rel=\"canonical\" href=\"https:\/\/aticanails.pl\/en\/product\/polymix-lavender-30-gr-39943\/\" \/>\n<meta property=\"og:locale\" content=\"en_US\" \/>\n<meta property=\"og:type\" content=\"article\" \/>\n<meta property=\"og:title\" content=\"Kupi\u0107 PolyMix Lavender 30 gr 39943 i wyceni\u0107 niedrogo na Polygel\" \/>\n<meta property=\"og:description\" content=\"Nasze produkty to nie tylko towary, to dzie\u0142a sztuki, kt\u00f3re inspiruj\u0105 i pozwalaj\u0105 ka\u017cdemu styli\u015bcie paznokci wyrazi\u0107 swoj\u0105 indywidualno\u015b\u0107 poprzez niesamowite projekty.\" \/>\n<meta property=\"og:url\" content=\"https:\/\/aticanails.pl\/en\/product\/polymix-lavender-30-gr-39943\/\" \/>\n<meta property=\"og:site_name\" content=\"Atica Nail Care Products\" \/>\n<meta property=\"article:modified_time\" content=\"2026-02-19T09:45:19+00:00\" \/>\n<meta property=\"og:image\" content=\"https:\/\/aticanails.pl\/wp-content\/uploads\/2025\/05\/5354932652077085942.jpg__1.jpg\" \/>\n\t<meta property=\"og:image:width\" content=\"600\" \/>\n\t<meta property=\"og:image:height\" content=\"600\" \/>\n\t<meta property=\"og:image:type\" content=\"image\/jpeg\" \/>\n<meta name=\"twitter:card\" content=\"summary_large_image\" \/>\n<meta name=\"twitter:label1\" content=\"Est. reading time\" \/>\n\t<meta name=\"twitter:data1\" content=\"2 minutes\" \/>\n<script type=\"application\/ld+json\" class=\"yoast-schema-graph\">{\"@context\":\"https:\/\/schema.org\",\"@graph\":[{\"@type\":\"WebPage\",\"@id\":\"https:\/\/aticanails.pl\/en\/product\/polymix-lavender-30-gr-39943\/\",\"url\":\"https:\/\/aticanails.pl\/en\/product\/polymix-lavender-30-gr-39943\/\",\"name\":\"Kupi\u0107 PolyMix Lavender 30 gr 39943 i wyceni\u0107 niedrogo na Polygel\",\"isPartOf\":{\"@id\":\"https:\/\/aticanails.pl\/en\/#website\"},\"primaryImageOfPage\":{\"@id\":\"https:\/\/aticanails.pl\/en\/product\/polymix-lavender-30-gr-39943\/#primaryimage\"},\"image\":{\"@id\":\"https:\/\/aticanails.pl\/en\/product\/polymix-lavender-30-gr-39943\/#primaryimage\"},\"thumbnailUrl\":\"https:\/\/aticanails.pl\/wp-content\/uploads\/2025\/05\/5354932652077085942.jpg__1.jpg\",\"datePublished\":\"2025-05-04T07:53:54+00:00\",\"dateModified\":\"2026-02-19T09:45:19+00:00\",\"description\":\"Nasze produkty to nie tylko towary, to dzie\u0142a sztuki, kt\u00f3re inspiruj\u0105 i pozwalaj\u0105 ka\u017cdemu styli\u015bcie paznokci wyrazi\u0107 swoj\u0105 indywidualno\u015b\u0107 poprzez niesamowite projekty.\",\"breadcrumb\":{\"@id\":\"https:\/\/aticanails.pl\/en\/product\/polymix-lavender-30-gr-39943\/#breadcrumb\"},\"inLanguage\":\"en-US\",\"potentialAction\":[{\"@type\":\"ReadAction\",\"target\":[\"https:\/\/aticanails.pl\/en\/product\/polymix-lavender-30-gr-39943\/\"]}]},{\"@type\":\"ImageObject\",\"inLanguage\":\"en-US\",\"@id\":\"https:\/\/aticanails.pl\/en\/product\/polymix-lavender-30-gr-39943\/#primaryimage\",\"url\":\"https:\/\/aticanails.pl\/wp-content\/uploads\/2025\/05\/5354932652077085942.jpg__1.jpg\",\"contentUrl\":\"https:\/\/aticanails.pl\/wp-content\/uploads\/2025\/05\/5354932652077085942.jpg__1.jpg\",\"width\":600,\"height\":600},{\"@type\":\"BreadcrumbList\",\"@id\":\"https:\/\/aticanails.pl\/en\/product\/polymix-lavender-30-gr-39943\/#breadcrumb\",\"itemListElement\":[{\"@type\":\"ListItem\",\"position\":1,\"name\":\"Home\",\"item\":\"https:\/\/aticanails.pl\/en\/\"},{\"@type\":\"ListItem\",\"position\":2,\"name\":\"Shop\",\"item\":\"https:\/\/aticanails.pl\/en\/shop\/\"},{\"@type\":\"ListItem\",\"position\":3,\"name\":\"PolyMix Lavender 30 gr 39943\"}]},{\"@type\":\"WebSite\",\"@id\":\"https:\/\/aticanails.pl\/en\/#website\",\"url\":\"https:\/\/aticanails.pl\/en\/\",\"name\":\"Atica Nail Care Products\",\"description\":\"Large selection of gel nail polishes and products for manicure\",\"publisher\":{\"@id\":\"https:\/\/aticanails.pl\/en\/#organization\"},\"potentialAction\":[{\"@type\":\"SearchAction\",\"target\":{\"@type\":\"EntryPoint\",\"urlTemplate\":\"https:\/\/aticanails.pl\/en\/?s={search_term_string}\"},\"query-input\":{\"@type\":\"PropertyValueSpecification\",\"valueRequired\":true,\"valueName\":\"search_term_string\"}}],\"inLanguage\":\"en-US\"},{\"@type\":\"Organization\",\"@id\":\"https:\/\/aticanails.pl\/en\/#organization\",\"name\":\"Atica Nail Care Products\",\"url\":\"https:\/\/aticanails.pl\/en\/\",\"logo\":{\"@type\":\"ImageObject\",\"inLanguage\":\"en-US\",\"@id\":\"https:\/\/aticanails.pl\/en\/#\/schema\/logo\/image\/\",\"url\":\"https:\/\/aticanails.pl\/wp-content\/uploads\/2023\/12\/logo-black.jpg\",\"contentUrl\":\"https:\/\/aticanails.pl\/wp-content\/uploads\/2023\/12\/logo-black.jpg\",\"width\":1251,\"height\":612,\"caption\":\"Atica Nail Care Products\"},\"image\":{\"@id\":\"https:\/\/aticanails.pl\/en\/#\/schema\/logo\/image\/\"},\"sameAs\":[\"https:\/\/www.instagram.com\/atica.nails_pl\/\"]}]}<\/script>\n<!-- \/ Yoast SEO plugin. -->","yoast_head_json":{"title":"Kupi\u0107 PolyMix Lavender 30 gr 39943 i wyceni\u0107 niedrogo na Polygel","description":"Nasze produkty to nie tylko towary, to dzie\u0142a sztuki, kt\u00f3re inspiruj\u0105 i pozwalaj\u0105 ka\u017cdemu styli\u015bcie paznokci wyrazi\u0107 swoj\u0105 indywidualno\u015b\u0107 poprzez niesamowite projekty.","robots":{"index":"index","follow":"follow","max-snippet":"max-snippet:-1","max-image-preview":"max-image-preview:large","max-video-preview":"max-video-preview:-1"},"canonical":"https:\/\/aticanails.pl\/en\/product\/polymix-lavender-30-gr-39943\/","og_locale":"en_US","og_type":"article","og_title":"Kupi\u0107 PolyMix Lavender 30 gr 39943 i wyceni\u0107 niedrogo na Polygel","og_description":"Nasze produkty to nie tylko towary, to dzie\u0142a sztuki, kt\u00f3re inspiruj\u0105 i pozwalaj\u0105 ka\u017cdemu styli\u015bcie paznokci wyrazi\u0107 swoj\u0105 indywidualno\u015b\u0107 poprzez niesamowite projekty.","og_url":"https:\/\/aticanails.pl\/en\/product\/polymix-lavender-30-gr-39943\/","og_site_name":"Atica Nail Care Products","article_modified_time":"2026-02-19T09:45:19+00:00","og_image":[{"width":600,"height":600,"url":"https:\/\/aticanails.pl\/wp-content\/uploads\/2025\/05\/5354932652077085942.jpg__1.jpg","type":"image\/jpeg"}],"twitter_card":"summary_large_image","twitter_misc":{"Est. reading time":"2 minutes"},"schema":{"@context":"https:\/\/schema.org","@graph":[{"@type":"WebPage","@id":"https:\/\/aticanails.pl\/en\/product\/polymix-lavender-30-gr-39943\/","url":"https:\/\/aticanails.pl\/en\/product\/polymix-lavender-30-gr-39943\/","name":"Kupi\u0107 PolyMix Lavender 30 gr 39943 i wyceni\u0107 niedrogo na Polygel","isPartOf":{"@id":"https:\/\/aticanails.pl\/en\/#website"},"primaryImageOfPage":{"@id":"https:\/\/aticanails.pl\/en\/product\/polymix-lavender-30-gr-39943\/#primaryimage"},"image":{"@id":"https:\/\/aticanails.pl\/en\/product\/polymix-lavender-30-gr-39943\/#primaryimage"},"thumbnailUrl":"https:\/\/aticanails.pl\/wp-content\/uploads\/2025\/05\/5354932652077085942.jpg__1.jpg","datePublished":"2025-05-04T07:53:54+00:00","dateModified":"2026-02-19T09:45:19+00:00","description":"Nasze produkty to nie tylko towary, to dzie\u0142a sztuki, kt\u00f3re inspiruj\u0105 i pozwalaj\u0105 ka\u017cdemu styli\u015bcie paznokci wyrazi\u0107 swoj\u0105 indywidualno\u015b\u0107 poprzez niesamowite projekty.","breadcrumb":{"@id":"https:\/\/aticanails.pl\/en\/product\/polymix-lavender-30-gr-39943\/#breadcrumb"},"inLanguage":"en-US","potentialAction":[{"@type":"ReadAction","target":["https:\/\/aticanails.pl\/en\/product\/polymix-lavender-30-gr-39943\/"]}]},{"@type":"ImageObject","inLanguage":"en-US","@id":"https:\/\/aticanails.pl\/en\/product\/polymix-lavender-30-gr-39943\/#primaryimage","url":"https:\/\/aticanails.pl\/wp-content\/uploads\/2025\/05\/5354932652077085942.jpg__1.jpg","contentUrl":"https:\/\/aticanails.pl\/wp-content\/uploads\/2025\/05\/5354932652077085942.jpg__1.jpg","width":600,"height":600},{"@type":"BreadcrumbList","@id":"https:\/\/aticanails.pl\/en\/product\/polymix-lavender-30-gr-39943\/#breadcrumb","itemListElement":[{"@type":"ListItem","position":1,"name":"Home","item":"https:\/\/aticanails.pl\/en\/"},{"@type":"ListItem","position":2,"name":"Shop","item":"https:\/\/aticanails.pl\/en\/shop\/"},{"@type":"ListItem","position":3,"name":"PolyMix Lavender 30 gr 39943"}]},{"@type":"WebSite","@id":"https:\/\/aticanails.pl\/en\/#website","url":"https:\/\/aticanails.pl\/en\/","name":"Atica Nail Care Products","description":"Large selection of gel nail polishes and products for manicure","publisher":{"@id":"https:\/\/aticanails.pl\/en\/#organization"},"potentialAction":[{"@type":"SearchAction","target":{"@type":"EntryPoint","urlTemplate":"https:\/\/aticanails.pl\/en\/?s={search_term_string}"},"query-input":{"@type":"PropertyValueSpecification","valueRequired":true,"valueName":"search_term_string"}}],"inLanguage":"en-US"},{"@type":"Organization","@id":"https:\/\/aticanails.pl\/en\/#organization","name":"Atica Nail Care Products","url":"https:\/\/aticanails.pl\/en\/","logo":{"@type":"ImageObject","inLanguage":"en-US","@id":"https:\/\/aticanails.pl\/en\/#\/schema\/logo\/image\/","url":"https:\/\/aticanails.pl\/wp-content\/uploads\/2023\/12\/logo-black.jpg","contentUrl":"https:\/\/aticanails.pl\/wp-content\/uploads\/2023\/12\/logo-black.jpg","width":1251,"height":612,"caption":"Atica Nail Care Products"},"image":{"@id":"https:\/\/aticanails.pl\/en\/#\/schema\/logo\/image\/"},"sameAs":["https:\/\/www.instagram.com\/atica.nails_pl\/"]}]}},"_links":{"self":[{"href":"https:\/\/aticanails.pl\/en\/wp-json\/wp\/v2\/product\/8777","targetHints":{"allow":["GET"]}}],"collection":[{"href":"https:\/\/aticanails.pl\/en\/wp-json\/wp\/v2\/product"}],"about":[{"href":"https:\/\/aticanails.pl\/en\/wp-json\/wp\/v2\/types\/product"}],"replies":[{"embeddable":true,"href":"https:\/\/aticanails.pl\/en\/wp-json\/wp\/v2\/comments?post=8777"}],"version-history":[{"count":1,"href":"https:\/\/aticanails.pl\/en\/wp-json\/wp\/v2\/product\/8777\/revisions"}],"predecessor-version":[{"id":8782,"href":"https:\/\/aticanails.pl\/en\/wp-json\/wp\/v2\/product\/8777\/revisions\/8782"}],"wp:featuredmedia":[{"embeddable":true,"href":"https:\/\/aticanails.pl\/en\/wp-json\/wp\/v2\/media\/8779"}],"wp:attachment":[{"href":"https:\/\/aticanails.pl\/en\/wp-json\/wp\/v2\/media?parent=8777"}],"wp:term":[{"taxonomy":"product_brand","embeddable":true,"href":"https:\/\/aticanails.pl\/en\/wp-json\/wp\/v2\/product_brand?post=8777"},{"taxonomy":"product_cat","embeddable":true,"href":"https:\/\/aticanails.pl\/en\/wp-json\/wp\/v2\/product_cat?post=8777"},{"taxonomy":"product_tag","embeddable":true,"href":"https:\/\/aticanails.pl\/en\/wp-json\/wp\/v2\/product_tag?post=8777"}],"curies":[{"name":"wp","href":"https:\/\/api.w.org\/{rel}","templated":true}]}}