{"id":8606,"date":"2025-04-26T20:28:10","date_gmt":"2025-04-26T20:28:10","guid":{"rendered":"https:\/\/aticanails.pl\/?post_type=product&#038;p=8606"},"modified":"2026-02-19T10:45:21","modified_gmt":"2026-02-19T09:45:21","slug":"liquid-polygel-fair-01","status":"publish","type":"product","link":"https:\/\/aticanails.pl\/en\/product\/liquid-polygel-fair-01\/","title":{"rendered":"Liquid Polygel Fair 01"},"content":{"rendered":"<p>Liquid Polygel from Atica is the perfect balance of strength and comfort!<\/p>\n<p>Liquid Polygel gels are suitable for working with long and short nails, and also perfectly strengthen sensitive nail plates. Due to their low acidity, they are safe to use, and the medium consistency allows for easy application of the material without spreading.<\/p>\n<p>using Liquid Polygel:<br \/>\n1\ufe0f\u20e3 Nail preparation &#8211; clean the nail plate with Cleanser.<br \/>\n2\ufe0f\u20e3 Primer &#8211; apply Ultrabond primer to improve adhesion.<br \/>\n3\ufe0f\u20e3 Base coat &#8211; apply a thin layer of Base Coat and cure in an LED\/hybrid or UV lamp.<br \/>\n4\ufe0f\u20e3 Modeling &#8211; carefully apply Liquid polygel, evenly distribute it over the nail plate, forming the desired architecture.<br \/>\n5\ufe0f\u20e3 Polymerization &#8211; dry the material in an LED\/hybrid or UV lamp.<br \/>\n6\ufe0f\u20e3 Finishing layer \u2013 complete the manicure by applying Top Coat.<\/p>\n","protected":false},"excerpt":{"rendered":"<p>Liquid Polygel from Atica is the perfect balance of strength and comfort!<\/p>\n<p>Liquid Polygel gels are suitable for working with long and short nails, and also perfectly strengthen sensitive nail plates. Thanks to their low acidity, they are safe to use, and the medium consistency allows for easy application without spreading.<\/p>\n","protected":false},"featured_media":8607,"comment_status":"open","ping_status":"closed","template":"","meta":[],"product_brand":[],"product_cat":[216,96],"product_tag":[],"class_list":{"0":"post-8606","1":"product","2":"type-product","3":"status-publish","4":"has-post-thumbnail","6":"product_cat-liquid-poligel","7":"product_cat-polygel","9":"first","10":"instock","11":"taxable","12":"shipping-taxable","13":"purchasable","14":"product-type-simple"},"yoast_head":"<!-- This site is optimized with the Yoast SEO plugin v26.0 - https:\/\/yoast.com\/wordpress\/plugins\/seo\/ -->\n<title>Kupi\u0107 Liquid Polygel Fair 01 i wyceni\u0107 niedrogo na Liquid Poligel, Polygel<\/title>\n<meta name=\"description\" content=\"Nasze produkty to nie tylko towary, to dzie\u0142a sztuki, kt\u00f3re inspiruj\u0105 i pozwalaj\u0105 ka\u017cdemu styli\u015bcie paznokci wyrazi\u0107 swoj\u0105 indywidualno\u015b\u0107 poprzez niesamowite projekty.\" \/>\n<meta name=\"robots\" content=\"index, follow, max-snippet:-1, max-image-preview:large, max-video-preview:-1\" \/>\n<link rel=\"canonical\" href=\"https:\/\/aticanails.pl\/en\/product\/liquid-polygel-fair-01\/\" \/>\n<meta property=\"og:locale\" content=\"en_US\" \/>\n<meta property=\"og:type\" content=\"article\" \/>\n<meta property=\"og:title\" content=\"Kupi\u0107 Liquid Polygel Fair 01 i wyceni\u0107 niedrogo na Liquid Poligel, Polygel\" \/>\n<meta property=\"og:description\" content=\"Nasze produkty to nie tylko towary, to dzie\u0142a sztuki, kt\u00f3re inspiruj\u0105 i pozwalaj\u0105 ka\u017cdemu styli\u015bcie paznokci wyrazi\u0107 swoj\u0105 indywidualno\u015b\u0107 poprzez niesamowite projekty.\" \/>\n<meta property=\"og:url\" content=\"https:\/\/aticanails.pl\/en\/product\/liquid-polygel-fair-01\/\" \/>\n<meta property=\"og:site_name\" content=\"Atica Nail Care Products\" \/>\n<meta property=\"article:modified_time\" content=\"2026-02-19T09:45:21+00:00\" \/>\n<meta property=\"og:image\" content=\"http:\/\/aticanails.pl\/wp-content\/uploads\/2025\/04\/photo_2025-04-26_22-58-09.jpg-\u043b\u0438\u043a\u0432\u0438\u0434-1.jpg\" \/>\n\t<meta property=\"og:image:width\" content=\"886\" \/>\n\t<meta property=\"og:image:height\" content=\"886\" \/>\n\t<meta property=\"og:image:type\" content=\"image\/jpeg\" \/>\n<meta name=\"twitter:card\" content=\"summary_large_image\" \/>\n<meta name=\"twitter:label1\" content=\"Est. reading time\" \/>\n\t<meta name=\"twitter:data1\" content=\"1 minute\" \/>\n<script type=\"application\/ld+json\" class=\"yoast-schema-graph\">{\"@context\":\"https:\/\/schema.org\",\"@graph\":[{\"@type\":\"WebPage\",\"@id\":\"https:\/\/aticanails.pl\/en\/product\/liquid-polygel-fair-01\/\",\"url\":\"https:\/\/aticanails.pl\/en\/product\/liquid-polygel-fair-01\/\",\"name\":\"Kupi\u0107 Liquid Polygel Fair 01 i wyceni\u0107 niedrogo na Liquid Poligel, Polygel\",\"isPartOf\":{\"@id\":\"https:\/\/aticanails.pl\/en\/#website\"},\"primaryImageOfPage\":{\"@id\":\"https:\/\/aticanails.pl\/en\/product\/liquid-polygel-fair-01\/#primaryimage\"},\"image\":{\"@id\":\"https:\/\/aticanails.pl\/en\/product\/liquid-polygel-fair-01\/#primaryimage\"},\"thumbnailUrl\":\"https:\/\/aticanails.pl\/wp-content\/uploads\/2025\/04\/photo_2025-04-26_22-58-09.jpg-\u043b\u0438\u043a\u0432\u0438\u0434-1.jpg\",\"datePublished\":\"2025-04-26T20:28:10+00:00\",\"dateModified\":\"2026-02-19T09:45:21+00:00\",\"description\":\"Nasze produkty to nie tylko towary, to dzie\u0142a sztuki, kt\u00f3re inspiruj\u0105 i pozwalaj\u0105 ka\u017cdemu styli\u015bcie paznokci wyrazi\u0107 swoj\u0105 indywidualno\u015b\u0107 poprzez niesamowite projekty.\",\"breadcrumb\":{\"@id\":\"https:\/\/aticanails.pl\/en\/product\/liquid-polygel-fair-01\/#breadcrumb\"},\"inLanguage\":\"en-US\",\"potentialAction\":[{\"@type\":\"ReadAction\",\"target\":[\"https:\/\/aticanails.pl\/en\/product\/liquid-polygel-fair-01\/\"]}]},{\"@type\":\"ImageObject\",\"inLanguage\":\"en-US\",\"@id\":\"https:\/\/aticanails.pl\/en\/product\/liquid-polygel-fair-01\/#primaryimage\",\"url\":\"https:\/\/aticanails.pl\/wp-content\/uploads\/2025\/04\/photo_2025-04-26_22-58-09.jpg-\u043b\u0438\u043a\u0432\u0438\u0434-1.jpg\",\"contentUrl\":\"https:\/\/aticanails.pl\/wp-content\/uploads\/2025\/04\/photo_2025-04-26_22-58-09.jpg-\u043b\u0438\u043a\u0432\u0438\u0434-1.jpg\",\"width\":886,\"height\":886},{\"@type\":\"BreadcrumbList\",\"@id\":\"https:\/\/aticanails.pl\/en\/product\/liquid-polygel-fair-01\/#breadcrumb\",\"itemListElement\":[{\"@type\":\"ListItem\",\"position\":1,\"name\":\"Home\",\"item\":\"https:\/\/aticanails.pl\/en\/\"},{\"@type\":\"ListItem\",\"position\":2,\"name\":\"Shop\",\"item\":\"https:\/\/aticanails.pl\/en\/shop\/\"},{\"@type\":\"ListItem\",\"position\":3,\"name\":\"Liquid Polygel Fair 01\"}]},{\"@type\":\"WebSite\",\"@id\":\"https:\/\/aticanails.pl\/en\/#website\",\"url\":\"https:\/\/aticanails.pl\/en\/\",\"name\":\"Atica Nail Care Products\",\"description\":\"Large selection of gel nail polishes and products for manicure\",\"publisher\":{\"@id\":\"https:\/\/aticanails.pl\/en\/#organization\"},\"potentialAction\":[{\"@type\":\"SearchAction\",\"target\":{\"@type\":\"EntryPoint\",\"urlTemplate\":\"https:\/\/aticanails.pl\/en\/?s={search_term_string}\"},\"query-input\":{\"@type\":\"PropertyValueSpecification\",\"valueRequired\":true,\"valueName\":\"search_term_string\"}}],\"inLanguage\":\"en-US\"},{\"@type\":\"Organization\",\"@id\":\"https:\/\/aticanails.pl\/en\/#organization\",\"name\":\"Atica Nail Care Products\",\"url\":\"https:\/\/aticanails.pl\/en\/\",\"logo\":{\"@type\":\"ImageObject\",\"inLanguage\":\"en-US\",\"@id\":\"https:\/\/aticanails.pl\/en\/#\/schema\/logo\/image\/\",\"url\":\"https:\/\/aticanails.pl\/wp-content\/uploads\/2023\/12\/logo-black.jpg\",\"contentUrl\":\"https:\/\/aticanails.pl\/wp-content\/uploads\/2023\/12\/logo-black.jpg\",\"width\":1251,\"height\":612,\"caption\":\"Atica Nail Care Products\"},\"image\":{\"@id\":\"https:\/\/aticanails.pl\/en\/#\/schema\/logo\/image\/\"},\"sameAs\":[\"https:\/\/www.instagram.com\/atica.nails_pl\/\"]}]}<\/script>\n<!-- \/ Yoast SEO plugin. -->","yoast_head_json":{"title":"Kupi\u0107 Liquid Polygel Fair 01 i wyceni\u0107 niedrogo na Liquid Poligel, Polygel","description":"Nasze produkty to nie tylko towary, to dzie\u0142a sztuki, kt\u00f3re inspiruj\u0105 i pozwalaj\u0105 ka\u017cdemu styli\u015bcie paznokci wyrazi\u0107 swoj\u0105 indywidualno\u015b\u0107 poprzez niesamowite projekty.","robots":{"index":"index","follow":"follow","max-snippet":"max-snippet:-1","max-image-preview":"max-image-preview:large","max-video-preview":"max-video-preview:-1"},"canonical":"https:\/\/aticanails.pl\/en\/product\/liquid-polygel-fair-01\/","og_locale":"en_US","og_type":"article","og_title":"Kupi\u0107 Liquid Polygel Fair 01 i wyceni\u0107 niedrogo na Liquid Poligel, Polygel","og_description":"Nasze produkty to nie tylko towary, to dzie\u0142a sztuki, kt\u00f3re inspiruj\u0105 i pozwalaj\u0105 ka\u017cdemu styli\u015bcie paznokci wyrazi\u0107 swoj\u0105 indywidualno\u015b\u0107 poprzez niesamowite projekty.","og_url":"https:\/\/aticanails.pl\/en\/product\/liquid-polygel-fair-01\/","og_site_name":"Atica Nail Care Products","article_modified_time":"2026-02-19T09:45:21+00:00","og_image":[{"width":886,"height":886,"url":"http:\/\/aticanails.pl\/wp-content\/uploads\/2025\/04\/photo_2025-04-26_22-58-09.jpg-\u043b\u0438\u043a\u0432\u0438\u0434-1.jpg","type":"image\/jpeg"}],"twitter_card":"summary_large_image","twitter_misc":{"Est. reading time":"1 minute"},"schema":{"@context":"https:\/\/schema.org","@graph":[{"@type":"WebPage","@id":"https:\/\/aticanails.pl\/en\/product\/liquid-polygel-fair-01\/","url":"https:\/\/aticanails.pl\/en\/product\/liquid-polygel-fair-01\/","name":"Kupi\u0107 Liquid Polygel Fair 01 i wyceni\u0107 niedrogo na Liquid Poligel, Polygel","isPartOf":{"@id":"https:\/\/aticanails.pl\/en\/#website"},"primaryImageOfPage":{"@id":"https:\/\/aticanails.pl\/en\/product\/liquid-polygel-fair-01\/#primaryimage"},"image":{"@id":"https:\/\/aticanails.pl\/en\/product\/liquid-polygel-fair-01\/#primaryimage"},"thumbnailUrl":"https:\/\/aticanails.pl\/wp-content\/uploads\/2025\/04\/photo_2025-04-26_22-58-09.jpg-\u043b\u0438\u043a\u0432\u0438\u0434-1.jpg","datePublished":"2025-04-26T20:28:10+00:00","dateModified":"2026-02-19T09:45:21+00:00","description":"Nasze produkty to nie tylko towary, to dzie\u0142a sztuki, kt\u00f3re inspiruj\u0105 i pozwalaj\u0105 ka\u017cdemu styli\u015bcie paznokci wyrazi\u0107 swoj\u0105 indywidualno\u015b\u0107 poprzez niesamowite projekty.","breadcrumb":{"@id":"https:\/\/aticanails.pl\/en\/product\/liquid-polygel-fair-01\/#breadcrumb"},"inLanguage":"en-US","potentialAction":[{"@type":"ReadAction","target":["https:\/\/aticanails.pl\/en\/product\/liquid-polygel-fair-01\/"]}]},{"@type":"ImageObject","inLanguage":"en-US","@id":"https:\/\/aticanails.pl\/en\/product\/liquid-polygel-fair-01\/#primaryimage","url":"https:\/\/aticanails.pl\/wp-content\/uploads\/2025\/04\/photo_2025-04-26_22-58-09.jpg-\u043b\u0438\u043a\u0432\u0438\u0434-1.jpg","contentUrl":"https:\/\/aticanails.pl\/wp-content\/uploads\/2025\/04\/photo_2025-04-26_22-58-09.jpg-\u043b\u0438\u043a\u0432\u0438\u0434-1.jpg","width":886,"height":886},{"@type":"BreadcrumbList","@id":"https:\/\/aticanails.pl\/en\/product\/liquid-polygel-fair-01\/#breadcrumb","itemListElement":[{"@type":"ListItem","position":1,"name":"Home","item":"https:\/\/aticanails.pl\/en\/"},{"@type":"ListItem","position":2,"name":"Shop","item":"https:\/\/aticanails.pl\/en\/shop\/"},{"@type":"ListItem","position":3,"name":"Liquid Polygel Fair 01"}]},{"@type":"WebSite","@id":"https:\/\/aticanails.pl\/en\/#website","url":"https:\/\/aticanails.pl\/en\/","name":"Atica Nail Care Products","description":"Large selection of gel nail polishes and products for manicure","publisher":{"@id":"https:\/\/aticanails.pl\/en\/#organization"},"potentialAction":[{"@type":"SearchAction","target":{"@type":"EntryPoint","urlTemplate":"https:\/\/aticanails.pl\/en\/?s={search_term_string}"},"query-input":{"@type":"PropertyValueSpecification","valueRequired":true,"valueName":"search_term_string"}}],"inLanguage":"en-US"},{"@type":"Organization","@id":"https:\/\/aticanails.pl\/en\/#organization","name":"Atica Nail Care Products","url":"https:\/\/aticanails.pl\/en\/","logo":{"@type":"ImageObject","inLanguage":"en-US","@id":"https:\/\/aticanails.pl\/en\/#\/schema\/logo\/image\/","url":"https:\/\/aticanails.pl\/wp-content\/uploads\/2023\/12\/logo-black.jpg","contentUrl":"https:\/\/aticanails.pl\/wp-content\/uploads\/2023\/12\/logo-black.jpg","width":1251,"height":612,"caption":"Atica Nail Care Products"},"image":{"@id":"https:\/\/aticanails.pl\/en\/#\/schema\/logo\/image\/"},"sameAs":["https:\/\/www.instagram.com\/atica.nails_pl\/"]}]}},"_links":{"self":[{"href":"https:\/\/aticanails.pl\/en\/wp-json\/wp\/v2\/product\/8606","targetHints":{"allow":["GET"]}}],"collection":[{"href":"https:\/\/aticanails.pl\/en\/wp-json\/wp\/v2\/product"}],"about":[{"href":"https:\/\/aticanails.pl\/en\/wp-json\/wp\/v2\/types\/product"}],"replies":[{"embeddable":true,"href":"https:\/\/aticanails.pl\/en\/wp-json\/wp\/v2\/comments?post=8606"}],"version-history":[{"count":1,"href":"https:\/\/aticanails.pl\/en\/wp-json\/wp\/v2\/product\/8606\/revisions"}],"predecessor-version":[{"id":8613,"href":"https:\/\/aticanails.pl\/en\/wp-json\/wp\/v2\/product\/8606\/revisions\/8613"}],"wp:featuredmedia":[{"embeddable":true,"href":"https:\/\/aticanails.pl\/en\/wp-json\/wp\/v2\/media\/8607"}],"wp:attachment":[{"href":"https:\/\/aticanails.pl\/en\/wp-json\/wp\/v2\/media?parent=8606"}],"wp:term":[{"taxonomy":"product_brand","embeddable":true,"href":"https:\/\/aticanails.pl\/en\/wp-json\/wp\/v2\/product_brand?post=8606"},{"taxonomy":"product_cat","embeddable":true,"href":"https:\/\/aticanails.pl\/en\/wp-json\/wp\/v2\/product_cat?post=8606"},{"taxonomy":"product_tag","embeddable":true,"href":"https:\/\/aticanails.pl\/en\/wp-json\/wp\/v2\/product_tag?post=8606"}],"curies":[{"name":"wp","href":"https:\/\/api.w.org\/{rel}","templated":true}]}}