{"id":8583,"date":"2025-04-15T14:31:08","date_gmt":"2025-04-15T14:31:08","guid":{"rendered":"https:\/\/aticanails.pl\/?post_type=product&#038;p=8583"},"modified":"2025-12-03T11:21:39","modified_gmt":"2025-12-03T10:21:39","slug":"ultrabod-per-fix-15ml-85400","status":"publish","type":"product","link":"https:\/\/aticanails.pl\/en\/product\/ultrabod-per-fix-15ml-85400\/","title":{"rendered":"ATICA ULTRABOND PERFIX 15ml"},"content":{"rendered":"<p>If you are faced with problematic nails, then the main assistant in the adhesion of the coating to the nail plate will be the acid-free primer from the company Atica.<\/p>\n<p>Its main advantages: Does not overdry the nails, prevents brittleness, provides maximum adhesion, fills all peeling and cracks of the nail.<\/p>\n<p>Has a gel structure and a sticky layer.<\/p>\n<p>We recommend applying a very thin layer. Squeeze the brush from the edge of the bottle or blot with a dry napkin and apply the liquid over the entire surface of the nail plate.<\/p>\n<p>Ultrabond PERFIX guarantees the durability of the coating. The manicure will delight your clients for a long time with its perfect appearance without chips and cracks.<\/p>\n<p>It is easy to place an order for Ultrabond PERFIX from the company Atica!<\/p>\n<p>Just add to the cart on the website, fill in the details, choose the delivery method: self-pickup from a Nova Poshta branch or by courier directly to your door, and in a couple of days the primer will delight you at work.<\/p>\n","protected":false},"excerpt":{"rendered":"<p>If you are faced with problematic nails, then the main assistant in the adhesion of the coating to the nail plate will be the acid-free primer from the company Atica.<\/p>\n<p>Its main advantages: Does not overdry the nails, prevents brittleness, provides maximum adhesion, fills all peeling and cracks of the nail.<\/p>\n<p>Has a gel structure and a sticky layer.<\/p>\n<p>We recommend applying a very thin layer. Squeeze the brush from the edge of the bottle or blot with a dry napkin and apply the liquid over the entire surface of the nail plate.<\/p>\n<p>Ultrabond PERFIX guarantees the durability of the coating. The manicure will delight your clients for a long time with its perfect appearance without chips and cracks.<\/p>\n<p>It is easy to place an order for Ultrabond PERFIX from the company Atica!<\/p>\n<p>Just add to the cart on the website, fill in the details, choose the delivery method: self-pickup from a Nova Poshta branch or by courier directly to your door, and in a couple of days the primer will delight you at work.<\/p>\n","protected":false},"featured_media":3238,"comment_status":"open","ping_status":"closed","template":"","meta":[],"product_brand":[],"product_cat":[29,73],"product_tag":[],"class_list":{"0":"post-8583","1":"product","2":"type-product","3":"status-publish","4":"has-post-thumbnail","6":"product_cat-accessories","7":"product_cat-preparation-solution","9":"first","10":"instock","11":"taxable","12":"shipping-taxable","13":"purchasable","14":"product-type-simple"},"yoast_head":"<!-- This site is optimized with the Yoast SEO plugin v26.0 - https:\/\/yoast.com\/wordpress\/plugins\/seo\/ -->\n<title>Kupi\u0107 ATICA ULTRABOND PERFIX 15ml i wyceni\u0107 niedrogo na Accessories, Preparation Solution<\/title>\n<meta name=\"description\" content=\"Nasze produkty to nie tylko towary, to dzie\u0142a sztuki, kt\u00f3re inspiruj\u0105 i pozwalaj\u0105 ka\u017cdemu styli\u015bcie paznokci wyrazi\u0107 swoj\u0105 indywidualno\u015b\u0107 poprzez niesamowite projekty.\" \/>\n<meta name=\"robots\" content=\"index, follow, max-snippet:-1, max-image-preview:large, max-video-preview:-1\" \/>\n<link rel=\"canonical\" href=\"https:\/\/aticanails.pl\/en\/product\/ultrabod-per-fix-15ml-85400\/\" \/>\n<meta property=\"og:locale\" content=\"en_US\" \/>\n<meta property=\"og:type\" content=\"article\" \/>\n<meta property=\"og:title\" content=\"Kupi\u0107 ATICA ULTRABOND PERFIX 15ml i wyceni\u0107 niedrogo na Accessories, Preparation Solution\" \/>\n<meta property=\"og:description\" content=\"Nasze produkty to nie tylko towary, to dzie\u0142a sztuki, kt\u00f3re inspiruj\u0105 i pozwalaj\u0105 ka\u017cdemu styli\u015bcie paznokci wyrazi\u0107 swoj\u0105 indywidualno\u015b\u0107 poprzez niesamowite projekty.\" \/>\n<meta property=\"og:url\" content=\"https:\/\/aticanails.pl\/en\/product\/ultrabod-per-fix-15ml-85400\/\" \/>\n<meta property=\"og:site_name\" content=\"Atica Nail Care Products\" \/>\n<meta property=\"article:modified_time\" content=\"2025-12-03T10:21:39+00:00\" \/>\n<meta property=\"og:image\" content=\"http:\/\/aticanails.pl\/wp-content\/uploads\/2023\/12\/dsj_8654b.jpg\" \/>\n\t<meta property=\"og:image:width\" content=\"1000\" \/>\n\t<meta property=\"og:image:height\" content=\"1000\" \/>\n\t<meta property=\"og:image:type\" content=\"image\/jpeg\" \/>\n<meta name=\"twitter:card\" content=\"summary_large_image\" \/>\n<meta name=\"twitter:label1\" content=\"Est. reading time\" \/>\n\t<meta name=\"twitter:data1\" content=\"1 minute\" \/>\n<script type=\"application\/ld+json\" class=\"yoast-schema-graph\">{\"@context\":\"https:\/\/schema.org\",\"@graph\":[{\"@type\":\"WebPage\",\"@id\":\"https:\/\/aticanails.pl\/en\/product\/ultrabod-per-fix-15ml-85400\/\",\"url\":\"https:\/\/aticanails.pl\/en\/product\/ultrabod-per-fix-15ml-85400\/\",\"name\":\"Kupi\u0107 ATICA ULTRABOND PERFIX 15ml i wyceni\u0107 niedrogo na Accessories, Preparation Solution\",\"isPartOf\":{\"@id\":\"https:\/\/aticanails.pl\/en\/#website\"},\"primaryImageOfPage\":{\"@id\":\"https:\/\/aticanails.pl\/en\/product\/ultrabod-per-fix-15ml-85400\/#primaryimage\"},\"image\":{\"@id\":\"https:\/\/aticanails.pl\/en\/product\/ultrabod-per-fix-15ml-85400\/#primaryimage\"},\"thumbnailUrl\":\"https:\/\/aticanails.pl\/wp-content\/uploads\/2023\/12\/dsj_8654b.jpg\",\"datePublished\":\"2025-04-15T14:31:08+00:00\",\"dateModified\":\"2025-12-03T10:21:39+00:00\",\"description\":\"Nasze produkty to nie tylko towary, to dzie\u0142a sztuki, kt\u00f3re inspiruj\u0105 i pozwalaj\u0105 ka\u017cdemu styli\u015bcie paznokci wyrazi\u0107 swoj\u0105 indywidualno\u015b\u0107 poprzez niesamowite projekty.\",\"breadcrumb\":{\"@id\":\"https:\/\/aticanails.pl\/en\/product\/ultrabod-per-fix-15ml-85400\/#breadcrumb\"},\"inLanguage\":\"en-US\",\"potentialAction\":[{\"@type\":\"ReadAction\",\"target\":[\"https:\/\/aticanails.pl\/en\/product\/ultrabod-per-fix-15ml-85400\/\"]}]},{\"@type\":\"ImageObject\",\"inLanguage\":\"en-US\",\"@id\":\"https:\/\/aticanails.pl\/en\/product\/ultrabod-per-fix-15ml-85400\/#primaryimage\",\"url\":\"https:\/\/aticanails.pl\/wp-content\/uploads\/2023\/12\/dsj_8654b.jpg\",\"contentUrl\":\"https:\/\/aticanails.pl\/wp-content\/uploads\/2023\/12\/dsj_8654b.jpg\",\"width\":1000,\"height\":1000},{\"@type\":\"BreadcrumbList\",\"@id\":\"https:\/\/aticanails.pl\/en\/product\/ultrabod-per-fix-15ml-85400\/#breadcrumb\",\"itemListElement\":[{\"@type\":\"ListItem\",\"position\":1,\"name\":\"Home\",\"item\":\"https:\/\/aticanails.pl\/en\/\"},{\"@type\":\"ListItem\",\"position\":2,\"name\":\"Shop\",\"item\":\"https:\/\/aticanails.pl\/en\/shop\/\"},{\"@type\":\"ListItem\",\"position\":3,\"name\":\"ATICA ULTRABOND PERFIX 15ml\"}]},{\"@type\":\"WebSite\",\"@id\":\"https:\/\/aticanails.pl\/en\/#website\",\"url\":\"https:\/\/aticanails.pl\/en\/\",\"name\":\"Atica Nail Care Products\",\"description\":\"Large selection of gel nail polishes and products for manicure\",\"publisher\":{\"@id\":\"https:\/\/aticanails.pl\/en\/#organization\"},\"potentialAction\":[{\"@type\":\"SearchAction\",\"target\":{\"@type\":\"EntryPoint\",\"urlTemplate\":\"https:\/\/aticanails.pl\/en\/?s={search_term_string}\"},\"query-input\":{\"@type\":\"PropertyValueSpecification\",\"valueRequired\":true,\"valueName\":\"search_term_string\"}}],\"inLanguage\":\"en-US\"},{\"@type\":\"Organization\",\"@id\":\"https:\/\/aticanails.pl\/en\/#organization\",\"name\":\"Atica Nail Care Products\",\"url\":\"https:\/\/aticanails.pl\/en\/\",\"logo\":{\"@type\":\"ImageObject\",\"inLanguage\":\"en-US\",\"@id\":\"https:\/\/aticanails.pl\/en\/#\/schema\/logo\/image\/\",\"url\":\"https:\/\/aticanails.pl\/wp-content\/uploads\/2023\/12\/logo-black.jpg\",\"contentUrl\":\"https:\/\/aticanails.pl\/wp-content\/uploads\/2023\/12\/logo-black.jpg\",\"width\":1251,\"height\":612,\"caption\":\"Atica Nail Care Products\"},\"image\":{\"@id\":\"https:\/\/aticanails.pl\/en\/#\/schema\/logo\/image\/\"},\"sameAs\":[\"https:\/\/www.instagram.com\/atica.nails_pl\/\"]}]}<\/script>\n<!-- \/ Yoast SEO plugin. -->","yoast_head_json":{"title":"Kupi\u0107 ATICA ULTRABOND PERFIX 15ml i wyceni\u0107 niedrogo na Accessories, Preparation Solution","description":"Nasze produkty to nie tylko towary, to dzie\u0142a sztuki, kt\u00f3re inspiruj\u0105 i pozwalaj\u0105 ka\u017cdemu styli\u015bcie paznokci wyrazi\u0107 swoj\u0105 indywidualno\u015b\u0107 poprzez niesamowite projekty.","robots":{"index":"index","follow":"follow","max-snippet":"max-snippet:-1","max-image-preview":"max-image-preview:large","max-video-preview":"max-video-preview:-1"},"canonical":"https:\/\/aticanails.pl\/en\/product\/ultrabod-per-fix-15ml-85400\/","og_locale":"en_US","og_type":"article","og_title":"Kupi\u0107 ATICA ULTRABOND PERFIX 15ml i wyceni\u0107 niedrogo na Accessories, Preparation Solution","og_description":"Nasze produkty to nie tylko towary, to dzie\u0142a sztuki, kt\u00f3re inspiruj\u0105 i pozwalaj\u0105 ka\u017cdemu styli\u015bcie paznokci wyrazi\u0107 swoj\u0105 indywidualno\u015b\u0107 poprzez niesamowite projekty.","og_url":"https:\/\/aticanails.pl\/en\/product\/ultrabod-per-fix-15ml-85400\/","og_site_name":"Atica Nail Care Products","article_modified_time":"2025-12-03T10:21:39+00:00","og_image":[{"width":1000,"height":1000,"url":"http:\/\/aticanails.pl\/wp-content\/uploads\/2023\/12\/dsj_8654b.jpg","type":"image\/jpeg"}],"twitter_card":"summary_large_image","twitter_misc":{"Est. reading time":"1 minute"},"schema":{"@context":"https:\/\/schema.org","@graph":[{"@type":"WebPage","@id":"https:\/\/aticanails.pl\/en\/product\/ultrabod-per-fix-15ml-85400\/","url":"https:\/\/aticanails.pl\/en\/product\/ultrabod-per-fix-15ml-85400\/","name":"Kupi\u0107 ATICA ULTRABOND PERFIX 15ml i wyceni\u0107 niedrogo na Accessories, Preparation Solution","isPartOf":{"@id":"https:\/\/aticanails.pl\/en\/#website"},"primaryImageOfPage":{"@id":"https:\/\/aticanails.pl\/en\/product\/ultrabod-per-fix-15ml-85400\/#primaryimage"},"image":{"@id":"https:\/\/aticanails.pl\/en\/product\/ultrabod-per-fix-15ml-85400\/#primaryimage"},"thumbnailUrl":"https:\/\/aticanails.pl\/wp-content\/uploads\/2023\/12\/dsj_8654b.jpg","datePublished":"2025-04-15T14:31:08+00:00","dateModified":"2025-12-03T10:21:39+00:00","description":"Nasze produkty to nie tylko towary, to dzie\u0142a sztuki, kt\u00f3re inspiruj\u0105 i pozwalaj\u0105 ka\u017cdemu styli\u015bcie paznokci wyrazi\u0107 swoj\u0105 indywidualno\u015b\u0107 poprzez niesamowite projekty.","breadcrumb":{"@id":"https:\/\/aticanails.pl\/en\/product\/ultrabod-per-fix-15ml-85400\/#breadcrumb"},"inLanguage":"en-US","potentialAction":[{"@type":"ReadAction","target":["https:\/\/aticanails.pl\/en\/product\/ultrabod-per-fix-15ml-85400\/"]}]},{"@type":"ImageObject","inLanguage":"en-US","@id":"https:\/\/aticanails.pl\/en\/product\/ultrabod-per-fix-15ml-85400\/#primaryimage","url":"https:\/\/aticanails.pl\/wp-content\/uploads\/2023\/12\/dsj_8654b.jpg","contentUrl":"https:\/\/aticanails.pl\/wp-content\/uploads\/2023\/12\/dsj_8654b.jpg","width":1000,"height":1000},{"@type":"BreadcrumbList","@id":"https:\/\/aticanails.pl\/en\/product\/ultrabod-per-fix-15ml-85400\/#breadcrumb","itemListElement":[{"@type":"ListItem","position":1,"name":"Home","item":"https:\/\/aticanails.pl\/en\/"},{"@type":"ListItem","position":2,"name":"Shop","item":"https:\/\/aticanails.pl\/en\/shop\/"},{"@type":"ListItem","position":3,"name":"ATICA ULTRABOND PERFIX 15ml"}]},{"@type":"WebSite","@id":"https:\/\/aticanails.pl\/en\/#website","url":"https:\/\/aticanails.pl\/en\/","name":"Atica Nail Care Products","description":"Large selection of gel nail polishes and products for manicure","publisher":{"@id":"https:\/\/aticanails.pl\/en\/#organization"},"potentialAction":[{"@type":"SearchAction","target":{"@type":"EntryPoint","urlTemplate":"https:\/\/aticanails.pl\/en\/?s={search_term_string}"},"query-input":{"@type":"PropertyValueSpecification","valueRequired":true,"valueName":"search_term_string"}}],"inLanguage":"en-US"},{"@type":"Organization","@id":"https:\/\/aticanails.pl\/en\/#organization","name":"Atica Nail Care Products","url":"https:\/\/aticanails.pl\/en\/","logo":{"@type":"ImageObject","inLanguage":"en-US","@id":"https:\/\/aticanails.pl\/en\/#\/schema\/logo\/image\/","url":"https:\/\/aticanails.pl\/wp-content\/uploads\/2023\/12\/logo-black.jpg","contentUrl":"https:\/\/aticanails.pl\/wp-content\/uploads\/2023\/12\/logo-black.jpg","width":1251,"height":612,"caption":"Atica Nail Care Products"},"image":{"@id":"https:\/\/aticanails.pl\/en\/#\/schema\/logo\/image\/"},"sameAs":["https:\/\/www.instagram.com\/atica.nails_pl\/"]}]}},"_links":{"self":[{"href":"https:\/\/aticanails.pl\/en\/wp-json\/wp\/v2\/product\/8583","targetHints":{"allow":["GET"]}}],"collection":[{"href":"https:\/\/aticanails.pl\/en\/wp-json\/wp\/v2\/product"}],"about":[{"href":"https:\/\/aticanails.pl\/en\/wp-json\/wp\/v2\/types\/product"}],"replies":[{"embeddable":true,"href":"https:\/\/aticanails.pl\/en\/wp-json\/wp\/v2\/comments?post=8583"}],"version-history":[{"count":4,"href":"https:\/\/aticanails.pl\/en\/wp-json\/wp\/v2\/product\/8583\/revisions"}],"predecessor-version":[{"id":8969,"href":"https:\/\/aticanails.pl\/en\/wp-json\/wp\/v2\/product\/8583\/revisions\/8969"}],"wp:featuredmedia":[{"embeddable":true,"href":"https:\/\/aticanails.pl\/en\/wp-json\/wp\/v2\/media\/3238"}],"wp:attachment":[{"href":"https:\/\/aticanails.pl\/en\/wp-json\/wp\/v2\/media?parent=8583"}],"wp:term":[{"taxonomy":"product_brand","embeddable":true,"href":"https:\/\/aticanails.pl\/en\/wp-json\/wp\/v2\/product_brand?post=8583"},{"taxonomy":"product_cat","embeddable":true,"href":"https:\/\/aticanails.pl\/en\/wp-json\/wp\/v2\/product_cat?post=8583"},{"taxonomy":"product_tag","embeddable":true,"href":"https:\/\/aticanails.pl\/en\/wp-json\/wp\/v2\/product_tag?post=8583"}],"curies":[{"name":"wp","href":"https:\/\/api.w.org\/{rel}","templated":true}]}}