{"id":7119,"date":"2024-07-31T12:36:28","date_gmt":"2024-07-31T12:36:28","guid":{"rendered":"https:\/\/aticanails.pl\/?post_type=product&#038;p=7119"},"modified":"2025-12-02T11:01:42","modified_gmt":"2025-12-02T10:01:42","slug":"base-gel-french-rose-with-fiber-15-ml-85443","status":"publish","type":"product","link":"https:\/\/aticanails.pl\/en\/product\/base-gel-french-rose-with-fiber-15-ml-85443\/","title":{"rendered":"Base Gel French Rose with Fiber"},"content":{"rendered":"<p class=\"p1\">Atica base gels are the main material that depends on the quality of the work performed.<\/p>\n<p class=\"p1\">All Atica bases are developed according to the innovative Cool formula &#8211; a system of cool gels. This means that they do not burn in the lamp and allow manicure to be comfortable, both for the master, and for the client.<\/p>\n<p class=\"p1\">Elastic, balance together with the nail, do not detach.<\/p>\n<p class=\"p1\">Due to the synthetic caoutchouc in the content, the material on the nails easily survive up to 4 years without shrinkage.<\/p>\n<p class=\"p1\">We are for healthy materials! That is why the creation of the base used an unique 7 free formula, which does not contain formaldehyde, toluene, dibutyl phthalazole , camphor and formaldehyde resins, xylitol, ethyltosilamide.<\/p>\n<p class=\"p1\">Medium density, high strength, universality &#8211; the main advantages of our bases.<\/p>\n<p class=\"p1\">We have one clear base &#8211; absolute Must Have in the arsenal of the professional and big variety of shades of camouflage bases with natural pigment, matte and even with shimmer.<\/p>\n","protected":false},"excerpt":{"rendered":"<p>Atica base gels are the main material that depends on the quality of the work performed. All Atica bases are<\/p>\n","protected":false},"featured_media":7120,"comment_status":"open","ping_status":"closed","template":"","meta":[],"product_brand":[],"product_cat":[74,75],"product_tag":[],"class_list":{"0":"post-7119","1":"product","2":"type-product","3":"status-publish","4":"has-post-thumbnail","6":"product_cat-base-coat","7":"product_cat-base-coat-base-coat","9":"first","10":"instock","11":"taxable","12":"shipping-taxable","13":"purchasable","14":"product-type-variable"},"yoast_head":"<!-- This site is optimized with the Yoast SEO plugin v26.0 - https:\/\/yoast.com\/wordpress\/plugins\/seo\/ -->\n<title>Kupi\u0107 Base Gel French Rose with Fiber i wyceni\u0107 niedrogo na Base &amp; Top Coat, Base coat<\/title>\n<meta name=\"description\" content=\"Nasze produkty to nie tylko towary, to dzie\u0142a sztuki, kt\u00f3re inspiruj\u0105 i pozwalaj\u0105 ka\u017cdemu styli\u015bcie paznokci wyrazi\u0107 swoj\u0105 indywidualno\u015b\u0107 poprzez niesamowite projekty.\" \/>\n<meta name=\"robots\" content=\"index, follow, max-snippet:-1, max-image-preview:large, max-video-preview:-1\" \/>\n<link rel=\"canonical\" href=\"https:\/\/aticanails.pl\/en\/product\/base-gel-french-rose-with-fiber-15-ml-85443\/\" \/>\n<meta property=\"og:locale\" content=\"en_US\" \/>\n<meta property=\"og:type\" content=\"article\" \/>\n<meta property=\"og:title\" content=\"Kupi\u0107 Base Gel French Rose with Fiber i wyceni\u0107 niedrogo na Base &amp; Top Coat, Base coat\" \/>\n<meta property=\"og:description\" content=\"Nasze produkty to nie tylko towary, to dzie\u0142a sztuki, kt\u00f3re inspiruj\u0105 i pozwalaj\u0105 ka\u017cdemu styli\u015bcie paznokci wyrazi\u0107 swoj\u0105 indywidualno\u015b\u0107 poprzez niesamowite projekty.\" \/>\n<meta property=\"og:url\" content=\"https:\/\/aticanails.pl\/en\/product\/base-gel-french-rose-with-fiber-15-ml-85443\/\" \/>\n<meta property=\"og:site_name\" content=\"Atica Nail Care Products\" \/>\n<meta property=\"article:modified_time\" content=\"2025-12-02T10:01:42+00:00\" \/>\n<meta property=\"og:image\" content=\"https:\/\/aticanails.pl\/wp-content\/uploads\/2024\/07\/French-Rose-Fiber.jpg\" \/>\n\t<meta property=\"og:image:width\" content=\"886\" \/>\n\t<meta property=\"og:image:height\" content=\"886\" \/>\n\t<meta property=\"og:image:type\" content=\"image\/jpeg\" \/>\n<meta name=\"twitter:card\" content=\"summary_large_image\" \/>\n<meta name=\"twitter:label1\" content=\"Est. reading time\" \/>\n\t<meta name=\"twitter:data1\" content=\"1 minute\" \/>\n<script type=\"application\/ld+json\" class=\"yoast-schema-graph\">{\"@context\":\"https:\/\/schema.org\",\"@graph\":[{\"@type\":\"WebPage\",\"@id\":\"https:\/\/aticanails.pl\/en\/product\/base-gel-french-rose-with-fiber-15-ml-85443\/\",\"url\":\"https:\/\/aticanails.pl\/en\/product\/base-gel-french-rose-with-fiber-15-ml-85443\/\",\"name\":\"Kupi\u0107 Base Gel French Rose with Fiber i wyceni\u0107 niedrogo na Base &amp; Top Coat, Base coat\",\"isPartOf\":{\"@id\":\"https:\/\/aticanails.pl\/en\/#website\"},\"primaryImageOfPage\":{\"@id\":\"https:\/\/aticanails.pl\/en\/product\/base-gel-french-rose-with-fiber-15-ml-85443\/#primaryimage\"},\"image\":{\"@id\":\"https:\/\/aticanails.pl\/en\/product\/base-gel-french-rose-with-fiber-15-ml-85443\/#primaryimage\"},\"thumbnailUrl\":\"https:\/\/aticanails.pl\/wp-content\/uploads\/2024\/07\/French-Rose-Fiber.jpg\",\"datePublished\":\"2024-07-31T12:36:28+00:00\",\"dateModified\":\"2025-12-02T10:01:42+00:00\",\"description\":\"Nasze produkty to nie tylko towary, to dzie\u0142a sztuki, kt\u00f3re inspiruj\u0105 i pozwalaj\u0105 ka\u017cdemu styli\u015bcie paznokci wyrazi\u0107 swoj\u0105 indywidualno\u015b\u0107 poprzez niesamowite projekty.\",\"breadcrumb\":{\"@id\":\"https:\/\/aticanails.pl\/en\/product\/base-gel-french-rose-with-fiber-15-ml-85443\/#breadcrumb\"},\"inLanguage\":\"en-US\",\"potentialAction\":[{\"@type\":\"ReadAction\",\"target\":[\"https:\/\/aticanails.pl\/en\/product\/base-gel-french-rose-with-fiber-15-ml-85443\/\"]}]},{\"@type\":\"ImageObject\",\"inLanguage\":\"en-US\",\"@id\":\"https:\/\/aticanails.pl\/en\/product\/base-gel-french-rose-with-fiber-15-ml-85443\/#primaryimage\",\"url\":\"https:\/\/aticanails.pl\/wp-content\/uploads\/2024\/07\/French-Rose-Fiber.jpg\",\"contentUrl\":\"https:\/\/aticanails.pl\/wp-content\/uploads\/2024\/07\/French-Rose-Fiber.jpg\",\"width\":886,\"height\":886},{\"@type\":\"BreadcrumbList\",\"@id\":\"https:\/\/aticanails.pl\/en\/product\/base-gel-french-rose-with-fiber-15-ml-85443\/#breadcrumb\",\"itemListElement\":[{\"@type\":\"ListItem\",\"position\":1,\"name\":\"Home\",\"item\":\"https:\/\/aticanails.pl\/en\/\"},{\"@type\":\"ListItem\",\"position\":2,\"name\":\"Shop\",\"item\":\"https:\/\/aticanails.pl\/en\/shop\/\"},{\"@type\":\"ListItem\",\"position\":3,\"name\":\"Base Gel French Rose with Fiber\"}]},{\"@type\":\"WebSite\",\"@id\":\"https:\/\/aticanails.pl\/en\/#website\",\"url\":\"https:\/\/aticanails.pl\/en\/\",\"name\":\"Atica Nail Care Products\",\"description\":\"Large selection of gel nail polishes and products for manicure\",\"publisher\":{\"@id\":\"https:\/\/aticanails.pl\/en\/#organization\"},\"potentialAction\":[{\"@type\":\"SearchAction\",\"target\":{\"@type\":\"EntryPoint\",\"urlTemplate\":\"https:\/\/aticanails.pl\/en\/?s={search_term_string}\"},\"query-input\":{\"@type\":\"PropertyValueSpecification\",\"valueRequired\":true,\"valueName\":\"search_term_string\"}}],\"inLanguage\":\"en-US\"},{\"@type\":\"Organization\",\"@id\":\"https:\/\/aticanails.pl\/en\/#organization\",\"name\":\"Atica Nail Care Products\",\"url\":\"https:\/\/aticanails.pl\/en\/\",\"logo\":{\"@type\":\"ImageObject\",\"inLanguage\":\"en-US\",\"@id\":\"https:\/\/aticanails.pl\/en\/#\/schema\/logo\/image\/\",\"url\":\"https:\/\/aticanails.pl\/wp-content\/uploads\/2023\/12\/logo-black.jpg\",\"contentUrl\":\"https:\/\/aticanails.pl\/wp-content\/uploads\/2023\/12\/logo-black.jpg\",\"width\":1251,\"height\":612,\"caption\":\"Atica Nail Care Products\"},\"image\":{\"@id\":\"https:\/\/aticanails.pl\/en\/#\/schema\/logo\/image\/\"},\"sameAs\":[\"https:\/\/www.instagram.com\/atica.nails_pl\/\"]}]}<\/script>\n<!-- \/ Yoast SEO plugin. -->","yoast_head_json":{"title":"Kupi\u0107 Base Gel French Rose with Fiber i wyceni\u0107 niedrogo na Base &amp; Top Coat, Base coat","description":"Nasze produkty to nie tylko towary, to dzie\u0142a sztuki, kt\u00f3re inspiruj\u0105 i pozwalaj\u0105 ka\u017cdemu styli\u015bcie paznokci wyrazi\u0107 swoj\u0105 indywidualno\u015b\u0107 poprzez niesamowite projekty.","robots":{"index":"index","follow":"follow","max-snippet":"max-snippet:-1","max-image-preview":"max-image-preview:large","max-video-preview":"max-video-preview:-1"},"canonical":"https:\/\/aticanails.pl\/en\/product\/base-gel-french-rose-with-fiber-15-ml-85443\/","og_locale":"en_US","og_type":"article","og_title":"Kupi\u0107 Base Gel French Rose with Fiber i wyceni\u0107 niedrogo na Base &amp; Top Coat, Base coat","og_description":"Nasze produkty to nie tylko towary, to dzie\u0142a sztuki, kt\u00f3re inspiruj\u0105 i pozwalaj\u0105 ka\u017cdemu styli\u015bcie paznokci wyrazi\u0107 swoj\u0105 indywidualno\u015b\u0107 poprzez niesamowite projekty.","og_url":"https:\/\/aticanails.pl\/en\/product\/base-gel-french-rose-with-fiber-15-ml-85443\/","og_site_name":"Atica Nail Care Products","article_modified_time":"2025-12-02T10:01:42+00:00","og_image":[{"width":886,"height":886,"url":"https:\/\/aticanails.pl\/wp-content\/uploads\/2024\/07\/French-Rose-Fiber.jpg","type":"image\/jpeg"}],"twitter_card":"summary_large_image","twitter_misc":{"Est. reading time":"1 minute"},"schema":{"@context":"https:\/\/schema.org","@graph":[{"@type":"WebPage","@id":"https:\/\/aticanails.pl\/en\/product\/base-gel-french-rose-with-fiber-15-ml-85443\/","url":"https:\/\/aticanails.pl\/en\/product\/base-gel-french-rose-with-fiber-15-ml-85443\/","name":"Kupi\u0107 Base Gel French Rose with Fiber i wyceni\u0107 niedrogo na Base &amp; Top Coat, Base coat","isPartOf":{"@id":"https:\/\/aticanails.pl\/en\/#website"},"primaryImageOfPage":{"@id":"https:\/\/aticanails.pl\/en\/product\/base-gel-french-rose-with-fiber-15-ml-85443\/#primaryimage"},"image":{"@id":"https:\/\/aticanails.pl\/en\/product\/base-gel-french-rose-with-fiber-15-ml-85443\/#primaryimage"},"thumbnailUrl":"https:\/\/aticanails.pl\/wp-content\/uploads\/2024\/07\/French-Rose-Fiber.jpg","datePublished":"2024-07-31T12:36:28+00:00","dateModified":"2025-12-02T10:01:42+00:00","description":"Nasze produkty to nie tylko towary, to dzie\u0142a sztuki, kt\u00f3re inspiruj\u0105 i pozwalaj\u0105 ka\u017cdemu styli\u015bcie paznokci wyrazi\u0107 swoj\u0105 indywidualno\u015b\u0107 poprzez niesamowite projekty.","breadcrumb":{"@id":"https:\/\/aticanails.pl\/en\/product\/base-gel-french-rose-with-fiber-15-ml-85443\/#breadcrumb"},"inLanguage":"en-US","potentialAction":[{"@type":"ReadAction","target":["https:\/\/aticanails.pl\/en\/product\/base-gel-french-rose-with-fiber-15-ml-85443\/"]}]},{"@type":"ImageObject","inLanguage":"en-US","@id":"https:\/\/aticanails.pl\/en\/product\/base-gel-french-rose-with-fiber-15-ml-85443\/#primaryimage","url":"https:\/\/aticanails.pl\/wp-content\/uploads\/2024\/07\/French-Rose-Fiber.jpg","contentUrl":"https:\/\/aticanails.pl\/wp-content\/uploads\/2024\/07\/French-Rose-Fiber.jpg","width":886,"height":886},{"@type":"BreadcrumbList","@id":"https:\/\/aticanails.pl\/en\/product\/base-gel-french-rose-with-fiber-15-ml-85443\/#breadcrumb","itemListElement":[{"@type":"ListItem","position":1,"name":"Home","item":"https:\/\/aticanails.pl\/en\/"},{"@type":"ListItem","position":2,"name":"Shop","item":"https:\/\/aticanails.pl\/en\/shop\/"},{"@type":"ListItem","position":3,"name":"Base Gel French Rose with Fiber"}]},{"@type":"WebSite","@id":"https:\/\/aticanails.pl\/en\/#website","url":"https:\/\/aticanails.pl\/en\/","name":"Atica Nail Care Products","description":"Large selection of gel nail polishes and products for manicure","publisher":{"@id":"https:\/\/aticanails.pl\/en\/#organization"},"potentialAction":[{"@type":"SearchAction","target":{"@type":"EntryPoint","urlTemplate":"https:\/\/aticanails.pl\/en\/?s={search_term_string}"},"query-input":{"@type":"PropertyValueSpecification","valueRequired":true,"valueName":"search_term_string"}}],"inLanguage":"en-US"},{"@type":"Organization","@id":"https:\/\/aticanails.pl\/en\/#organization","name":"Atica Nail Care Products","url":"https:\/\/aticanails.pl\/en\/","logo":{"@type":"ImageObject","inLanguage":"en-US","@id":"https:\/\/aticanails.pl\/en\/#\/schema\/logo\/image\/","url":"https:\/\/aticanails.pl\/wp-content\/uploads\/2023\/12\/logo-black.jpg","contentUrl":"https:\/\/aticanails.pl\/wp-content\/uploads\/2023\/12\/logo-black.jpg","width":1251,"height":612,"caption":"Atica Nail Care Products"},"image":{"@id":"https:\/\/aticanails.pl\/en\/#\/schema\/logo\/image\/"},"sameAs":["https:\/\/www.instagram.com\/atica.nails_pl\/"]}]}},"_links":{"self":[{"href":"https:\/\/aticanails.pl\/en\/wp-json\/wp\/v2\/product\/7119","targetHints":{"allow":["GET"]}}],"collection":[{"href":"https:\/\/aticanails.pl\/en\/wp-json\/wp\/v2\/product"}],"about":[{"href":"https:\/\/aticanails.pl\/en\/wp-json\/wp\/v2\/types\/product"}],"replies":[{"embeddable":true,"href":"https:\/\/aticanails.pl\/en\/wp-json\/wp\/v2\/comments?post=7119"}],"version-history":[{"count":5,"href":"https:\/\/aticanails.pl\/en\/wp-json\/wp\/v2\/product\/7119\/revisions"}],"predecessor-version":[{"id":7781,"href":"https:\/\/aticanails.pl\/en\/wp-json\/wp\/v2\/product\/7119\/revisions\/7781"}],"wp:featuredmedia":[{"embeddable":true,"href":"https:\/\/aticanails.pl\/en\/wp-json\/wp\/v2\/media\/7120"}],"wp:attachment":[{"href":"https:\/\/aticanails.pl\/en\/wp-json\/wp\/v2\/media?parent=7119"}],"wp:term":[{"taxonomy":"product_brand","embeddable":true,"href":"https:\/\/aticanails.pl\/en\/wp-json\/wp\/v2\/product_brand?post=7119"},{"taxonomy":"product_cat","embeddable":true,"href":"https:\/\/aticanails.pl\/en\/wp-json\/wp\/v2\/product_cat?post=7119"},{"taxonomy":"product_tag","embeddable":true,"href":"https:\/\/aticanails.pl\/en\/wp-json\/wp\/v2\/product_tag?post=7119"}],"curies":[{"name":"wp","href":"https:\/\/api.w.org\/{rel}","templated":true}]}}