{"id":5855,"date":"2024-01-02T11:26:31","date_gmt":"2024-01-02T11:26:31","guid":{"rendered":"https:\/\/aticanails.pl\/product\/strong-zel-pink-tint-30ml\/"},"modified":"2025-12-05T13:38:21","modified_gmt":"2025-12-05T12:38:21","slug":"strong-zel-pink-tint-30ml","status":"publish","type":"product","link":"https:\/\/aticanails.pl\/en\/produkt\/strong-zel-pink-tint-30ml\/","title":{"rendered":"\u017bEL BUDUJ\u0104CE STRONG COVER Pink Tint 30 ml kamufla\u017c z po\u0142yskiem 85436"},"content":{"rendered":"<p>Ulepszona formu\u0142a systemu \u017celowego. Zawiera W\u0141\u00d3KNO SZKLANE, kt\u00f3re wzmacnia materia\u0142.<br \/>\nWysoka plastyczno\u015b\u0107 gwarantuje trwa\u0142o\u015b\u0107. \u017bel o \u015bredniej lepko\u015bci, nie rozlewa si\u0119 i jest samopoziomuj\u0105cy. Idealny do modelowania paznokci bez pi\u0142owania dla pocz\u0105tkuj\u0105cych i zaawansowanych. Posiada wysokie w\u0142a\u015bciwo\u015bci adhezyjne i formu\u0142\u0119 Cool &#8211; nisk\u0105 reakcj\u0119 egzotermiczn\u0105. Dzi\u0119ki zaawansowanej formule zawieraj\u0105cej wysokie st\u0119\u017cenie mikro-w\u0142\u00f3kien tworzy mocn\u0105 opraw\u0119, kt\u00f3ra zwi\u0119ksza trwa\u0142o\u015b\u0107 przed\u0142u\u017cenia.<br \/>\nUmo\u017cliwia \u0142atwe budowanie i modelowanie kszta\u0142tu naturalnych paznokci, a tak\u017ce prac\u0119 z ko\u0144c\u00f3wkami, szablonami i g\u00f3rnymi formami. Zapewnia paznokciom wysok\u0105 odporno\u015b\u0107 na z\u0142amania i p\u0119kni\u0119cia.<br \/>\nCzas polimeryzacji \u2013 120 sekund w lampie LED<\/p>\n","protected":false},"excerpt":{"rendered":"<p>Pink Tint 30 ml kamufla\u017c z po\u0142yskiem<\/p>\n<p>\u2013 \u0142atwy w aplikacji i idealnie dopasowuje si\u0119 do p\u0142ytki paznokcia<\/p>\n<p>\u2013 nie p\u0119ka i utrzymuje si\u0119 przez d\u0142ugi czas;<\/p>\n<p>\u2013 mo\u017cna \u0142atwo \u0142\u0105czy\u0107 z innymi odcieniami i wzorami;<\/p>\n<p>\u2013 tworzy pi\u0119kny b\u0142yszcz\u0105cy efekt.<\/p>\n","protected":false},"featured_media":5519,"comment_status":"open","ping_status":"closed","template":"","meta":[],"product_brand":[],"product_cat":[158],"product_tag":[],"class_list":{"0":"post-5855","1":"product","2":"type-product","3":"status-publish","4":"has-post-thumbnail","6":"product_cat-zely-budujace-strong-fiber-gel","8":"first","9":"outofstock","10":"taxable","11":"shipping-taxable","12":"purchasable","13":"product-type-simple"},"yoast_head":"<!-- This site is optimized with the Yoast SEO plugin v26.0 - https:\/\/yoast.com\/wordpress\/plugins\/seo\/ -->\n<title>Kupi\u0107 \u017bEL BUDUJ\u0104CE STRONG COVER Pink Tint 30 ml kamufla\u017c z po\u0142yskiem 85436 i wyceni\u0107 niedrogo na \u017bel Buduj\u0105ce Strong Fiber Gel<\/title>\n<meta name=\"description\" content=\"Nasze produkty to nie tylko towary, to dzie\u0142a sztuki, kt\u00f3re inspiruj\u0105 i pozwalaj\u0105 ka\u017cdemu styli\u015bcie paznokci wyrazi\u0107 swoj\u0105 indywidualno\u015b\u0107 poprzez niesamowite projekty.\" \/>\n<meta name=\"robots\" content=\"index, follow, max-snippet:-1, max-image-preview:large, max-video-preview:-1\" \/>\n<link rel=\"canonical\" href=\"https:\/\/aticanails.pl\/en\/produkt\/strong-zel-pink-tint-30ml\/\" \/>\n<meta property=\"og:locale\" content=\"en_US\" \/>\n<meta property=\"og:type\" content=\"article\" \/>\n<meta property=\"og:title\" content=\"Kupi\u0107 \u017bEL BUDUJ\u0104CE STRONG COVER Pink Tint 30 ml kamufla\u017c z po\u0142yskiem 85436 i wyceni\u0107 niedrogo na \u017bel Buduj\u0105ce Strong Fiber Gel\" \/>\n<meta property=\"og:description\" content=\"Nasze produkty to nie tylko towary, to dzie\u0142a sztuki, kt\u00f3re inspiruj\u0105 i pozwalaj\u0105 ka\u017cdemu styli\u015bcie paznokci wyrazi\u0107 swoj\u0105 indywidualno\u015b\u0107 poprzez niesamowite projekty.\" \/>\n<meta property=\"og:url\" content=\"https:\/\/aticanails.pl\/en\/produkt\/strong-zel-pink-tint-30ml\/\" \/>\n<meta property=\"og:site_name\" content=\"Atica Nail Care Products\" \/>\n<meta property=\"article:modified_time\" content=\"2025-12-05T12:38:21+00:00\" \/>\n<meta property=\"og:image\" content=\"https:\/\/aticanails.pl\/wp-content\/uploads\/2024\/01\/85436_Strong_PinkTint_Sh_5941.jpg\" \/>\n\t<meta property=\"og:image:width\" content=\"1000\" \/>\n\t<meta property=\"og:image:height\" content=\"1000\" \/>\n\t<meta property=\"og:image:type\" content=\"image\/jpeg\" \/>\n<meta name=\"twitter:card\" content=\"summary_large_image\" \/>\n<meta name=\"twitter:label1\" content=\"Est. reading time\" \/>\n\t<meta name=\"twitter:data1\" content=\"1 minute\" \/>\n<script type=\"application\/ld+json\" class=\"yoast-schema-graph\">{\"@context\":\"https:\/\/schema.org\",\"@graph\":[{\"@type\":\"WebPage\",\"@id\":\"https:\/\/aticanails.pl\/en\/produkt\/strong-zel-pink-tint-30ml\/\",\"url\":\"https:\/\/aticanails.pl\/en\/produkt\/strong-zel-pink-tint-30ml\/\",\"name\":\"Kupi\u0107 \u017bEL BUDUJ\u0104CE STRONG COVER Pink Tint 30 ml kamufla\u017c z po\u0142yskiem 85436 i wyceni\u0107 niedrogo na \u017bel Buduj\u0105ce Strong Fiber Gel\",\"isPartOf\":{\"@id\":\"https:\/\/aticanails.pl\/en\/#website\"},\"primaryImageOfPage\":{\"@id\":\"https:\/\/aticanails.pl\/en\/produkt\/strong-zel-pink-tint-30ml\/#primaryimage\"},\"image\":{\"@id\":\"https:\/\/aticanails.pl\/en\/produkt\/strong-zel-pink-tint-30ml\/#primaryimage\"},\"thumbnailUrl\":\"https:\/\/aticanails.pl\/wp-content\/uploads\/2024\/01\/85436_Strong_PinkTint_Sh_5941.jpg\",\"datePublished\":\"2024-01-02T11:26:31+00:00\",\"dateModified\":\"2025-12-05T12:38:21+00:00\",\"description\":\"Nasze produkty to nie tylko towary, to dzie\u0142a sztuki, kt\u00f3re inspiruj\u0105 i pozwalaj\u0105 ka\u017cdemu styli\u015bcie paznokci wyrazi\u0107 swoj\u0105 indywidualno\u015b\u0107 poprzez niesamowite projekty.\",\"breadcrumb\":{\"@id\":\"https:\/\/aticanails.pl\/en\/produkt\/strong-zel-pink-tint-30ml\/#breadcrumb\"},\"inLanguage\":\"en-US\",\"potentialAction\":[{\"@type\":\"ReadAction\",\"target\":[\"https:\/\/aticanails.pl\/en\/produkt\/strong-zel-pink-tint-30ml\/\"]}]},{\"@type\":\"ImageObject\",\"inLanguage\":\"en-US\",\"@id\":\"https:\/\/aticanails.pl\/en\/produkt\/strong-zel-pink-tint-30ml\/#primaryimage\",\"url\":\"https:\/\/aticanails.pl\/wp-content\/uploads\/2024\/01\/85436_Strong_PinkTint_Sh_5941.jpg\",\"contentUrl\":\"https:\/\/aticanails.pl\/wp-content\/uploads\/2024\/01\/85436_Strong_PinkTint_Sh_5941.jpg\",\"width\":1000,\"height\":1000},{\"@type\":\"BreadcrumbList\",\"@id\":\"https:\/\/aticanails.pl\/en\/produkt\/strong-zel-pink-tint-30ml\/#breadcrumb\",\"itemListElement\":[{\"@type\":\"ListItem\",\"position\":1,\"name\":\"Home\",\"item\":\"https:\/\/aticanails.pl\/en\/\"},{\"@type\":\"ListItem\",\"position\":2,\"name\":\"Shop\",\"item\":\"https:\/\/aticanails.pl\/en\/shop\/\"},{\"@type\":\"ListItem\",\"position\":3,\"name\":\"\u017bEL BUDUJ\u0104CE STRONG COVER Pink Tint 30 ml kamufla\u017c z po\u0142yskiem 85436\"}]},{\"@type\":\"WebSite\",\"@id\":\"https:\/\/aticanails.pl\/en\/#website\",\"url\":\"https:\/\/aticanails.pl\/en\/\",\"name\":\"Atica Nail Care Products\",\"description\":\"Large selection of gel nail polishes and products for manicure\",\"publisher\":{\"@id\":\"https:\/\/aticanails.pl\/en\/#organization\"},\"potentialAction\":[{\"@type\":\"SearchAction\",\"target\":{\"@type\":\"EntryPoint\",\"urlTemplate\":\"https:\/\/aticanails.pl\/en\/?s={search_term_string}\"},\"query-input\":{\"@type\":\"PropertyValueSpecification\",\"valueRequired\":true,\"valueName\":\"search_term_string\"}}],\"inLanguage\":\"en-US\"},{\"@type\":\"Organization\",\"@id\":\"https:\/\/aticanails.pl\/en\/#organization\",\"name\":\"Atica Nail Care Products\",\"url\":\"https:\/\/aticanails.pl\/en\/\",\"logo\":{\"@type\":\"ImageObject\",\"inLanguage\":\"en-US\",\"@id\":\"https:\/\/aticanails.pl\/en\/#\/schema\/logo\/image\/\",\"url\":\"https:\/\/aticanails.pl\/wp-content\/uploads\/2023\/12\/logo-black.jpg\",\"contentUrl\":\"https:\/\/aticanails.pl\/wp-content\/uploads\/2023\/12\/logo-black.jpg\",\"width\":1251,\"height\":612,\"caption\":\"Atica Nail Care Products\"},\"image\":{\"@id\":\"https:\/\/aticanails.pl\/en\/#\/schema\/logo\/image\/\"},\"sameAs\":[\"https:\/\/www.instagram.com\/atica.nails_pl\/\"]}]}<\/script>\n<!-- \/ Yoast SEO plugin. -->","yoast_head_json":{"title":"Kupi\u0107 \u017bEL BUDUJ\u0104CE STRONG COVER Pink Tint 30 ml kamufla\u017c z po\u0142yskiem 85436 i wyceni\u0107 niedrogo na \u017bel Buduj\u0105ce Strong Fiber Gel","description":"Nasze produkty to nie tylko towary, to dzie\u0142a sztuki, kt\u00f3re inspiruj\u0105 i pozwalaj\u0105 ka\u017cdemu styli\u015bcie paznokci wyrazi\u0107 swoj\u0105 indywidualno\u015b\u0107 poprzez niesamowite projekty.","robots":{"index":"index","follow":"follow","max-snippet":"max-snippet:-1","max-image-preview":"max-image-preview:large","max-video-preview":"max-video-preview:-1"},"canonical":"https:\/\/aticanails.pl\/en\/produkt\/strong-zel-pink-tint-30ml\/","og_locale":"en_US","og_type":"article","og_title":"Kupi\u0107 \u017bEL BUDUJ\u0104CE STRONG COVER Pink Tint 30 ml kamufla\u017c z po\u0142yskiem 85436 i wyceni\u0107 niedrogo na \u017bel Buduj\u0105ce Strong Fiber Gel","og_description":"Nasze produkty to nie tylko towary, to dzie\u0142a sztuki, kt\u00f3re inspiruj\u0105 i pozwalaj\u0105 ka\u017cdemu styli\u015bcie paznokci wyrazi\u0107 swoj\u0105 indywidualno\u015b\u0107 poprzez niesamowite projekty.","og_url":"https:\/\/aticanails.pl\/en\/produkt\/strong-zel-pink-tint-30ml\/","og_site_name":"Atica Nail Care Products","article_modified_time":"2025-12-05T12:38:21+00:00","og_image":[{"width":1000,"height":1000,"url":"https:\/\/aticanails.pl\/wp-content\/uploads\/2024\/01\/85436_Strong_PinkTint_Sh_5941.jpg","type":"image\/jpeg"}],"twitter_card":"summary_large_image","twitter_misc":{"Est. reading time":"1 minute"},"schema":{"@context":"https:\/\/schema.org","@graph":[{"@type":"WebPage","@id":"https:\/\/aticanails.pl\/en\/produkt\/strong-zel-pink-tint-30ml\/","url":"https:\/\/aticanails.pl\/en\/produkt\/strong-zel-pink-tint-30ml\/","name":"Kupi\u0107 \u017bEL BUDUJ\u0104CE STRONG COVER Pink Tint 30 ml kamufla\u017c z po\u0142yskiem 85436 i wyceni\u0107 niedrogo na \u017bel Buduj\u0105ce Strong Fiber Gel","isPartOf":{"@id":"https:\/\/aticanails.pl\/en\/#website"},"primaryImageOfPage":{"@id":"https:\/\/aticanails.pl\/en\/produkt\/strong-zel-pink-tint-30ml\/#primaryimage"},"image":{"@id":"https:\/\/aticanails.pl\/en\/produkt\/strong-zel-pink-tint-30ml\/#primaryimage"},"thumbnailUrl":"https:\/\/aticanails.pl\/wp-content\/uploads\/2024\/01\/85436_Strong_PinkTint_Sh_5941.jpg","datePublished":"2024-01-02T11:26:31+00:00","dateModified":"2025-12-05T12:38:21+00:00","description":"Nasze produkty to nie tylko towary, to dzie\u0142a sztuki, kt\u00f3re inspiruj\u0105 i pozwalaj\u0105 ka\u017cdemu styli\u015bcie paznokci wyrazi\u0107 swoj\u0105 indywidualno\u015b\u0107 poprzez niesamowite projekty.","breadcrumb":{"@id":"https:\/\/aticanails.pl\/en\/produkt\/strong-zel-pink-tint-30ml\/#breadcrumb"},"inLanguage":"en-US","potentialAction":[{"@type":"ReadAction","target":["https:\/\/aticanails.pl\/en\/produkt\/strong-zel-pink-tint-30ml\/"]}]},{"@type":"ImageObject","inLanguage":"en-US","@id":"https:\/\/aticanails.pl\/en\/produkt\/strong-zel-pink-tint-30ml\/#primaryimage","url":"https:\/\/aticanails.pl\/wp-content\/uploads\/2024\/01\/85436_Strong_PinkTint_Sh_5941.jpg","contentUrl":"https:\/\/aticanails.pl\/wp-content\/uploads\/2024\/01\/85436_Strong_PinkTint_Sh_5941.jpg","width":1000,"height":1000},{"@type":"BreadcrumbList","@id":"https:\/\/aticanails.pl\/en\/produkt\/strong-zel-pink-tint-30ml\/#breadcrumb","itemListElement":[{"@type":"ListItem","position":1,"name":"Home","item":"https:\/\/aticanails.pl\/en\/"},{"@type":"ListItem","position":2,"name":"Shop","item":"https:\/\/aticanails.pl\/en\/shop\/"},{"@type":"ListItem","position":3,"name":"\u017bEL BUDUJ\u0104CE STRONG COVER Pink Tint 30 ml kamufla\u017c z po\u0142yskiem 85436"}]},{"@type":"WebSite","@id":"https:\/\/aticanails.pl\/en\/#website","url":"https:\/\/aticanails.pl\/en\/","name":"Atica Nail Care Products","description":"Large selection of gel nail polishes and products for manicure","publisher":{"@id":"https:\/\/aticanails.pl\/en\/#organization"},"potentialAction":[{"@type":"SearchAction","target":{"@type":"EntryPoint","urlTemplate":"https:\/\/aticanails.pl\/en\/?s={search_term_string}"},"query-input":{"@type":"PropertyValueSpecification","valueRequired":true,"valueName":"search_term_string"}}],"inLanguage":"en-US"},{"@type":"Organization","@id":"https:\/\/aticanails.pl\/en\/#organization","name":"Atica Nail Care Products","url":"https:\/\/aticanails.pl\/en\/","logo":{"@type":"ImageObject","inLanguage":"en-US","@id":"https:\/\/aticanails.pl\/en\/#\/schema\/logo\/image\/","url":"https:\/\/aticanails.pl\/wp-content\/uploads\/2023\/12\/logo-black.jpg","contentUrl":"https:\/\/aticanails.pl\/wp-content\/uploads\/2023\/12\/logo-black.jpg","width":1251,"height":612,"caption":"Atica Nail Care Products"},"image":{"@id":"https:\/\/aticanails.pl\/en\/#\/schema\/logo\/image\/"},"sameAs":["https:\/\/www.instagram.com\/atica.nails_pl\/"]}]}},"_links":{"self":[{"href":"https:\/\/aticanails.pl\/en\/wp-json\/wp\/v2\/product\/5855","targetHints":{"allow":["GET"]}}],"collection":[{"href":"https:\/\/aticanails.pl\/en\/wp-json\/wp\/v2\/product"}],"about":[{"href":"https:\/\/aticanails.pl\/en\/wp-json\/wp\/v2\/types\/product"}],"replies":[{"embeddable":true,"href":"https:\/\/aticanails.pl\/en\/wp-json\/wp\/v2\/comments?post=5855"}],"version-history":[{"count":3,"href":"https:\/\/aticanails.pl\/en\/wp-json\/wp\/v2\/product\/5855\/revisions"}],"predecessor-version":[{"id":7599,"href":"https:\/\/aticanails.pl\/en\/wp-json\/wp\/v2\/product\/5855\/revisions\/7599"}],"wp:featuredmedia":[{"embeddable":true,"href":"https:\/\/aticanails.pl\/en\/wp-json\/wp\/v2\/media\/5519"}],"wp:attachment":[{"href":"https:\/\/aticanails.pl\/en\/wp-json\/wp\/v2\/media?parent=5855"}],"wp:term":[{"taxonomy":"product_brand","embeddable":true,"href":"https:\/\/aticanails.pl\/en\/wp-json\/wp\/v2\/product_brand?post=5855"},{"taxonomy":"product_cat","embeddable":true,"href":"https:\/\/aticanails.pl\/en\/wp-json\/wp\/v2\/product_cat?post=5855"},{"taxonomy":"product_tag","embeddable":true,"href":"https:\/\/aticanails.pl\/en\/wp-json\/wp\/v2\/product_tag?post=5855"}],"curies":[{"name":"wp","href":"https:\/\/api.w.org\/{rel}","templated":true}]}}