{"id":5752,"date":"2024-01-06T18:08:04","date_gmt":"2024-01-06T18:08:04","guid":{"rendered":"https:\/\/aticanails.pl\/?post_type=product&#038;p=5752"},"modified":"2026-01-10T11:43:05","modified_gmt":"2026-01-10T10:43:05","slug":"gel-nail-tips-ballerina","status":"publish","type":"product","link":"https:\/\/aticanails.pl\/en\/product\/gel-nail-tips-ballerina\/","title":{"rendered":"ATICA \u017bELOWE TIPSY &#8211; GEL TIPS BALLERINA &#8211; 240 SZT"},"content":{"rendered":"<p>Gel tips for nail extension by Atica allow you to get a spectacular manicure without long and laborious manipulations.<\/p>\n<p>The tips are made of a unique modeling gel polymer and are completely ready for modeling.<br \/>\nImportant features and differences between gel tips and conventional plastic tips are that they are maximally adapted to the natural nail plate: thin in the nail bed area and stronger on the free edge, have a perfect arch, and correct proportions. This ensures minimal cuticle filing and perfect wearability.<br \/>\nThe advantages of gel forms:<\/p>\n<p>1. Speed of extension. You can save up to 30 minutes on the extension procedure.<\/p>\n<p>2. Gel tips are elastic and flexible, which makes them look like natural nails and maximize wearability.<\/p>\n<p>3. Thanks to the strong adhesion of natural nails to gel tips, the manicure will last up to 3 weeks, provided that you use high-quality materials.<\/p>\n<p>4. Tips are suitable for all types of nails, even for thin and weak ones.<\/p>\n<p>5. The procedure of tips extension is always with minimal dust, which is important for the health of the client and the nail technician.<\/p>\n","protected":false},"excerpt":{"rendered":"<p>Gel tips for nail extension by Atica allow you to get a spectacular manicure without long and laborious manipulations.<\/p>\n<p>The tips are made of a unique modeling gel polymer and are completely ready for modeling.<br \/>\nImportant features and differences between gel tips and conventional plastic tips are that they are maximally adapted to the natural nail plate: thin in the nail bed area and stronger on the free edge, have a perfect arch, and correct proportions. This ensures minimal cuticle filing and perfect wearability.<\/p>\n","protected":false},"featured_media":5753,"comment_status":"open","ping_status":"closed","template":"","meta":[],"product_brand":[],"product_cat":[29,72],"product_tag":[],"class_list":{"0":"post-5752","1":"product","2":"type-product","3":"status-publish","4":"has-post-thumbnail","6":"product_cat-accessories","7":"product_cat-forms","9":"first","10":"outofstock","11":"taxable","12":"shipping-taxable","13":"purchasable","14":"product-type-simple"},"yoast_head":"<!-- This site is optimized with the Yoast SEO plugin v26.0 - https:\/\/yoast.com\/wordpress\/plugins\/seo\/ -->\n<title>Kupi\u0107 ATICA \u017bELOWE TIPSY - GEL TIPS BALLERINA - 240 SZT i wyceni\u0107 niedrogo na Accessories, Forms<\/title>\n<meta name=\"description\" content=\"Nasze produkty to nie tylko towary, to dzie\u0142a sztuki, kt\u00f3re inspiruj\u0105 i pozwalaj\u0105 ka\u017cdemu styli\u015bcie paznokci wyrazi\u0107 swoj\u0105 indywidualno\u015b\u0107 poprzez niesamowite projekty.\" \/>\n<meta name=\"robots\" content=\"index, follow, max-snippet:-1, max-image-preview:large, max-video-preview:-1\" \/>\n<link rel=\"canonical\" href=\"https:\/\/aticanails.pl\/en\/product\/gel-nail-tips-ballerina\/\" \/>\n<meta property=\"og:locale\" content=\"en_US\" \/>\n<meta property=\"og:type\" content=\"article\" \/>\n<meta property=\"og:title\" content=\"Kupi\u0107 ATICA \u017bELOWE TIPSY - GEL TIPS BALLERINA - 240 SZT i wyceni\u0107 niedrogo na Accessories, Forms\" \/>\n<meta property=\"og:description\" content=\"Nasze produkty to nie tylko towary, to dzie\u0142a sztuki, kt\u00f3re inspiruj\u0105 i pozwalaj\u0105 ka\u017cdemu styli\u015bcie paznokci wyrazi\u0107 swoj\u0105 indywidualno\u015b\u0107 poprzez niesamowite projekty.\" \/>\n<meta property=\"og:url\" content=\"https:\/\/aticanails.pl\/en\/product\/gel-nail-tips-ballerina\/\" \/>\n<meta property=\"og:site_name\" content=\"Atica Nail Care Products\" \/>\n<meta property=\"article:modified_time\" content=\"2026-01-10T10:43:05+00:00\" \/>\n<meta property=\"og:image\" content=\"http:\/\/aticanails.pl\/wp-content\/uploads\/2024\/01\/gel-tips-ballerina.jpg\" \/>\n\t<meta property=\"og:image:width\" content=\"1000\" \/>\n\t<meta property=\"og:image:height\" content=\"1000\" \/>\n\t<meta property=\"og:image:type\" content=\"image\/jpeg\" \/>\n<meta name=\"twitter:card\" content=\"summary_large_image\" \/>\n<meta name=\"twitter:label1\" content=\"Est. reading time\" \/>\n\t<meta name=\"twitter:data1\" content=\"2 minutes\" \/>\n<script type=\"application\/ld+json\" class=\"yoast-schema-graph\">{\"@context\":\"https:\/\/schema.org\",\"@graph\":[{\"@type\":\"WebPage\",\"@id\":\"https:\/\/aticanails.pl\/en\/product\/gel-nail-tips-ballerina\/\",\"url\":\"https:\/\/aticanails.pl\/en\/product\/gel-nail-tips-ballerina\/\",\"name\":\"Kupi\u0107 ATICA \u017bELOWE TIPSY - GEL TIPS BALLERINA - 240 SZT i wyceni\u0107 niedrogo na Accessories, Forms\",\"isPartOf\":{\"@id\":\"https:\/\/aticanails.pl\/en\/#website\"},\"primaryImageOfPage\":{\"@id\":\"https:\/\/aticanails.pl\/en\/product\/gel-nail-tips-ballerina\/#primaryimage\"},\"image\":{\"@id\":\"https:\/\/aticanails.pl\/en\/product\/gel-nail-tips-ballerina\/#primaryimage\"},\"thumbnailUrl\":\"https:\/\/aticanails.pl\/wp-content\/uploads\/2024\/01\/gel-tips-ballerina.jpg\",\"datePublished\":\"2024-01-06T18:08:04+00:00\",\"dateModified\":\"2026-01-10T10:43:05+00:00\",\"description\":\"Nasze produkty to nie tylko towary, to dzie\u0142a sztuki, kt\u00f3re inspiruj\u0105 i pozwalaj\u0105 ka\u017cdemu styli\u015bcie paznokci wyrazi\u0107 swoj\u0105 indywidualno\u015b\u0107 poprzez niesamowite projekty.\",\"breadcrumb\":{\"@id\":\"https:\/\/aticanails.pl\/en\/product\/gel-nail-tips-ballerina\/#breadcrumb\"},\"inLanguage\":\"en-US\",\"potentialAction\":[{\"@type\":\"ReadAction\",\"target\":[\"https:\/\/aticanails.pl\/en\/product\/gel-nail-tips-ballerina\/\"]}]},{\"@type\":\"ImageObject\",\"inLanguage\":\"en-US\",\"@id\":\"https:\/\/aticanails.pl\/en\/product\/gel-nail-tips-ballerina\/#primaryimage\",\"url\":\"https:\/\/aticanails.pl\/wp-content\/uploads\/2024\/01\/gel-tips-ballerina.jpg\",\"contentUrl\":\"https:\/\/aticanails.pl\/wp-content\/uploads\/2024\/01\/gel-tips-ballerina.jpg\",\"width\":1000,\"height\":1000},{\"@type\":\"BreadcrumbList\",\"@id\":\"https:\/\/aticanails.pl\/en\/product\/gel-nail-tips-ballerina\/#breadcrumb\",\"itemListElement\":[{\"@type\":\"ListItem\",\"position\":1,\"name\":\"Home\",\"item\":\"https:\/\/aticanails.pl\/en\/\"},{\"@type\":\"ListItem\",\"position\":2,\"name\":\"Shop\",\"item\":\"https:\/\/aticanails.pl\/en\/shop\/\"},{\"@type\":\"ListItem\",\"position\":3,\"name\":\"ATICA \u017bELOWE TIPSY &#8211; GEL TIPS BALLERINA &#8211; 240 SZT\"}]},{\"@type\":\"WebSite\",\"@id\":\"https:\/\/aticanails.pl\/en\/#website\",\"url\":\"https:\/\/aticanails.pl\/en\/\",\"name\":\"Atica Nail Care Products\",\"description\":\"Large selection of gel nail polishes and products for manicure\",\"publisher\":{\"@id\":\"https:\/\/aticanails.pl\/en\/#organization\"},\"potentialAction\":[{\"@type\":\"SearchAction\",\"target\":{\"@type\":\"EntryPoint\",\"urlTemplate\":\"https:\/\/aticanails.pl\/en\/?s={search_term_string}\"},\"query-input\":{\"@type\":\"PropertyValueSpecification\",\"valueRequired\":true,\"valueName\":\"search_term_string\"}}],\"inLanguage\":\"en-US\"},{\"@type\":\"Organization\",\"@id\":\"https:\/\/aticanails.pl\/en\/#organization\",\"name\":\"Atica Nail Care Products\",\"url\":\"https:\/\/aticanails.pl\/en\/\",\"logo\":{\"@type\":\"ImageObject\",\"inLanguage\":\"en-US\",\"@id\":\"https:\/\/aticanails.pl\/en\/#\/schema\/logo\/image\/\",\"url\":\"https:\/\/aticanails.pl\/wp-content\/uploads\/2023\/12\/logo-black.jpg\",\"contentUrl\":\"https:\/\/aticanails.pl\/wp-content\/uploads\/2023\/12\/logo-black.jpg\",\"width\":1251,\"height\":612,\"caption\":\"Atica Nail Care Products\"},\"image\":{\"@id\":\"https:\/\/aticanails.pl\/en\/#\/schema\/logo\/image\/\"},\"sameAs\":[\"https:\/\/www.instagram.com\/atica.nails_pl\/\"]}]}<\/script>\n<!-- \/ Yoast SEO plugin. -->","yoast_head_json":{"title":"Kupi\u0107 ATICA \u017bELOWE TIPSY - GEL TIPS BALLERINA - 240 SZT i wyceni\u0107 niedrogo na Accessories, Forms","description":"Nasze produkty to nie tylko towary, to dzie\u0142a sztuki, kt\u00f3re inspiruj\u0105 i pozwalaj\u0105 ka\u017cdemu styli\u015bcie paznokci wyrazi\u0107 swoj\u0105 indywidualno\u015b\u0107 poprzez niesamowite projekty.","robots":{"index":"index","follow":"follow","max-snippet":"max-snippet:-1","max-image-preview":"max-image-preview:large","max-video-preview":"max-video-preview:-1"},"canonical":"https:\/\/aticanails.pl\/en\/product\/gel-nail-tips-ballerina\/","og_locale":"en_US","og_type":"article","og_title":"Kupi\u0107 ATICA \u017bELOWE TIPSY - GEL TIPS BALLERINA - 240 SZT i wyceni\u0107 niedrogo na Accessories, Forms","og_description":"Nasze produkty to nie tylko towary, to dzie\u0142a sztuki, kt\u00f3re inspiruj\u0105 i pozwalaj\u0105 ka\u017cdemu styli\u015bcie paznokci wyrazi\u0107 swoj\u0105 indywidualno\u015b\u0107 poprzez niesamowite projekty.","og_url":"https:\/\/aticanails.pl\/en\/product\/gel-nail-tips-ballerina\/","og_site_name":"Atica Nail Care Products","article_modified_time":"2026-01-10T10:43:05+00:00","og_image":[{"width":1000,"height":1000,"url":"http:\/\/aticanails.pl\/wp-content\/uploads\/2024\/01\/gel-tips-ballerina.jpg","type":"image\/jpeg"}],"twitter_card":"summary_large_image","twitter_misc":{"Est. reading time":"2 minutes"},"schema":{"@context":"https:\/\/schema.org","@graph":[{"@type":"WebPage","@id":"https:\/\/aticanails.pl\/en\/product\/gel-nail-tips-ballerina\/","url":"https:\/\/aticanails.pl\/en\/product\/gel-nail-tips-ballerina\/","name":"Kupi\u0107 ATICA \u017bELOWE TIPSY - GEL TIPS BALLERINA - 240 SZT i wyceni\u0107 niedrogo na Accessories, Forms","isPartOf":{"@id":"https:\/\/aticanails.pl\/en\/#website"},"primaryImageOfPage":{"@id":"https:\/\/aticanails.pl\/en\/product\/gel-nail-tips-ballerina\/#primaryimage"},"image":{"@id":"https:\/\/aticanails.pl\/en\/product\/gel-nail-tips-ballerina\/#primaryimage"},"thumbnailUrl":"https:\/\/aticanails.pl\/wp-content\/uploads\/2024\/01\/gel-tips-ballerina.jpg","datePublished":"2024-01-06T18:08:04+00:00","dateModified":"2026-01-10T10:43:05+00:00","description":"Nasze produkty to nie tylko towary, to dzie\u0142a sztuki, kt\u00f3re inspiruj\u0105 i pozwalaj\u0105 ka\u017cdemu styli\u015bcie paznokci wyrazi\u0107 swoj\u0105 indywidualno\u015b\u0107 poprzez niesamowite projekty.","breadcrumb":{"@id":"https:\/\/aticanails.pl\/en\/product\/gel-nail-tips-ballerina\/#breadcrumb"},"inLanguage":"en-US","potentialAction":[{"@type":"ReadAction","target":["https:\/\/aticanails.pl\/en\/product\/gel-nail-tips-ballerina\/"]}]},{"@type":"ImageObject","inLanguage":"en-US","@id":"https:\/\/aticanails.pl\/en\/product\/gel-nail-tips-ballerina\/#primaryimage","url":"https:\/\/aticanails.pl\/wp-content\/uploads\/2024\/01\/gel-tips-ballerina.jpg","contentUrl":"https:\/\/aticanails.pl\/wp-content\/uploads\/2024\/01\/gel-tips-ballerina.jpg","width":1000,"height":1000},{"@type":"BreadcrumbList","@id":"https:\/\/aticanails.pl\/en\/product\/gel-nail-tips-ballerina\/#breadcrumb","itemListElement":[{"@type":"ListItem","position":1,"name":"Home","item":"https:\/\/aticanails.pl\/en\/"},{"@type":"ListItem","position":2,"name":"Shop","item":"https:\/\/aticanails.pl\/en\/shop\/"},{"@type":"ListItem","position":3,"name":"ATICA \u017bELOWE TIPSY &#8211; GEL TIPS BALLERINA &#8211; 240 SZT"}]},{"@type":"WebSite","@id":"https:\/\/aticanails.pl\/en\/#website","url":"https:\/\/aticanails.pl\/en\/","name":"Atica Nail Care Products","description":"Large selection of gel nail polishes and products for manicure","publisher":{"@id":"https:\/\/aticanails.pl\/en\/#organization"},"potentialAction":[{"@type":"SearchAction","target":{"@type":"EntryPoint","urlTemplate":"https:\/\/aticanails.pl\/en\/?s={search_term_string}"},"query-input":{"@type":"PropertyValueSpecification","valueRequired":true,"valueName":"search_term_string"}}],"inLanguage":"en-US"},{"@type":"Organization","@id":"https:\/\/aticanails.pl\/en\/#organization","name":"Atica Nail Care Products","url":"https:\/\/aticanails.pl\/en\/","logo":{"@type":"ImageObject","inLanguage":"en-US","@id":"https:\/\/aticanails.pl\/en\/#\/schema\/logo\/image\/","url":"https:\/\/aticanails.pl\/wp-content\/uploads\/2023\/12\/logo-black.jpg","contentUrl":"https:\/\/aticanails.pl\/wp-content\/uploads\/2023\/12\/logo-black.jpg","width":1251,"height":612,"caption":"Atica Nail Care Products"},"image":{"@id":"https:\/\/aticanails.pl\/en\/#\/schema\/logo\/image\/"},"sameAs":["https:\/\/www.instagram.com\/atica.nails_pl\/"]}]}},"_links":{"self":[{"href":"https:\/\/aticanails.pl\/en\/wp-json\/wp\/v2\/product\/5752","targetHints":{"allow":["GET"]}}],"collection":[{"href":"https:\/\/aticanails.pl\/en\/wp-json\/wp\/v2\/product"}],"about":[{"href":"https:\/\/aticanails.pl\/en\/wp-json\/wp\/v2\/types\/product"}],"replies":[{"embeddable":true,"href":"https:\/\/aticanails.pl\/en\/wp-json\/wp\/v2\/comments?post=5752"}],"version-history":[{"count":2,"href":"https:\/\/aticanails.pl\/en\/wp-json\/wp\/v2\/product\/5752\/revisions"}],"predecessor-version":[{"id":8970,"href":"https:\/\/aticanails.pl\/en\/wp-json\/wp\/v2\/product\/5752\/revisions\/8970"}],"wp:featuredmedia":[{"embeddable":true,"href":"https:\/\/aticanails.pl\/en\/wp-json\/wp\/v2\/media\/5753"}],"wp:attachment":[{"href":"https:\/\/aticanails.pl\/en\/wp-json\/wp\/v2\/media?parent=5752"}],"wp:term":[{"taxonomy":"product_brand","embeddable":true,"href":"https:\/\/aticanails.pl\/en\/wp-json\/wp\/v2\/product_brand?post=5752"},{"taxonomy":"product_cat","embeddable":true,"href":"https:\/\/aticanails.pl\/en\/wp-json\/wp\/v2\/product_cat?post=5752"},{"taxonomy":"product_tag","embeddable":true,"href":"https:\/\/aticanails.pl\/en\/wp-json\/wp\/v2\/product_tag?post=5752"}],"curies":[{"name":"wp","href":"https:\/\/api.w.org\/{rel}","templated":true}]}}