{"id":4485,"date":"2023-12-25T12:29:12","date_gmt":"2023-12-25T12:29:12","guid":{"rendered":"https:\/\/aticanails.pl\/product\/baza-zelowa-rozowa-do-namaczania\/"},"modified":"2023-12-25T12:29:12","modified_gmt":"2023-12-25T12:29:12","slug":"baza-zelowa-rozowa-do-namaczania","status":"publish","type":"product","link":"https:\/\/aticanails.pl\/en\/product\/baza-zelowa-rozowa-do-namaczania\/","title":{"rendered":"Baza \u017celowa r\u00f3\u017cowa (do namaczania)"},"content":{"rendered":"<p class=\"p1\">\u017bele bazowe Atica s\u0105 g\u0142\u00f3wnym materia\u0142em, od kt\u00f3rego zale\u017cy jako\u015b\u0107 wykonywanej pracy.<\/p>\n<p class=\"p1\">Wszystkie bazy Atica zosta\u0142y opracowane zgodnie z innowacyjn\u0105 formu\u0142\u0105 Cool &#8211; systemem ch\u0142odnych \u017celi. Oznacza to, \u017ce nie pal\u0105 si\u0119 w lampie i pozwalaj\u0105 na wygodny manicure, zar\u00f3wno dla mistrza, jak i dla klienta.<\/p>\n<p class=\"p1\">Elastyczne, balansuj\u0105 razem z paznokciem, nie odrywaj\u0105 si\u0119.<\/p>\n<p class=\"p1\">Ze wzgl\u0119du na zawarto\u015b\u0107 syntetycznego kauczuku, materia\u0142 na paznokciach z \u0142atwo\u015bci\u0105 przetrwa do 4 lat bez kurczenia si\u0119.<\/p>\n<p class=\"p1\">Jeste\u015bmy za zdrowymi materia\u0142ami! Dlatego przy tworzeniu bazy wykorzystano unikaln\u0105 formu\u0142\u0119 7 free, kt\u00f3ra nie zawiera formaldehydu, toluenu, ftalazolu dibutylu, kamfory i \u017cywic formaldehydowych, ksylitolu, etyltosilamidu.<\/p>\n<p class=\"p1\">\u015arednia g\u0119sto\u015b\u0107, wysoka wytrzyma\u0142o\u015b\u0107, uniwersalno\u015b\u0107 &#8211; to g\u0142\u00f3wne zalety naszych baz.<\/p>\n<p class=\"p1\">Mamy jedn\u0105 bezbarwn\u0105 baz\u0119 &#8211; absolutny Must Have w arsenale profesjonalisty i du\u017c\u0105 r\u00f3\u017cnorodno\u015b\u0107 odcieni baz kamufluj\u0105cych z naturalnym pigmentem, matowych, a nawet z po\u0142yskiem.<\/p>\n","protected":false},"excerpt":{"rendered":"<p>\u017bele bazowe Atica s\u0105 g\u0142\u00f3wnym materia\u0142em, od kt\u00f3rego zale\u017cy jako\u015b\u0107 wykonywanej pracy. Wszystkie bazy Atica zosta\u0142y opracowane zgodnie z innowacyjn\u0105<\/p>\n","protected":false},"featured_media":0,"comment_status":"open","ping_status":"closed","template":"","meta":[],"product_brand":[],"product_cat":[29],"product_tag":[],"class_list":{"0":"post-4485","1":"product","2":"type-product","3":"status-publish","5":"product_cat-accessories","7":"first","8":"instock","9":"taxable","10":"shipping-taxable","11":"purchasable","12":"product-type-simple"},"yoast_head":"<!-- This site is optimized with the Yoast SEO plugin v26.0 - https:\/\/yoast.com\/wordpress\/plugins\/seo\/ -->\n<title>Kupi\u0107 Baza \u017celowa r\u00f3\u017cowa (do namaczania) i wyceni\u0107 niedrogo na Accessories<\/title>\n<meta name=\"description\" content=\"Nasze produkty to nie tylko towary, to dzie\u0142a sztuki, kt\u00f3re inspiruj\u0105 i pozwalaj\u0105 ka\u017cdemu styli\u015bcie paznokci wyrazi\u0107 swoj\u0105 indywidualno\u015b\u0107 poprzez niesamowite projekty.\" \/>\n<meta name=\"robots\" content=\"index, follow, max-snippet:-1, max-image-preview:large, max-video-preview:-1\" \/>\n<link rel=\"canonical\" href=\"https:\/\/aticanails.pl\/en\/product\/baza-zelowa-rozowa-do-namaczania\/\" \/>\n<meta property=\"og:locale\" content=\"en_US\" \/>\n<meta property=\"og:type\" content=\"article\" \/>\n<meta property=\"og:title\" content=\"Kupi\u0107 Baza \u017celowa r\u00f3\u017cowa (do namaczania) i wyceni\u0107 niedrogo na Accessories\" \/>\n<meta property=\"og:description\" content=\"Nasze produkty to nie tylko towary, to dzie\u0142a sztuki, kt\u00f3re inspiruj\u0105 i pozwalaj\u0105 ka\u017cdemu styli\u015bcie paznokci wyrazi\u0107 swoj\u0105 indywidualno\u015b\u0107 poprzez niesamowite projekty.\" \/>\n<meta property=\"og:url\" content=\"https:\/\/aticanails.pl\/en\/product\/baza-zelowa-rozowa-do-namaczania\/\" \/>\n<meta property=\"og:site_name\" content=\"Atica Nail Care Products\" \/>\n<meta property=\"og:image\" content=\"https:\/\/aticanails.pl\/wp-content\/uploads\/2023\/12\/logo-black.jpg\" \/>\n\t<meta property=\"og:image:width\" content=\"1251\" \/>\n\t<meta property=\"og:image:height\" content=\"612\" \/>\n\t<meta property=\"og:image:type\" content=\"image\/jpeg\" \/>\n<meta name=\"twitter:card\" content=\"summary_large_image\" \/>\n<meta name=\"twitter:label1\" content=\"Est. reading time\" \/>\n\t<meta name=\"twitter:data1\" content=\"1 minute\" \/>\n<script type=\"application\/ld+json\" class=\"yoast-schema-graph\">{\"@context\":\"https:\/\/schema.org\",\"@graph\":[{\"@type\":\"WebPage\",\"@id\":\"https:\/\/aticanails.pl\/en\/product\/baza-zelowa-rozowa-do-namaczania\/\",\"url\":\"https:\/\/aticanails.pl\/en\/product\/baza-zelowa-rozowa-do-namaczania\/\",\"name\":\"Kupi\u0107 Baza \u017celowa r\u00f3\u017cowa (do namaczania) i wyceni\u0107 niedrogo na Accessories\",\"isPartOf\":{\"@id\":\"https:\/\/aticanails.pl\/en\/#website\"},\"datePublished\":\"2023-12-25T12:29:12+00:00\",\"description\":\"Nasze produkty to nie tylko towary, to dzie\u0142a sztuki, kt\u00f3re inspiruj\u0105 i pozwalaj\u0105 ka\u017cdemu styli\u015bcie paznokci wyrazi\u0107 swoj\u0105 indywidualno\u015b\u0107 poprzez niesamowite projekty.\",\"breadcrumb\":{\"@id\":\"https:\/\/aticanails.pl\/en\/product\/baza-zelowa-rozowa-do-namaczania\/#breadcrumb\"},\"inLanguage\":\"en-US\",\"potentialAction\":[{\"@type\":\"ReadAction\",\"target\":[\"https:\/\/aticanails.pl\/en\/product\/baza-zelowa-rozowa-do-namaczania\/\"]}]},{\"@type\":\"BreadcrumbList\",\"@id\":\"https:\/\/aticanails.pl\/en\/product\/baza-zelowa-rozowa-do-namaczania\/#breadcrumb\",\"itemListElement\":[{\"@type\":\"ListItem\",\"position\":1,\"name\":\"Home\",\"item\":\"https:\/\/aticanails.pl\/en\/\"},{\"@type\":\"ListItem\",\"position\":2,\"name\":\"Shop\",\"item\":\"https:\/\/aticanails.pl\/en\/shop\/\"},{\"@type\":\"ListItem\",\"position\":3,\"name\":\"Baza \u017celowa r\u00f3\u017cowa (do namaczania)\"}]},{\"@type\":\"WebSite\",\"@id\":\"https:\/\/aticanails.pl\/en\/#website\",\"url\":\"https:\/\/aticanails.pl\/en\/\",\"name\":\"Atica Nail Care Products\",\"description\":\"Large selection of gel nail polishes and products for manicure\",\"publisher\":{\"@id\":\"https:\/\/aticanails.pl\/en\/#organization\"},\"potentialAction\":[{\"@type\":\"SearchAction\",\"target\":{\"@type\":\"EntryPoint\",\"urlTemplate\":\"https:\/\/aticanails.pl\/en\/?s={search_term_string}\"},\"query-input\":{\"@type\":\"PropertyValueSpecification\",\"valueRequired\":true,\"valueName\":\"search_term_string\"}}],\"inLanguage\":\"en-US\"},{\"@type\":\"Organization\",\"@id\":\"https:\/\/aticanails.pl\/en\/#organization\",\"name\":\"Atica Nail Care Products\",\"url\":\"https:\/\/aticanails.pl\/en\/\",\"logo\":{\"@type\":\"ImageObject\",\"inLanguage\":\"en-US\",\"@id\":\"https:\/\/aticanails.pl\/en\/#\/schema\/logo\/image\/\",\"url\":\"https:\/\/aticanails.pl\/wp-content\/uploads\/2023\/12\/logo-black.jpg\",\"contentUrl\":\"https:\/\/aticanails.pl\/wp-content\/uploads\/2023\/12\/logo-black.jpg\",\"width\":1251,\"height\":612,\"caption\":\"Atica Nail Care Products\"},\"image\":{\"@id\":\"https:\/\/aticanails.pl\/en\/#\/schema\/logo\/image\/\"},\"sameAs\":[\"https:\/\/www.instagram.com\/atica.nails_pl\/\"]}]}<\/script>\n<!-- \/ Yoast SEO plugin. -->","yoast_head_json":{"title":"Kupi\u0107 Baza \u017celowa r\u00f3\u017cowa (do namaczania) i wyceni\u0107 niedrogo na Accessories","description":"Nasze produkty to nie tylko towary, to dzie\u0142a sztuki, kt\u00f3re inspiruj\u0105 i pozwalaj\u0105 ka\u017cdemu styli\u015bcie paznokci wyrazi\u0107 swoj\u0105 indywidualno\u015b\u0107 poprzez niesamowite projekty.","robots":{"index":"index","follow":"follow","max-snippet":"max-snippet:-1","max-image-preview":"max-image-preview:large","max-video-preview":"max-video-preview:-1"},"canonical":"https:\/\/aticanails.pl\/en\/product\/baza-zelowa-rozowa-do-namaczania\/","og_locale":"en_US","og_type":"article","og_title":"Kupi\u0107 Baza \u017celowa r\u00f3\u017cowa (do namaczania) i wyceni\u0107 niedrogo na Accessories","og_description":"Nasze produkty to nie tylko towary, to dzie\u0142a sztuki, kt\u00f3re inspiruj\u0105 i pozwalaj\u0105 ka\u017cdemu styli\u015bcie paznokci wyrazi\u0107 swoj\u0105 indywidualno\u015b\u0107 poprzez niesamowite projekty.","og_url":"https:\/\/aticanails.pl\/en\/product\/baza-zelowa-rozowa-do-namaczania\/","og_site_name":"Atica Nail Care Products","og_image":[{"width":1251,"height":612,"url":"https:\/\/aticanails.pl\/wp-content\/uploads\/2023\/12\/logo-black.jpg","type":"image\/jpeg"}],"twitter_card":"summary_large_image","twitter_misc":{"Est. reading time":"1 minute"},"schema":{"@context":"https:\/\/schema.org","@graph":[{"@type":"WebPage","@id":"https:\/\/aticanails.pl\/en\/product\/baza-zelowa-rozowa-do-namaczania\/","url":"https:\/\/aticanails.pl\/en\/product\/baza-zelowa-rozowa-do-namaczania\/","name":"Kupi\u0107 Baza \u017celowa r\u00f3\u017cowa (do namaczania) i wyceni\u0107 niedrogo na Accessories","isPartOf":{"@id":"https:\/\/aticanails.pl\/en\/#website"},"datePublished":"2023-12-25T12:29:12+00:00","description":"Nasze produkty to nie tylko towary, to dzie\u0142a sztuki, kt\u00f3re inspiruj\u0105 i pozwalaj\u0105 ka\u017cdemu styli\u015bcie paznokci wyrazi\u0107 swoj\u0105 indywidualno\u015b\u0107 poprzez niesamowite projekty.","breadcrumb":{"@id":"https:\/\/aticanails.pl\/en\/product\/baza-zelowa-rozowa-do-namaczania\/#breadcrumb"},"inLanguage":"en-US","potentialAction":[{"@type":"ReadAction","target":["https:\/\/aticanails.pl\/en\/product\/baza-zelowa-rozowa-do-namaczania\/"]}]},{"@type":"BreadcrumbList","@id":"https:\/\/aticanails.pl\/en\/product\/baza-zelowa-rozowa-do-namaczania\/#breadcrumb","itemListElement":[{"@type":"ListItem","position":1,"name":"Home","item":"https:\/\/aticanails.pl\/en\/"},{"@type":"ListItem","position":2,"name":"Shop","item":"https:\/\/aticanails.pl\/en\/shop\/"},{"@type":"ListItem","position":3,"name":"Baza \u017celowa r\u00f3\u017cowa (do namaczania)"}]},{"@type":"WebSite","@id":"https:\/\/aticanails.pl\/en\/#website","url":"https:\/\/aticanails.pl\/en\/","name":"Atica Nail Care Products","description":"Large selection of gel nail polishes and products for manicure","publisher":{"@id":"https:\/\/aticanails.pl\/en\/#organization"},"potentialAction":[{"@type":"SearchAction","target":{"@type":"EntryPoint","urlTemplate":"https:\/\/aticanails.pl\/en\/?s={search_term_string}"},"query-input":{"@type":"PropertyValueSpecification","valueRequired":true,"valueName":"search_term_string"}}],"inLanguage":"en-US"},{"@type":"Organization","@id":"https:\/\/aticanails.pl\/en\/#organization","name":"Atica Nail Care Products","url":"https:\/\/aticanails.pl\/en\/","logo":{"@type":"ImageObject","inLanguage":"en-US","@id":"https:\/\/aticanails.pl\/en\/#\/schema\/logo\/image\/","url":"https:\/\/aticanails.pl\/wp-content\/uploads\/2023\/12\/logo-black.jpg","contentUrl":"https:\/\/aticanails.pl\/wp-content\/uploads\/2023\/12\/logo-black.jpg","width":1251,"height":612,"caption":"Atica Nail Care Products"},"image":{"@id":"https:\/\/aticanails.pl\/en\/#\/schema\/logo\/image\/"},"sameAs":["https:\/\/www.instagram.com\/atica.nails_pl\/"]}]}},"_links":{"self":[{"href":"https:\/\/aticanails.pl\/en\/wp-json\/wp\/v2\/product\/4485","targetHints":{"allow":["GET"]}}],"collection":[{"href":"https:\/\/aticanails.pl\/en\/wp-json\/wp\/v2\/product"}],"about":[{"href":"https:\/\/aticanails.pl\/en\/wp-json\/wp\/v2\/types\/product"}],"replies":[{"embeddable":true,"href":"https:\/\/aticanails.pl\/en\/wp-json\/wp\/v2\/comments?post=4485"}],"version-history":[{"count":0,"href":"https:\/\/aticanails.pl\/en\/wp-json\/wp\/v2\/product\/4485\/revisions"}],"wp:attachment":[{"href":"https:\/\/aticanails.pl\/en\/wp-json\/wp\/v2\/media?parent=4485"}],"wp:term":[{"taxonomy":"product_brand","embeddable":true,"href":"https:\/\/aticanails.pl\/en\/wp-json\/wp\/v2\/product_brand?post=4485"},{"taxonomy":"product_cat","embeddable":true,"href":"https:\/\/aticanails.pl\/en\/wp-json\/wp\/v2\/product_cat?post=4485"},{"taxonomy":"product_tag","embeddable":true,"href":"https:\/\/aticanails.pl\/en\/wp-json\/wp\/v2\/product_tag?post=4485"}],"curies":[{"name":"wp","href":"https:\/\/api.w.org\/{rel}","templated":true}]}}