{"id":3173,"date":"2023-12-25T12:32:05","date_gmt":"2023-12-25T12:32:05","guid":{"rendered":"https:\/\/aticanails.pl\/?post_type=product&#038;p=3173"},"modified":"2026-02-18T13:14:00","modified_gmt":"2026-02-18T12:14:00","slug":"gel-ly-ultra-white","status":"publish","type":"product","link":"https:\/\/aticanails.pl\/en\/product\/gel-ly-ultra-white\/","title":{"rendered":"GEL-LY Ultra White 30 grm 85285"},"content":{"rendered":"<p>Camouflage gels GEL*LY<br \/>\n&#8211; thick consistency,<br \/>\n&#8211; saturation with pigment,<br \/>\n&#8211; elasticity and strength,<br \/>\n&#8211; low temperature (does not burn when applied). It fits snugly on the surface of the nail plate, hiding defects and unevenness of the nail.<br \/>\nThe structure of these gels resembles a light mousse or jelly, which adheres well to the brush bristles and does not drain. Designed to lengthen the natural nail plate and visually eliminate its defects.<br \/>\nIt is a bit difficult to model, as its self-leveling is worse than that of conventional gels. But this problem is solved with experience. The longer you work with this material, the more accurately and evenly you will learn to lay it out.<br \/>\nThe polymerization time is 120 seconds.<\/p>\n","protected":false},"excerpt":{"rendered":"<p>&#8211; thick consistency,<br \/>\n&#8211; saturation with pigment,<br \/>\n&#8211; elasticity and strength,<br \/>\n&#8211; low temperature (does not burn when applied). It fits snugly on the surface of the nail plate, hiding defects and unevenness of the nail.<\/p>\n","protected":false},"featured_media":5482,"comment_status":"open","ping_status":"closed","template":"","meta":[],"product_brand":[],"product_cat":[92],"product_tag":[],"class_list":{"0":"post-3173","1":"product","2":"type-product","3":"status-publish","4":"has-post-thumbnail","6":"product_cat-gel-jelly","8":"first","9":"outofstock","10":"taxable","11":"shipping-taxable","12":"purchasable","13":"product-type-simple"},"yoast_head":"<!-- This site is optimized with the Yoast SEO plugin v26.0 - https:\/\/yoast.com\/wordpress\/plugins\/seo\/ -->\n<title>Kupi\u0107 GEL-LY Ultra White 30 grm 85285 i wyceni\u0107 niedrogo na Gel Jelly<\/title>\n<meta name=\"description\" content=\"Nasze produkty to nie tylko towary, to dzie\u0142a sztuki, kt\u00f3re inspiruj\u0105 i pozwalaj\u0105 ka\u017cdemu styli\u015bcie paznokci wyrazi\u0107 swoj\u0105 indywidualno\u015b\u0107 poprzez niesamowite projekty.\" \/>\n<meta name=\"robots\" content=\"index, follow, max-snippet:-1, max-image-preview:large, max-video-preview:-1\" \/>\n<link rel=\"canonical\" href=\"https:\/\/aticanails.pl\/en\/product\/gel-ly-ultra-white\/\" \/>\n<meta property=\"og:locale\" content=\"en_US\" \/>\n<meta property=\"og:type\" content=\"article\" \/>\n<meta property=\"og:title\" content=\"Kupi\u0107 GEL-LY Ultra White 30 grm 85285 i wyceni\u0107 niedrogo na Gel Jelly\" \/>\n<meta property=\"og:description\" content=\"Nasze produkty to nie tylko towary, to dzie\u0142a sztuki, kt\u00f3re inspiruj\u0105 i pozwalaj\u0105 ka\u017cdemu styli\u015bcie paznokci wyrazi\u0107 swoj\u0105 indywidualno\u015b\u0107 poprzez niesamowite projekty.\" \/>\n<meta property=\"og:url\" content=\"https:\/\/aticanails.pl\/en\/product\/gel-ly-ultra-white\/\" \/>\n<meta property=\"og:site_name\" content=\"Atica Nail Care Products\" \/>\n<meta property=\"article:modified_time\" content=\"2026-02-18T12:14:00+00:00\" \/>\n<meta property=\"og:image\" content=\"https:\/\/aticanails.pl\/wp-content\/uploads\/2023\/12\/Gelly-Ultra_White_SC_6572.jpg\" \/>\n\t<meta property=\"og:image:width\" content=\"1000\" \/>\n\t<meta property=\"og:image:height\" content=\"1000\" \/>\n\t<meta property=\"og:image:type\" content=\"image\/jpeg\" \/>\n<meta name=\"twitter:card\" content=\"summary_large_image\" \/>\n<meta name=\"twitter:label1\" content=\"Est. reading time\" \/>\n\t<meta name=\"twitter:data1\" content=\"1 minute\" \/>\n<script type=\"application\/ld+json\" class=\"yoast-schema-graph\">{\"@context\":\"https:\/\/schema.org\",\"@graph\":[{\"@type\":\"WebPage\",\"@id\":\"https:\/\/aticanails.pl\/en\/product\/gel-ly-ultra-white\/\",\"url\":\"https:\/\/aticanails.pl\/en\/product\/gel-ly-ultra-white\/\",\"name\":\"Kupi\u0107 GEL-LY Ultra White 30 grm 85285 i wyceni\u0107 niedrogo na Gel Jelly\",\"isPartOf\":{\"@id\":\"https:\/\/aticanails.pl\/en\/#website\"},\"primaryImageOfPage\":{\"@id\":\"https:\/\/aticanails.pl\/en\/product\/gel-ly-ultra-white\/#primaryimage\"},\"image\":{\"@id\":\"https:\/\/aticanails.pl\/en\/product\/gel-ly-ultra-white\/#primaryimage\"},\"thumbnailUrl\":\"https:\/\/aticanails.pl\/wp-content\/uploads\/2023\/12\/Gelly-Ultra_White_SC_6572.jpg\",\"datePublished\":\"2023-12-25T12:32:05+00:00\",\"dateModified\":\"2026-02-18T12:14:00+00:00\",\"description\":\"Nasze produkty to nie tylko towary, to dzie\u0142a sztuki, kt\u00f3re inspiruj\u0105 i pozwalaj\u0105 ka\u017cdemu styli\u015bcie paznokci wyrazi\u0107 swoj\u0105 indywidualno\u015b\u0107 poprzez niesamowite projekty.\",\"breadcrumb\":{\"@id\":\"https:\/\/aticanails.pl\/en\/product\/gel-ly-ultra-white\/#breadcrumb\"},\"inLanguage\":\"en-US\",\"potentialAction\":[{\"@type\":\"ReadAction\",\"target\":[\"https:\/\/aticanails.pl\/en\/product\/gel-ly-ultra-white\/\"]}]},{\"@type\":\"ImageObject\",\"inLanguage\":\"en-US\",\"@id\":\"https:\/\/aticanails.pl\/en\/product\/gel-ly-ultra-white\/#primaryimage\",\"url\":\"https:\/\/aticanails.pl\/wp-content\/uploads\/2023\/12\/Gelly-Ultra_White_SC_6572.jpg\",\"contentUrl\":\"https:\/\/aticanails.pl\/wp-content\/uploads\/2023\/12\/Gelly-Ultra_White_SC_6572.jpg\",\"width\":1000,\"height\":1000},{\"@type\":\"BreadcrumbList\",\"@id\":\"https:\/\/aticanails.pl\/en\/product\/gel-ly-ultra-white\/#breadcrumb\",\"itemListElement\":[{\"@type\":\"ListItem\",\"position\":1,\"name\":\"Home\",\"item\":\"https:\/\/aticanails.pl\/en\/\"},{\"@type\":\"ListItem\",\"position\":2,\"name\":\"Shop\",\"item\":\"https:\/\/aticanails.pl\/en\/shop\/\"},{\"@type\":\"ListItem\",\"position\":3,\"name\":\"GEL-LY Ultra White 30 grm 85285\"}]},{\"@type\":\"WebSite\",\"@id\":\"https:\/\/aticanails.pl\/en\/#website\",\"url\":\"https:\/\/aticanails.pl\/en\/\",\"name\":\"Atica Nail Care Products\",\"description\":\"Large selection of gel nail polishes and products for manicure\",\"publisher\":{\"@id\":\"https:\/\/aticanails.pl\/en\/#organization\"},\"potentialAction\":[{\"@type\":\"SearchAction\",\"target\":{\"@type\":\"EntryPoint\",\"urlTemplate\":\"https:\/\/aticanails.pl\/en\/?s={search_term_string}\"},\"query-input\":{\"@type\":\"PropertyValueSpecification\",\"valueRequired\":true,\"valueName\":\"search_term_string\"}}],\"inLanguage\":\"en-US\"},{\"@type\":\"Organization\",\"@id\":\"https:\/\/aticanails.pl\/en\/#organization\",\"name\":\"Atica Nail Care Products\",\"url\":\"https:\/\/aticanails.pl\/en\/\",\"logo\":{\"@type\":\"ImageObject\",\"inLanguage\":\"en-US\",\"@id\":\"https:\/\/aticanails.pl\/en\/#\/schema\/logo\/image\/\",\"url\":\"https:\/\/aticanails.pl\/wp-content\/uploads\/2023\/12\/logo-black.jpg\",\"contentUrl\":\"https:\/\/aticanails.pl\/wp-content\/uploads\/2023\/12\/logo-black.jpg\",\"width\":1251,\"height\":612,\"caption\":\"Atica Nail Care Products\"},\"image\":{\"@id\":\"https:\/\/aticanails.pl\/en\/#\/schema\/logo\/image\/\"},\"sameAs\":[\"https:\/\/www.instagram.com\/atica.nails_pl\/\"]}]}<\/script>\n<!-- \/ Yoast SEO plugin. -->","yoast_head_json":{"title":"Kupi\u0107 GEL-LY Ultra White 30 grm 85285 i wyceni\u0107 niedrogo na Gel Jelly","description":"Nasze produkty to nie tylko towary, to dzie\u0142a sztuki, kt\u00f3re inspiruj\u0105 i pozwalaj\u0105 ka\u017cdemu styli\u015bcie paznokci wyrazi\u0107 swoj\u0105 indywidualno\u015b\u0107 poprzez niesamowite projekty.","robots":{"index":"index","follow":"follow","max-snippet":"max-snippet:-1","max-image-preview":"max-image-preview:large","max-video-preview":"max-video-preview:-1"},"canonical":"https:\/\/aticanails.pl\/en\/product\/gel-ly-ultra-white\/","og_locale":"en_US","og_type":"article","og_title":"Kupi\u0107 GEL-LY Ultra White 30 grm 85285 i wyceni\u0107 niedrogo na Gel Jelly","og_description":"Nasze produkty to nie tylko towary, to dzie\u0142a sztuki, kt\u00f3re inspiruj\u0105 i pozwalaj\u0105 ka\u017cdemu styli\u015bcie paznokci wyrazi\u0107 swoj\u0105 indywidualno\u015b\u0107 poprzez niesamowite projekty.","og_url":"https:\/\/aticanails.pl\/en\/product\/gel-ly-ultra-white\/","og_site_name":"Atica Nail Care Products","article_modified_time":"2026-02-18T12:14:00+00:00","og_image":[{"width":1000,"height":1000,"url":"https:\/\/aticanails.pl\/wp-content\/uploads\/2023\/12\/Gelly-Ultra_White_SC_6572.jpg","type":"image\/jpeg"}],"twitter_card":"summary_large_image","twitter_misc":{"Est. reading time":"1 minute"},"schema":{"@context":"https:\/\/schema.org","@graph":[{"@type":"WebPage","@id":"https:\/\/aticanails.pl\/en\/product\/gel-ly-ultra-white\/","url":"https:\/\/aticanails.pl\/en\/product\/gel-ly-ultra-white\/","name":"Kupi\u0107 GEL-LY Ultra White 30 grm 85285 i wyceni\u0107 niedrogo na Gel Jelly","isPartOf":{"@id":"https:\/\/aticanails.pl\/en\/#website"},"primaryImageOfPage":{"@id":"https:\/\/aticanails.pl\/en\/product\/gel-ly-ultra-white\/#primaryimage"},"image":{"@id":"https:\/\/aticanails.pl\/en\/product\/gel-ly-ultra-white\/#primaryimage"},"thumbnailUrl":"https:\/\/aticanails.pl\/wp-content\/uploads\/2023\/12\/Gelly-Ultra_White_SC_6572.jpg","datePublished":"2023-12-25T12:32:05+00:00","dateModified":"2026-02-18T12:14:00+00:00","description":"Nasze produkty to nie tylko towary, to dzie\u0142a sztuki, kt\u00f3re inspiruj\u0105 i pozwalaj\u0105 ka\u017cdemu styli\u015bcie paznokci wyrazi\u0107 swoj\u0105 indywidualno\u015b\u0107 poprzez niesamowite projekty.","breadcrumb":{"@id":"https:\/\/aticanails.pl\/en\/product\/gel-ly-ultra-white\/#breadcrumb"},"inLanguage":"en-US","potentialAction":[{"@type":"ReadAction","target":["https:\/\/aticanails.pl\/en\/product\/gel-ly-ultra-white\/"]}]},{"@type":"ImageObject","inLanguage":"en-US","@id":"https:\/\/aticanails.pl\/en\/product\/gel-ly-ultra-white\/#primaryimage","url":"https:\/\/aticanails.pl\/wp-content\/uploads\/2023\/12\/Gelly-Ultra_White_SC_6572.jpg","contentUrl":"https:\/\/aticanails.pl\/wp-content\/uploads\/2023\/12\/Gelly-Ultra_White_SC_6572.jpg","width":1000,"height":1000},{"@type":"BreadcrumbList","@id":"https:\/\/aticanails.pl\/en\/product\/gel-ly-ultra-white\/#breadcrumb","itemListElement":[{"@type":"ListItem","position":1,"name":"Home","item":"https:\/\/aticanails.pl\/en\/"},{"@type":"ListItem","position":2,"name":"Shop","item":"https:\/\/aticanails.pl\/en\/shop\/"},{"@type":"ListItem","position":3,"name":"GEL-LY Ultra White 30 grm 85285"}]},{"@type":"WebSite","@id":"https:\/\/aticanails.pl\/en\/#website","url":"https:\/\/aticanails.pl\/en\/","name":"Atica Nail Care Products","description":"Large selection of gel nail polishes and products for manicure","publisher":{"@id":"https:\/\/aticanails.pl\/en\/#organization"},"potentialAction":[{"@type":"SearchAction","target":{"@type":"EntryPoint","urlTemplate":"https:\/\/aticanails.pl\/en\/?s={search_term_string}"},"query-input":{"@type":"PropertyValueSpecification","valueRequired":true,"valueName":"search_term_string"}}],"inLanguage":"en-US"},{"@type":"Organization","@id":"https:\/\/aticanails.pl\/en\/#organization","name":"Atica Nail Care Products","url":"https:\/\/aticanails.pl\/en\/","logo":{"@type":"ImageObject","inLanguage":"en-US","@id":"https:\/\/aticanails.pl\/en\/#\/schema\/logo\/image\/","url":"https:\/\/aticanails.pl\/wp-content\/uploads\/2023\/12\/logo-black.jpg","contentUrl":"https:\/\/aticanails.pl\/wp-content\/uploads\/2023\/12\/logo-black.jpg","width":1251,"height":612,"caption":"Atica Nail Care Products"},"image":{"@id":"https:\/\/aticanails.pl\/en\/#\/schema\/logo\/image\/"},"sameAs":["https:\/\/www.instagram.com\/atica.nails_pl\/"]}]}},"_links":{"self":[{"href":"https:\/\/aticanails.pl\/en\/wp-json\/wp\/v2\/product\/3173","targetHints":{"allow":["GET"]}}],"collection":[{"href":"https:\/\/aticanails.pl\/en\/wp-json\/wp\/v2\/product"}],"about":[{"href":"https:\/\/aticanails.pl\/en\/wp-json\/wp\/v2\/types\/product"}],"replies":[{"embeddable":true,"href":"https:\/\/aticanails.pl\/en\/wp-json\/wp\/v2\/comments?post=3173"}],"version-history":[{"count":6,"href":"https:\/\/aticanails.pl\/en\/wp-json\/wp\/v2\/product\/3173\/revisions"}],"predecessor-version":[{"id":5481,"href":"https:\/\/aticanails.pl\/en\/wp-json\/wp\/v2\/product\/3173\/revisions\/5481"}],"wp:featuredmedia":[{"embeddable":true,"href":"https:\/\/aticanails.pl\/en\/wp-json\/wp\/v2\/media\/5482"}],"wp:attachment":[{"href":"https:\/\/aticanails.pl\/en\/wp-json\/wp\/v2\/media?parent=3173"}],"wp:term":[{"taxonomy":"product_brand","embeddable":true,"href":"https:\/\/aticanails.pl\/en\/wp-json\/wp\/v2\/product_brand?post=3173"},{"taxonomy":"product_cat","embeddable":true,"href":"https:\/\/aticanails.pl\/en\/wp-json\/wp\/v2\/product_cat?post=3173"},{"taxonomy":"product_tag","embeddable":true,"href":"https:\/\/aticanails.pl\/en\/wp-json\/wp\/v2\/product_tag?post=3173"}],"curies":[{"name":"wp","href":"https:\/\/api.w.org\/{rel}","templated":true}]}}