{"id":2848,"date":"2023-12-25T12:29:15","date_gmt":"2023-12-25T12:29:15","guid":{"rendered":"https:\/\/aticanails.pl\/?post_type=product&#038;p=2848"},"modified":"2026-02-19T23:06:54","modified_gmt":"2026-02-19T22:06:54","slug":"base-gel-milk-sparkling-white-soak-off15ml-with-shimmer","status":"publish","type":"product","link":"https:\/\/aticanails.pl\/en\/product\/base-gel-milk-sparkling-white-soak-off15ml-with-shimmer\/","title":{"rendered":"Base Gel Milk Sparkling White (soak off)15ml with shimmer"},"content":{"rendered":"<p>Milky Base with shimmer (fine shimmer).Milk base Milky &#8211; for those who like a delicate milky manicure, as well as for owners of a weak nail plate. Thanks to small fibers, the base provides reinforcement, strengthening the nail plate, builds a strong frame, works as a color stabilizer (background for colors). And a small, shimmering shimmer will add tenderness and attractiveness to your manicure.Available in volume 15 ml Does not burn. Does not turn yellow. Does not chipMade for professional use.<\/p>\n<p>Curing time 120 sec. UV Lamp, 60 sec. 18w LED Lamp<\/p>\n","protected":false},"excerpt":{"rendered":"<p>Milky Base with shimmer (fine shimmer).Milk base Milky &#8211; for those who like a delicate milky manicure, as well as<\/p>\n","protected":false},"featured_media":9958,"comment_status":"open","ping_status":"closed","template":"","meta":[],"product_brand":[],"product_cat":[74,75],"product_tag":[],"class_list":{"0":"post-2848","1":"product","2":"type-product","3":"status-publish","4":"has-post-thumbnail","6":"product_cat-base-coat","7":"product_cat-base-coat-base-coat","9":"first","10":"instock","11":"taxable","12":"shipping-taxable","13":"purchasable","14":"product-type-variable"},"yoast_head":"<!-- This site is optimized with the Yoast SEO plugin v26.0 - https:\/\/yoast.com\/wordpress\/plugins\/seo\/ -->\n<title>Kupi\u0107 Base Gel Milk Sparkling White (soak off)15ml with shimmer i wyceni\u0107 niedrogo na Base &amp; Top Coat, Base coat<\/title>\n<meta name=\"description\" content=\"Nasze produkty to nie tylko towary, to dzie\u0142a sztuki, kt\u00f3re inspiruj\u0105 i pozwalaj\u0105 ka\u017cdemu styli\u015bcie paznokci wyrazi\u0107 swoj\u0105 indywidualno\u015b\u0107 poprzez niesamowite projekty.\" \/>\n<meta name=\"robots\" content=\"index, follow, max-snippet:-1, max-image-preview:large, max-video-preview:-1\" \/>\n<link rel=\"canonical\" href=\"https:\/\/aticanails.pl\/en\/product\/base-gel-milk-sparkling-white-soak-off15ml-with-shimmer\/\" \/>\n<meta property=\"og:locale\" content=\"en_US\" \/>\n<meta property=\"og:type\" content=\"article\" \/>\n<meta property=\"og:title\" content=\"Kupi\u0107 Base Gel Milk Sparkling White (soak off)15ml with shimmer i wyceni\u0107 niedrogo na Base &amp; Top Coat, Base coat\" \/>\n<meta property=\"og:description\" content=\"Nasze produkty to nie tylko towary, to dzie\u0142a sztuki, kt\u00f3re inspiruj\u0105 i pozwalaj\u0105 ka\u017cdemu styli\u015bcie paznokci wyrazi\u0107 swoj\u0105 indywidualno\u015b\u0107 poprzez niesamowite projekty.\" \/>\n<meta property=\"og:url\" content=\"https:\/\/aticanails.pl\/en\/product\/base-gel-milk-sparkling-white-soak-off15ml-with-shimmer\/\" \/>\n<meta property=\"og:site_name\" content=\"Atica Nail Care Products\" \/>\n<meta property=\"article:modified_time\" content=\"2026-02-19T22:06:54+00:00\" \/>\n<meta property=\"og:image\" content=\"http:\/\/aticanails.pl\/wp-content\/uploads\/2023\/12\/beige_base_gel_milky_sparkling.jpg\" \/>\n\t<meta property=\"og:image:width\" content=\"886\" \/>\n\t<meta property=\"og:image:height\" content=\"886\" \/>\n\t<meta property=\"og:image:type\" content=\"image\/jpeg\" \/>\n<meta name=\"twitter:card\" content=\"summary_large_image\" \/>\n<meta name=\"twitter:label1\" content=\"Est. reading time\" \/>\n\t<meta name=\"twitter:data1\" content=\"1 minute\" \/>\n<script type=\"application\/ld+json\" class=\"yoast-schema-graph\">{\"@context\":\"https:\/\/schema.org\",\"@graph\":[{\"@type\":\"WebPage\",\"@id\":\"https:\/\/aticanails.pl\/en\/product\/base-gel-milk-sparkling-white-soak-off15ml-with-shimmer\/\",\"url\":\"https:\/\/aticanails.pl\/en\/product\/base-gel-milk-sparkling-white-soak-off15ml-with-shimmer\/\",\"name\":\"Kupi\u0107 Base Gel Milk Sparkling White (soak off)15ml with shimmer i wyceni\u0107 niedrogo na Base &amp; Top Coat, Base coat\",\"isPartOf\":{\"@id\":\"https:\/\/aticanails.pl\/en\/#website\"},\"primaryImageOfPage\":{\"@id\":\"https:\/\/aticanails.pl\/en\/product\/base-gel-milk-sparkling-white-soak-off15ml-with-shimmer\/#primaryimage\"},\"image\":{\"@id\":\"https:\/\/aticanails.pl\/en\/product\/base-gel-milk-sparkling-white-soak-off15ml-with-shimmer\/#primaryimage\"},\"thumbnailUrl\":\"https:\/\/aticanails.pl\/wp-content\/uploads\/2023\/12\/beige_base_gel_milky_sparkling.jpg\",\"datePublished\":\"2023-12-25T12:29:15+00:00\",\"dateModified\":\"2026-02-19T22:06:54+00:00\",\"description\":\"Nasze produkty to nie tylko towary, to dzie\u0142a sztuki, kt\u00f3re inspiruj\u0105 i pozwalaj\u0105 ka\u017cdemu styli\u015bcie paznokci wyrazi\u0107 swoj\u0105 indywidualno\u015b\u0107 poprzez niesamowite projekty.\",\"breadcrumb\":{\"@id\":\"https:\/\/aticanails.pl\/en\/product\/base-gel-milk-sparkling-white-soak-off15ml-with-shimmer\/#breadcrumb\"},\"inLanguage\":\"en-US\",\"potentialAction\":[{\"@type\":\"ReadAction\",\"target\":[\"https:\/\/aticanails.pl\/en\/product\/base-gel-milk-sparkling-white-soak-off15ml-with-shimmer\/\"]}]},{\"@type\":\"ImageObject\",\"inLanguage\":\"en-US\",\"@id\":\"https:\/\/aticanails.pl\/en\/product\/base-gel-milk-sparkling-white-soak-off15ml-with-shimmer\/#primaryimage\",\"url\":\"https:\/\/aticanails.pl\/wp-content\/uploads\/2023\/12\/beige_base_gel_milky_sparkling.jpg\",\"contentUrl\":\"https:\/\/aticanails.pl\/wp-content\/uploads\/2023\/12\/beige_base_gel_milky_sparkling.jpg\",\"width\":886,\"height\":886},{\"@type\":\"BreadcrumbList\",\"@id\":\"https:\/\/aticanails.pl\/en\/product\/base-gel-milk-sparkling-white-soak-off15ml-with-shimmer\/#breadcrumb\",\"itemListElement\":[{\"@type\":\"ListItem\",\"position\":1,\"name\":\"Home\",\"item\":\"https:\/\/aticanails.pl\/en\/\"},{\"@type\":\"ListItem\",\"position\":2,\"name\":\"Shop\",\"item\":\"https:\/\/aticanails.pl\/en\/shop\/\"},{\"@type\":\"ListItem\",\"position\":3,\"name\":\"Base Gel Milk Sparkling White (soak off)15ml with shimmer\"}]},{\"@type\":\"WebSite\",\"@id\":\"https:\/\/aticanails.pl\/en\/#website\",\"url\":\"https:\/\/aticanails.pl\/en\/\",\"name\":\"Atica Nail Care Products\",\"description\":\"Large selection of gel nail polishes and products for manicure\",\"publisher\":{\"@id\":\"https:\/\/aticanails.pl\/en\/#organization\"},\"potentialAction\":[{\"@type\":\"SearchAction\",\"target\":{\"@type\":\"EntryPoint\",\"urlTemplate\":\"https:\/\/aticanails.pl\/en\/?s={search_term_string}\"},\"query-input\":{\"@type\":\"PropertyValueSpecification\",\"valueRequired\":true,\"valueName\":\"search_term_string\"}}],\"inLanguage\":\"en-US\"},{\"@type\":\"Organization\",\"@id\":\"https:\/\/aticanails.pl\/en\/#organization\",\"name\":\"Atica Nail Care Products\",\"url\":\"https:\/\/aticanails.pl\/en\/\",\"logo\":{\"@type\":\"ImageObject\",\"inLanguage\":\"en-US\",\"@id\":\"https:\/\/aticanails.pl\/en\/#\/schema\/logo\/image\/\",\"url\":\"https:\/\/aticanails.pl\/wp-content\/uploads\/2023\/12\/logo-black.jpg\",\"contentUrl\":\"https:\/\/aticanails.pl\/wp-content\/uploads\/2023\/12\/logo-black.jpg\",\"width\":1251,\"height\":612,\"caption\":\"Atica Nail Care Products\"},\"image\":{\"@id\":\"https:\/\/aticanails.pl\/en\/#\/schema\/logo\/image\/\"},\"sameAs\":[\"https:\/\/www.instagram.com\/atica.nails_pl\/\"]}]}<\/script>\n<!-- \/ Yoast SEO plugin. -->","yoast_head_json":{"title":"Kupi\u0107 Base Gel Milk Sparkling White (soak off)15ml with shimmer i wyceni\u0107 niedrogo na Base &amp; Top Coat, Base coat","description":"Nasze produkty to nie tylko towary, to dzie\u0142a sztuki, kt\u00f3re inspiruj\u0105 i pozwalaj\u0105 ka\u017cdemu styli\u015bcie paznokci wyrazi\u0107 swoj\u0105 indywidualno\u015b\u0107 poprzez niesamowite projekty.","robots":{"index":"index","follow":"follow","max-snippet":"max-snippet:-1","max-image-preview":"max-image-preview:large","max-video-preview":"max-video-preview:-1"},"canonical":"https:\/\/aticanails.pl\/en\/product\/base-gel-milk-sparkling-white-soak-off15ml-with-shimmer\/","og_locale":"en_US","og_type":"article","og_title":"Kupi\u0107 Base Gel Milk Sparkling White (soak off)15ml with shimmer i wyceni\u0107 niedrogo na Base &amp; Top Coat, Base coat","og_description":"Nasze produkty to nie tylko towary, to dzie\u0142a sztuki, kt\u00f3re inspiruj\u0105 i pozwalaj\u0105 ka\u017cdemu styli\u015bcie paznokci wyrazi\u0107 swoj\u0105 indywidualno\u015b\u0107 poprzez niesamowite projekty.","og_url":"https:\/\/aticanails.pl\/en\/product\/base-gel-milk-sparkling-white-soak-off15ml-with-shimmer\/","og_site_name":"Atica Nail Care Products","article_modified_time":"2026-02-19T22:06:54+00:00","og_image":[{"width":886,"height":886,"url":"http:\/\/aticanails.pl\/wp-content\/uploads\/2023\/12\/beige_base_gel_milky_sparkling.jpg","type":"image\/jpeg"}],"twitter_card":"summary_large_image","twitter_misc":{"Est. reading time":"1 minute"},"schema":{"@context":"https:\/\/schema.org","@graph":[{"@type":"WebPage","@id":"https:\/\/aticanails.pl\/en\/product\/base-gel-milk-sparkling-white-soak-off15ml-with-shimmer\/","url":"https:\/\/aticanails.pl\/en\/product\/base-gel-milk-sparkling-white-soak-off15ml-with-shimmer\/","name":"Kupi\u0107 Base Gel Milk Sparkling White (soak off)15ml with shimmer i wyceni\u0107 niedrogo na Base &amp; Top Coat, Base coat","isPartOf":{"@id":"https:\/\/aticanails.pl\/en\/#website"},"primaryImageOfPage":{"@id":"https:\/\/aticanails.pl\/en\/product\/base-gel-milk-sparkling-white-soak-off15ml-with-shimmer\/#primaryimage"},"image":{"@id":"https:\/\/aticanails.pl\/en\/product\/base-gel-milk-sparkling-white-soak-off15ml-with-shimmer\/#primaryimage"},"thumbnailUrl":"https:\/\/aticanails.pl\/wp-content\/uploads\/2023\/12\/beige_base_gel_milky_sparkling.jpg","datePublished":"2023-12-25T12:29:15+00:00","dateModified":"2026-02-19T22:06:54+00:00","description":"Nasze produkty to nie tylko towary, to dzie\u0142a sztuki, kt\u00f3re inspiruj\u0105 i pozwalaj\u0105 ka\u017cdemu styli\u015bcie paznokci wyrazi\u0107 swoj\u0105 indywidualno\u015b\u0107 poprzez niesamowite projekty.","breadcrumb":{"@id":"https:\/\/aticanails.pl\/en\/product\/base-gel-milk-sparkling-white-soak-off15ml-with-shimmer\/#breadcrumb"},"inLanguage":"en-US","potentialAction":[{"@type":"ReadAction","target":["https:\/\/aticanails.pl\/en\/product\/base-gel-milk-sparkling-white-soak-off15ml-with-shimmer\/"]}]},{"@type":"ImageObject","inLanguage":"en-US","@id":"https:\/\/aticanails.pl\/en\/product\/base-gel-milk-sparkling-white-soak-off15ml-with-shimmer\/#primaryimage","url":"https:\/\/aticanails.pl\/wp-content\/uploads\/2023\/12\/beige_base_gel_milky_sparkling.jpg","contentUrl":"https:\/\/aticanails.pl\/wp-content\/uploads\/2023\/12\/beige_base_gel_milky_sparkling.jpg","width":886,"height":886},{"@type":"BreadcrumbList","@id":"https:\/\/aticanails.pl\/en\/product\/base-gel-milk-sparkling-white-soak-off15ml-with-shimmer\/#breadcrumb","itemListElement":[{"@type":"ListItem","position":1,"name":"Home","item":"https:\/\/aticanails.pl\/en\/"},{"@type":"ListItem","position":2,"name":"Shop","item":"https:\/\/aticanails.pl\/en\/shop\/"},{"@type":"ListItem","position":3,"name":"Base Gel Milk Sparkling White (soak off)15ml with shimmer"}]},{"@type":"WebSite","@id":"https:\/\/aticanails.pl\/en\/#website","url":"https:\/\/aticanails.pl\/en\/","name":"Atica Nail Care Products","description":"Large selection of gel nail polishes and products for manicure","publisher":{"@id":"https:\/\/aticanails.pl\/en\/#organization"},"potentialAction":[{"@type":"SearchAction","target":{"@type":"EntryPoint","urlTemplate":"https:\/\/aticanails.pl\/en\/?s={search_term_string}"},"query-input":{"@type":"PropertyValueSpecification","valueRequired":true,"valueName":"search_term_string"}}],"inLanguage":"en-US"},{"@type":"Organization","@id":"https:\/\/aticanails.pl\/en\/#organization","name":"Atica Nail Care Products","url":"https:\/\/aticanails.pl\/en\/","logo":{"@type":"ImageObject","inLanguage":"en-US","@id":"https:\/\/aticanails.pl\/en\/#\/schema\/logo\/image\/","url":"https:\/\/aticanails.pl\/wp-content\/uploads\/2023\/12\/logo-black.jpg","contentUrl":"https:\/\/aticanails.pl\/wp-content\/uploads\/2023\/12\/logo-black.jpg","width":1251,"height":612,"caption":"Atica Nail Care Products"},"image":{"@id":"https:\/\/aticanails.pl\/en\/#\/schema\/logo\/image\/"},"sameAs":["https:\/\/www.instagram.com\/atica.nails_pl\/"]}]}},"_links":{"self":[{"href":"https:\/\/aticanails.pl\/en\/wp-json\/wp\/v2\/product\/2848","targetHints":{"allow":["GET"]}}],"collection":[{"href":"https:\/\/aticanails.pl\/en\/wp-json\/wp\/v2\/product"}],"about":[{"href":"https:\/\/aticanails.pl\/en\/wp-json\/wp\/v2\/types\/product"}],"replies":[{"embeddable":true,"href":"https:\/\/aticanails.pl\/en\/wp-json\/wp\/v2\/comments?post=2848"}],"version-history":[{"count":1,"href":"https:\/\/aticanails.pl\/en\/wp-json\/wp\/v2\/product\/2848\/revisions"}],"predecessor-version":[{"id":2912,"href":"https:\/\/aticanails.pl\/en\/wp-json\/wp\/v2\/product\/2848\/revisions\/2912"}],"wp:featuredmedia":[{"embeddable":true,"href":"https:\/\/aticanails.pl\/en\/wp-json\/wp\/v2\/media\/9958"}],"wp:attachment":[{"href":"https:\/\/aticanails.pl\/en\/wp-json\/wp\/v2\/media?parent=2848"}],"wp:term":[{"taxonomy":"product_brand","embeddable":true,"href":"https:\/\/aticanails.pl\/en\/wp-json\/wp\/v2\/product_brand?post=2848"},{"taxonomy":"product_cat","embeddable":true,"href":"https:\/\/aticanails.pl\/en\/wp-json\/wp\/v2\/product_cat?post=2848"},{"taxonomy":"product_tag","embeddable":true,"href":"https:\/\/aticanails.pl\/en\/wp-json\/wp\/v2\/product_tag?post=2848"}],"curies":[{"name":"wp","href":"https:\/\/api.w.org\/{rel}","templated":true}]}}